{"id":258,"date":"2013-02-02T18:31:40","date_gmt":"2013-02-02T17:31:40","guid":{"rendered":"http:\/\/www.naardiagnosenerkraeft.dk\/?page_id=258"},"modified":"2019-02-13T17:58:25","modified_gmt":"2019-02-13T16:58:25","slug":"forfatter","status":"publish","type":"page","link":"https:\/\/www.naardiagnosenerkraeft.dk\/?page_id=258","title":{"rendered":"Forfatter"},"content":{"rendered":"\n<div class=\"wp-block-image\"><figure class=\"alignright\"><img loading=\"lazy\" decoding=\"async\" width=\"160\" height=\"168\" src=\"https:\/\/www.naardiagnosenerkraeft.dk\/wp-content\/uploads\/2017\/02\/Inge_2_160.jpg\" alt=\"Inge Kellermann\" class=\"wp-image-679\"\/><\/figure><\/div>\n\n\n<p><strong>Inge Kellermann<\/strong> er uddannet zoneterapeut, phytoterapeut og voksenunderviser. Inge stammer fra Vendsyssel, men har i&nbsp;flere \u00e5r haft selvst\u00e6ndig virksomhed i K\u00f8benhavn. I en \u00e5rr\u00e6kke har hun desuden v\u00e6ret repr\u00e6sentant for paraplyorganisationen Sundhedsr\u00e5det&nbsp;i Sundhedsstyrelsens R\u00e5d vedr\u00f8rende Alternativ Behandling (SRAB) og i bestyrelsen for det nu nedlagte Videns- og Forskningscenter for Alternativ Behandling (Vifab). Udover at skrive b\u00f8ger om kr\u00e6ft holder Inge foredrag og underviser behandlere og kr\u00e6ftpatienter om emnet.<\/p>\n<p><a href=\"https:\/\/www.facebook.com\/NarDiagnosenErKraeft\">https:\/\/www.facebook.com\/NarDiagnosenErKraeft<\/a><a href=\"http:\/\/www.naardiagnosenerkraeft.dk\/?attachment_id=259\" rel=\"attachment wp-att-259\"><br><\/a><\/p>\n<p><\/p>\n<p><a href=\"http:\/\/www.naardiagnosenerkraeft.dk\/?attachment_id=259\" rel=\"attachment wp-att-259\">&nbsp;<\/a><\/p><div style=\"padding-bottom:20px; padding-top:10px;\" class=\"hupso-share-buttons\"><!-- Hupso Share Buttons - https:\/\/www.hupso.com\/share\/ --><a class=\"hupso_toolbar\" href=\"https:\/\/www.hupso.com\/share\/\"><img decoding=\"async\" src=\"https:\/\/static.hupso.com\/share\/buttons\/lang\/da\/share-small.png\" style=\"border:0px; padding-top: 5px; float:left;\" alt=\"Share Button\"\/><\/a><script type=\"text\/javascript\">var hupso_services_t=new Array(\"Twitter\",\"Facebook\",\"Google Plus\",\"Pinterest\",\"Linkedin\");var hupso_background_t=\"#EAF4FF\";var hupso_border_t=\"#66CCFF\";var hupso_toolbar_size_t=\"small\";var hupso_image_folder_url = \"\";var hupso_url_t=\"\";var hupso_title_t=\"Forfatter\";<\/script><script type=\"text\/javascript\" src=\"https:\/\/static.hupso.com\/share\/js\/share_toolbar.js\"><\/script><!-- Hupso Share Buttons --><\/div>","protected":false},"excerpt":{"rendered":"<p>Inge Kellermann er uddannet zoneterapeut, phytoterapeut og voksenunderviser. Inge stammer fra Vendsyssel, men har i&nbsp;flere \u00e5r haft selvst\u00e6ndig virksomhed i K\u00f8benhavn. I en \u00e5rr\u00e6kke har hun desuden v\u00e6ret repr\u00e6sentant for paraplyorganisationen Sundhedsr\u00e5det&nbsp;i Sundhedsstyrelsens R\u00e5d vedr\u00f8rende Alternativ Behandling (SRAB) og i &hellip; <a href=\"https:\/\/www.naardiagnosenerkraeft.dk\/?page_id=258\">L\u00e6s resten <span class=\"meta-nav\">&rarr;<\/span><\/a><\/p>\n<div style=\"padding-bottom:20px; padding-top:10px;\" class=\"hupso-share-buttons\"><!-- Hupso Share Buttons - https:\/\/www.hupso.com\/share\/ --><a class=\"hupso_toolbar\" href=\"https:\/\/www.hupso.com\/share\/\"><img src=\"https:\/\/static.hupso.com\/share\/buttons\/lang\/da\/share-small.png\" style=\"border:0px; padding-top: 5px; float:left;\" alt=\"Share Button\"\/><\/a><script type=\"text\/javascript\">var hupso_services_t=new Array(\"Twitter\",\"Facebook\",\"Google Plus\",\"Pinterest\",\"Linkedin\");var hupso_background_t=\"#EAF4FF\";var hupso_border_t=\"#66CCFF\";var hupso_toolbar_size_t=\"small\";var hupso_image_folder_url = \"\";var hupso_url_t=\"\";var hupso_title_t=\"Forfatter\";<\/script><script type=\"text\/javascript\" src=\"https:\/\/static.hupso.com\/share\/js\/share_toolbar.js\"><\/script><!-- Hupso Share Buttons --><\/div>","protected":false},"author":2,"featured_media":0,"parent":0,"menu_order":0,"comment_status":"closed","ping_status":"closed","template":"","meta":{"footnotes":""},"class_list":["post-258","page","type-page","status-publish","hentry"],"_links":{"self":[{"href":"https:\/\/www.naardiagnosenerkraeft.dk\/index.php?rest_route=\/wp\/v2\/pages\/258","targetHints":{"allow":["GET"]}}],"collection":[{"href":"https:\/\/www.naardiagnosenerkraeft.dk\/index.php?rest_route=\/wp\/v2\/pages"}],"about":[{"href":"https:\/\/www.naardiagnosenerkraeft.dk\/index.php?rest_route=\/wp\/v2\/types\/page"}],"author":[{"embeddable":true,"href":"https:\/\/www.naardiagnosenerkraeft.dk\/index.php?rest_route=\/wp\/v2\/users\/2"}],"replies":[{"embeddable":true,"href":"https:\/\/www.naardiagnosenerkraeft.dk\/index.php?rest_route=%2Fwp%2Fv2%2Fcomments&post=258"}],"version-history":[{"count":11,"href":"https:\/\/www.naardiagnosenerkraeft.dk\/index.php?rest_route=\/wp\/v2\/pages\/258\/revisions"}],"predecessor-version":[{"id":698,"href":"https:\/\/www.naardiagnosenerkraeft.dk\/index.php?rest_route=\/wp\/v2\/pages\/258\/revisions\/698"}],"wp:attachment":[{"href":"https:\/\/www.naardiagnosenerkraeft.dk\/index.php?rest_route=%2Fwp%2Fv2%2Fmedia&parent=258"}],"curies":[{"name":"wp","href":"https:\/\/api.w.org\/{rel}","templated":true}]}}