{"id":289,"date":"2013-05-09T16:53:37","date_gmt":"2013-05-09T14:53:37","guid":{"rendered":"http:\/\/www.naardiagnosenerkraeft.dk\/?page_id=289"},"modified":"2013-08-19T23:02:01","modified_gmt":"2013-08-19T21:02:01","slug":"gurkemeje-reducerer-hjernetumorer","status":"publish","type":"page","link":"https:\/\/www.naardiagnosenerkraeft.dk\/?page_id=289","title":{"rendered":"Gurkemeje reducerer hjernetumorer"},"content":{"rendered":"<p><a href=\"http:\/\/www.naardiagnosenerkraeft.dk\/wp-content\/uploads\/2013\/05\/Gurkemeje.jpg\"><img loading=\"lazy\" decoding=\"async\" class=\"alignright size-full wp-image-387\" alt=\"Gurkemeje\" src=\"http:\/\/www.naardiagnosenerkraeft.dk\/wp-content\/uploads\/2013\/05\/Gurkemeje.jpg\" width=\"150\" height=\"180\" \/><\/a>Curcumin &#8211; som er et aktivt indholdsstof i gurkemeje og det, som giver karry den gule farve \u2013 er sandsynligvis det, der har \u00e6ren for mange af de fantastiske sundhedsm\u00e6ssige egenskaber, der via forskning de senere \u00e5r er blevet dokumenteret. Listen er lang, og der kommer hele tiden ny viden frem, som virker meget lovende \u2013 ikke mindst i forbindelse med kr\u00e6ft.<\/p>\n<p>Forskning publiceret i juli-nummeret 2012 af Journal of Nutritional Biochemistry viste s\u00e5ledes, at curcumin havde reduceret st\u00f8rrelsen p\u00e5 hjernetumorer med 81% i 9 ud af 11 studier uden nogen tegn p\u00e5 bivirkninger.<\/p>\n<p><a href=\"http:\/\/www.prnewswire.com\/news-releases\/tumeric-and-curcumin-offer-powerful-anti-cancer-health-benefits-naturally-138584004.html\">http:\/\/www.prnewswire.com\/news-releases\/tumeric-and-curcumin-offer-powerful-anti-cancer-health-benefits-naturally-138584004.html<\/a><\/p>\n<p>&nbsp;<\/p>\n<div style=\"padding-bottom:20px; padding-top:10px;\" class=\"hupso-share-buttons\"><!-- Hupso Share Buttons - https:\/\/www.hupso.com\/share\/ --><a class=\"hupso_toolbar\" href=\"https:\/\/www.hupso.com\/share\/\"><img decoding=\"async\" src=\"https:\/\/static.hupso.com\/share\/buttons\/lang\/da\/share-small.png\" style=\"border:0px; padding-top: 5px; float:left;\" alt=\"Share Button\"\/><\/a><script type=\"text\/javascript\">var hupso_services_t=new Array(\"Twitter\",\"Facebook\",\"Google Plus\",\"Pinterest\",\"Linkedin\");var hupso_background_t=\"#EAF4FF\";var hupso_border_t=\"#66CCFF\";var hupso_toolbar_size_t=\"small\";var hupso_image_folder_url = \"\";var hupso_url_t=\"\";var hupso_title_t=\"Gurkemeje%20reducerer%20hjernetumorer\";<\/script><script type=\"text\/javascript\" src=\"https:\/\/static.hupso.com\/share\/js\/share_toolbar.js\"><\/script><!-- Hupso Share Buttons --><\/div>","protected":false},"excerpt":{"rendered":"<p>Curcumin &#8211; som er et aktivt indholdsstof i gurkemeje og det, som giver karry den gule farve \u2013 er sandsynligvis det, der har \u00e6ren for mange af de fantastiske sundhedsm\u00e6ssige egenskaber, der via forskning de senere \u00e5r er blevet dokumenteret. &hellip; <a href=\"https:\/\/www.naardiagnosenerkraeft.dk\/?page_id=289\">L\u00e6s resten <span class=\"meta-nav\">&rarr;<\/span><\/a><\/p>\n<div style=\"padding-bottom:20px; padding-top:10px;\" class=\"hupso-share-buttons\"><!-- Hupso Share Buttons - https:\/\/www.hupso.com\/share\/ --><a class=\"hupso_toolbar\" href=\"https:\/\/www.hupso.com\/share\/\"><img src=\"https:\/\/static.hupso.com\/share\/buttons\/lang\/da\/share-small.png\" style=\"border:0px; padding-top: 5px; float:left;\" alt=\"Share Button\"\/><\/a><script type=\"text\/javascript\">var hupso_services_t=new Array(\"Twitter\",\"Facebook\",\"Google Plus\",\"Pinterest\",\"Linkedin\");var hupso_background_t=\"#EAF4FF\";var hupso_border_t=\"#66CCFF\";var hupso_toolbar_size_t=\"small\";var hupso_image_folder_url = \"\";var hupso_url_t=\"\";var hupso_title_t=\"Gurkemeje%20reducerer%20hjernetumorer\";<\/script><script type=\"text\/javascript\" src=\"https:\/\/static.hupso.com\/share\/js\/share_toolbar.js\"><\/script><!-- Hupso Share Buttons --><\/div>","protected":false},"author":2,"featured_media":0,"parent":0,"menu_order":0,"comment_status":"closed","ping_status":"closed","template":"","meta":{"footnotes":""},"class_list":["post-289","page","type-page","status-publish","hentry"],"_links":{"self":[{"href":"https:\/\/www.naardiagnosenerkraeft.dk\/index.php?rest_route=\/wp\/v2\/pages\/289","targetHints":{"allow":["GET"]}}],"collection":[{"href":"https:\/\/www.naardiagnosenerkraeft.dk\/index.php?rest_route=\/wp\/v2\/pages"}],"about":[{"href":"https:\/\/www.naardiagnosenerkraeft.dk\/index.php?rest_route=\/wp\/v2\/types\/page"}],"author":[{"embeddable":true,"href":"https:\/\/www.naardiagnosenerkraeft.dk\/index.php?rest_route=\/wp\/v2\/users\/2"}],"replies":[{"embeddable":true,"href":"https:\/\/www.naardiagnosenerkraeft.dk\/index.php?rest_route=%2Fwp%2Fv2%2Fcomments&post=289"}],"version-history":[{"count":1,"href":"https:\/\/www.naardiagnosenerkraeft.dk\/index.php?rest_route=\/wp\/v2\/pages\/289\/revisions"}],"predecessor-version":[{"id":388,"href":"https:\/\/www.naardiagnosenerkraeft.dk\/index.php?rest_route=\/wp\/v2\/pages\/289\/revisions\/388"}],"wp:attachment":[{"href":"https:\/\/www.naardiagnosenerkraeft.dk\/index.php?rest_route=%2Fwp%2Fv2%2Fmedia&parent=289"}],"curies":[{"name":"wp","href":"https:\/\/api.w.org\/{rel}","templated":true}]}}