{"id":291,"date":"2013-05-09T23:03:50","date_gmt":"2013-05-09T21:03:50","guid":{"rendered":"http:\/\/www.naardiagnosenerkraeft.dk\/?page_id=291"},"modified":"2013-08-28T22:27:11","modified_gmt":"2013-08-28T20:27:11","slug":"brug-masser-af-gurkemeje-i-maden","status":"publish","type":"page","link":"https:\/\/www.naardiagnosenerkraeft.dk\/?page_id=291","title":{"rendered":"Brug masser af gurkemeje i maden"},"content":{"rendered":"<p><a href=\"http:\/\/www.naardiagnosenerkraeft.dk\/wp-content\/uploads\/2013\/05\/Gurkemeje5.jpg\"><img loading=\"lazy\" decoding=\"async\" class=\"alignright size-full wp-image-414\" alt=\"Gurkemeje5\" src=\"http:\/\/www.naardiagnosenerkraeft.dk\/wp-content\/uploads\/2013\/05\/Gurkemeje5.jpg\" width=\"251\" height=\"343\" srcset=\"https:\/\/www.naardiagnosenerkraeft.dk\/wp-content\/uploads\/2013\/05\/Gurkemeje5.jpg 251w, https:\/\/www.naardiagnosenerkraeft.dk\/wp-content\/uploads\/2013\/05\/Gurkemeje5-219x300.jpg 219w, https:\/\/www.naardiagnosenerkraeft.dk\/wp-content\/uploads\/2013\/05\/Gurkemeje5-220x300.jpg 220w\" sizes=\"auto, (max-width: 251px) 100vw, 251px\" \/><\/a>Den amerikanske kr\u00e6ftl\u00e6ge Saraswati Sukumar fra Johns Hopkins er begejstret for gurkemejes kr\u00e6fth\u00e6mmende effekt. \u201dDer er utroligt mange sundhedsfremmende fordele ved at bruge gurkemeje\u201d, udtaler hun. Det g\u00e6lder lige fra inflammation i leddene, som vi ser det i leddegigt til nedsat risiko for kr\u00e6ft og behandling af diabetes. Vi har n\u00e6sten 300 publikationer (som citerer gurkemeje) for urtens kr\u00e6fth\u00e6mmende effekt, fort\u00e6ller hun.<\/p>\n<p>Det g\u00e6lder b\u00e5de forskning, som viser, hvordan curcumin (det mest aktive stof i gurkemeje) udover at h\u00e6mme inflammation ogs\u00e5 er i stand til at finde kr\u00e6ftcellerne i kroppen og \u00e6ndre reguleringen af DNA med henblik p\u00e5 at dr\u00e6be dem.<\/p>\n<p>Dr. Sukumar mener, at den bedste effekt opn\u00e5s, hvis man bruger gurkemeje i maden, fordi gurkemeje i pilleform ikke optages s\u00e5 godt. N\u00e5r man varmer olie og tilf\u00f8jer gurkemeje, optages det bedre i kroppen.<a title=\"\" href=\"#_ftn1\">[1]<\/a><\/p>\n<p>Gurkemeje indeholder 3-5 gram curcumin pr. 100 gram gurkemeje og m\u00e5 siges at v\u00e6re en s\u00e6rdeles billig naturmedicin.<a title=\"\" href=\"#_ftn2\">[2]<\/a>\u00a0Effekten bliver endnu bedre, hvis gurkemeje kombineres med sort peber.<\/p>\n<div><br clear=\"all\" \/><\/p>\n<hr align=\"left\" size=\"1\" width=\"33%\" \/>\n<div>\n<p><a title=\"\" href=\"#_ftnref1\">[1]<\/a> <a href=\"http:\/\/naturalsociety.com\/cancer-doctor-explains-how-cooking-turmeric-health-benefits\/\">http:\/\/naturalsociety.com\/cancer-doctor-explains-how-cooking-turmeric-health-benefits\/<\/a><\/p>\n<\/div>\n<div>\n<p><a title=\"\" href=\"#_ftnref2\">[2]<\/a> <a href=\"http:\/\/www.prnewswire.com\/news-releases\/tumeric-and-curcumin-offer-powerful-anti-cancer-health-benefits-naturally-138584004.html\">http:\/\/www.prnewswire.com\/news-releases\/tumeric-and-curcumin-offer-powerful-anti-cancer-health-benefits-naturally-138584004.html<\/a><\/p>\n<p>&nbsp;<\/p>\n<\/div>\n<\/div>\n<div style=\"padding-bottom:20px; padding-top:10px;\" class=\"hupso-share-buttons\"><!-- Hupso Share Buttons - https:\/\/www.hupso.com\/share\/ --><a class=\"hupso_toolbar\" href=\"https:\/\/www.hupso.com\/share\/\"><img decoding=\"async\" src=\"https:\/\/static.hupso.com\/share\/buttons\/lang\/da\/share-small.png\" style=\"border:0px; padding-top: 5px; float:left;\" alt=\"Share Button\"\/><\/a><script type=\"text\/javascript\">var hupso_services_t=new Array(\"Twitter\",\"Facebook\",\"Google Plus\",\"Pinterest\",\"Linkedin\");var hupso_background_t=\"#EAF4FF\";var hupso_border_t=\"#66CCFF\";var hupso_toolbar_size_t=\"small\";var hupso_image_folder_url = \"\";var hupso_url_t=\"\";var hupso_title_t=\"Brug%20masser%20af%20gurkemeje%20i%20maden\";<\/script><script type=\"text\/javascript\" src=\"https:\/\/static.hupso.com\/share\/js\/share_toolbar.js\"><\/script><!-- Hupso Share Buttons --><\/div>","protected":false},"excerpt":{"rendered":"<p>Den amerikanske kr\u00e6ftl\u00e6ge Saraswati Sukumar fra Johns Hopkins er begejstret for gurkemejes kr\u00e6fth\u00e6mmende effekt. \u201dDer er utroligt mange sundhedsfremmende fordele ved at bruge gurkemeje\u201d, udtaler hun. Det g\u00e6lder lige fra inflammation i leddene, som vi ser det i leddegigt til &hellip; <a href=\"https:\/\/www.naardiagnosenerkraeft.dk\/?page_id=291\">L\u00e6s resten <span class=\"meta-nav\">&rarr;<\/span><\/a><\/p>\n<div style=\"padding-bottom:20px; padding-top:10px;\" class=\"hupso-share-buttons\"><!-- Hupso Share Buttons - https:\/\/www.hupso.com\/share\/ --><a class=\"hupso_toolbar\" href=\"https:\/\/www.hupso.com\/share\/\"><img src=\"https:\/\/static.hupso.com\/share\/buttons\/lang\/da\/share-small.png\" style=\"border:0px; padding-top: 5px; float:left;\" alt=\"Share Button\"\/><\/a><script type=\"text\/javascript\">var hupso_services_t=new Array(\"Twitter\",\"Facebook\",\"Google Plus\",\"Pinterest\",\"Linkedin\");var hupso_background_t=\"#EAF4FF\";var hupso_border_t=\"#66CCFF\";var hupso_toolbar_size_t=\"small\";var hupso_image_folder_url = \"\";var hupso_url_t=\"\";var hupso_title_t=\"Brug%20masser%20af%20gurkemeje%20i%20maden\";<\/script><script type=\"text\/javascript\" src=\"https:\/\/static.hupso.com\/share\/js\/share_toolbar.js\"><\/script><!-- Hupso Share Buttons --><\/div>","protected":false},"author":2,"featured_media":0,"parent":0,"menu_order":0,"comment_status":"closed","ping_status":"closed","template":"","meta":{"footnotes":""},"class_list":["post-291","page","type-page","status-publish","hentry"],"_links":{"self":[{"href":"https:\/\/www.naardiagnosenerkraeft.dk\/index.php?rest_route=\/wp\/v2\/pages\/291","targetHints":{"allow":["GET"]}}],"collection":[{"href":"https:\/\/www.naardiagnosenerkraeft.dk\/index.php?rest_route=\/wp\/v2\/pages"}],"about":[{"href":"https:\/\/www.naardiagnosenerkraeft.dk\/index.php?rest_route=\/wp\/v2\/types\/page"}],"author":[{"embeddable":true,"href":"https:\/\/www.naardiagnosenerkraeft.dk\/index.php?rest_route=\/wp\/v2\/users\/2"}],"replies":[{"embeddable":true,"href":"https:\/\/www.naardiagnosenerkraeft.dk\/index.php?rest_route=%2Fwp%2Fv2%2Fcomments&post=291"}],"version-history":[{"count":3,"href":"https:\/\/www.naardiagnosenerkraeft.dk\/index.php?rest_route=\/wp\/v2\/pages\/291\/revisions"}],"predecessor-version":[{"id":415,"href":"https:\/\/www.naardiagnosenerkraeft.dk\/index.php?rest_route=\/wp\/v2\/pages\/291\/revisions\/415"}],"wp:attachment":[{"href":"https:\/\/www.naardiagnosenerkraeft.dk\/index.php?rest_route=%2Fwp%2Fv2%2Fmedia&parent=291"}],"curies":[{"name":"wp","href":"https:\/\/api.w.org\/{rel}","templated":true}]}}