{"id":302,"date":"2013-05-20T23:14:26","date_gmt":"2013-05-20T21:14:26","guid":{"rendered":"http:\/\/www.naardiagnosenerkraeft.dk\/?page_id=302"},"modified":"2013-08-29T09:56:37","modified_gmt":"2013-08-29T07:56:37","slug":"mango-er-en-frugt-der-er-vaerd-at-kende","status":"publish","type":"page","link":"https:\/\/www.naardiagnosenerkraeft.dk\/?page_id=302","title":{"rendered":"Mango er en frugt, der er v\u00e6rd at kende"},"content":{"rendered":"<p>Mangofrugten har v\u00e6ret brugt i \u00e5rhundreder b\u00e5de som mad og medicin. Indenfor Unani medicin, som er den traditionelle medicin i den gr\u00e6sk-arabiske verden helt tilbage til l\u00e6gekunstens fader Hippokrates, bruges den til at fjerne toxiner, behandle blodmangel og helbrede nervesystemet.<a href=\"http:\/\/www.naardiagnosenerkraeft.dk\/wp-content\/uploads\/2013\/05\/mango.jpg\"><img loading=\"lazy\" decoding=\"async\" class=\"alignright size-full wp-image-420\" alt=\"mango\" src=\"http:\/\/www.naardiagnosenerkraeft.dk\/wp-content\/uploads\/2013\/05\/mango.jpg\" width=\"250\" height=\"164\" \/><\/a><\/p>\n<p><b>Mange gavnlige indholdsstoffer<br \/>\n<\/b>Den ayurvediske medicin bruger de t\u00f8rrede mangoblomster til at behandle diarr\u00e9, dysenteri og urinvejsinfektioner. Mangoblade, fr\u00f8, r\u00f8dder, bark og hele frugten indeholder sunde nutrienter, is\u00e6r fenolsyre (garvesyre), flavonoider som katekiner og mangiferin, som er et glukosid. Mangofrugten indeholder ogs\u00e5 A,- C,- D-vitamin og betakaroten.<\/p>\n<p>Mango har en h\u00f8j ORAC score p\u00e5 grund af de mange naturlige antioxidanter, der findes i frugten. ORAC st\u00e5r for Oxygen Radical Absorbance Capacity og er en metode til at fastl\u00e6gge antioxidant-niveauet i frugt og gr\u00f8nt samt i krydderier.<\/p>\n<p>Forskere har indtil nu identificeret mere end 4.000 forskellige antioxidante polyfenoler i planteverdenen og mange af disse findes i mango. Den st\u00f8rste fordel ved polyfenoler er, at de jager skadelige frie radikaler og derved beskytter cellerne mod skader, som vi ved fremmer kr\u00e6ft.<\/p>\n<p><b>Akne, blodsukker, hjertekarsygdomme og kr\u00e6ft<br \/>\n<\/b>Forskning har vist, at mango kan forebygge akne ved at rense hudens porer, neds\u00e6tte blodsukker og fedtniveauerne. Noget af det tyder desuden p\u00e5, at indholdsstoffet mangiferin ogs\u00e5 kan forebygge kr\u00e6ftv\u00e6kst i nogle kr\u00e6ftformer.<\/p>\n<p>P\u00e5 et m\u00f8de fornylig i <i>Federation of American Societies for Experimental Biology<\/i> (FASEB) blev der f.eks. fremlagt et dyrestudie, der afsl\u00f8rede, at man ved at spise mango hver dag kan neds\u00e6tte blodsukkerniveauet p\u00e5 trods af frugtens naturlige sukker indhold. Blodsukker og insulin spiller en v\u00e6sentlig rolle i forhold til kr\u00e6ftudvikling.<\/p>\n<p>Overv\u00e6gtige dyr fik hver 10 gram fryset\u00f8rret mango hver dag i 12 uger. Ved slutningen af perioden viste det sig, at blodsukkerniveauerne var nedsat signifikant sammenlignet med de dyr, der ikke havde f\u00e5et frugten.<\/p>\n<p>Et lignende studie blev udf\u00f8rt i Australien p\u00e5 <i>University of Queensland <\/i>\u00a0i 2006, som viste, at mango kunne hj\u00e6lpe med at d\u00e6mpe inflammation og neds\u00e6tte kolesterol og blokere for flere af de faktorer, der er involveret i det metabolske syndrom. Faktisk viste det sig, at mango virkede bedre en kolesterolmedicin i forhold til at afbalancere og optimere cellefunktionerne i hele kroppen.<\/p>\n<p>I et andet studie fra 2011 viste ogs\u00e5 forskere fra <i>Oklahoma State University<\/i>,at mango kunne neds\u00e6tte insulinresistens og forbedre glukose tolerancen i et dyrefors\u00f8g. Det samme studie viste ogs\u00e5, at mango kunne normalisere lipid niveauerne i blodet, hvilket kan v\u00e6re med til at forebygge udviklingen af hjertekarsygdomme.<\/p>\n<p>Dr. Susanne Talcott mener, at mango ud fra et fysiologisk og ern\u00e6ringsm\u00e6ssigt synspunkt kan anses for at v\u00e6re en fantastisk superfood. Hun opdagede i 2010 sammen med sin mand, at stoffer i mango kunne bek\u00e6mpe b\u00e5de tyktarms-og brystkr\u00e6ftceller.<\/p>\n<p>\u201dDet, vi fandt var, at alle celler ikke er lige f\u00f8lsomme overfor et kr\u00e6fth\u00e6mmende stof, men brystkr\u00e6ftceller og tyktarmskr\u00e6ft celler begik selvmord i den proces, der kaldes apoptose. Det vi ogs\u00e5 fandt, da vi testede normale tyktarmsceller sammen med tyktarmskr\u00e6ft cellerne var, at \u00a0polyfenolerne i mangoen ikke havde skadet de normale celler.\u201d<\/p>\n<p>Det vil sige, at mangoens aktive indholdsstoffer effektivt kunne ramme og eliminere skadelige kr\u00e6ftceller, men de normale celler fik lov at leve videre. Det er et f\u00e6nomen, der er helt unikt for naturen og findes ikke i den farmaceutiske medicin. Kemoterapi og str\u00e5lebehandling, som er de \u00a0mest anvendte konventionelle behandlinger af kr\u00e6ft \u00f8del\u00e6gger sunde celler samtidig med kr\u00e6ftcellerne. Det er en af grundene til, at behandlingen har s\u00e5 ringe resultater i forhold til langsigtet overlevelse.<\/p>\n<p>&nbsp;<\/p>\n<p>Referencer:<br \/>\nJonathan Benson: <b>Mango, the new diabetes and cancer buster. <\/b><a href=\"http:\/\/www.naturalnews.com\/040415_mangoes_diabetes_prevention_healthy_foods.html\">http:\/\/www.naturalnews.com\/040415_mangoes_diabetes_prevention_healthy_foods.html<\/a><\/p>\n<p>Talya Dagan: <b>Mango&#8217;s health benefits include heart health, anemia prevention, detoxing and healthy skin. <\/b><a href=\"http:\/\/www.naturalnews.com\/039465_mango_health_benefits_heart.html\">http:\/\/www.naturalnews.com\/039465_mango_health_benefits_heart.html<\/a><\/p>\n<p>S. L. Baker: <b>New study: mango prevents and halts growth of colon and breast cancer cells. <\/b><a href=\"http:\/\/www.naturalnews.com\/027992_mango_breast_cancer.html\">http:\/\/www.naturalnews.com\/027992_mango_breast_cancer.html<\/a><\/p>\n<p><b>L\u00e6s flere artikler p\u00e5 <a href=\"http:\/\/www.n\u00e5rdiagnosenerkr\u00e6ft.dk\">www.n\u00e5rdiagnosenerkr\u00e6ft.dk<\/a> \u00a0<\/b><\/p>\n<p>&nbsp;<\/p>\n<div style=\"padding-bottom:20px; padding-top:10px;\" class=\"hupso-share-buttons\"><!-- Hupso Share Buttons - https:\/\/www.hupso.com\/share\/ --><a class=\"hupso_toolbar\" href=\"https:\/\/www.hupso.com\/share\/\"><img decoding=\"async\" src=\"https:\/\/static.hupso.com\/share\/buttons\/lang\/da\/share-small.png\" style=\"border:0px; padding-top: 5px; float:left;\" alt=\"Share Button\"\/><\/a><script type=\"text\/javascript\">var hupso_services_t=new Array(\"Twitter\",\"Facebook\",\"Google Plus\",\"Pinterest\",\"Linkedin\");var hupso_background_t=\"#EAF4FF\";var hupso_border_t=\"#66CCFF\";var hupso_toolbar_size_t=\"small\";var hupso_image_folder_url = \"\";var hupso_url_t=\"\";var hupso_title_t=\"Mango%20er%20en%20frugt%2C%20der%20er%20v%C3%A6rd%20at%20kende\";<\/script><script type=\"text\/javascript\" src=\"https:\/\/static.hupso.com\/share\/js\/share_toolbar.js\"><\/script><!-- Hupso Share Buttons --><\/div>","protected":false},"excerpt":{"rendered":"<p>Mangofrugten har v\u00e6ret brugt i \u00e5rhundreder b\u00e5de som mad og medicin. Indenfor Unani medicin, som er den traditionelle medicin i den gr\u00e6sk-arabiske verden helt tilbage til l\u00e6gekunstens fader Hippokrates, bruges den til at fjerne toxiner, behandle blodmangel og helbrede nervesystemet. &hellip; <a href=\"https:\/\/www.naardiagnosenerkraeft.dk\/?page_id=302\">L\u00e6s resten <span class=\"meta-nav\">&rarr;<\/span><\/a><\/p>\n<div style=\"padding-bottom:20px; padding-top:10px;\" class=\"hupso-share-buttons\"><!-- Hupso Share Buttons - https:\/\/www.hupso.com\/share\/ --><a class=\"hupso_toolbar\" href=\"https:\/\/www.hupso.com\/share\/\"><img src=\"https:\/\/static.hupso.com\/share\/buttons\/lang\/da\/share-small.png\" style=\"border:0px; padding-top: 5px; float:left;\" alt=\"Share Button\"\/><\/a><script type=\"text\/javascript\">var hupso_services_t=new Array(\"Twitter\",\"Facebook\",\"Google Plus\",\"Pinterest\",\"Linkedin\");var hupso_background_t=\"#EAF4FF\";var hupso_border_t=\"#66CCFF\";var hupso_toolbar_size_t=\"small\";var hupso_image_folder_url = \"\";var hupso_url_t=\"\";var hupso_title_t=\"Mango%20er%20en%20frugt%2C%20der%20er%20v%C3%A6rd%20at%20kende\";<\/script><script type=\"text\/javascript\" src=\"https:\/\/static.hupso.com\/share\/js\/share_toolbar.js\"><\/script><!-- Hupso Share Buttons --><\/div>","protected":false},"author":2,"featured_media":0,"parent":0,"menu_order":0,"comment_status":"closed","ping_status":"closed","template":"","meta":{"footnotes":""},"class_list":["post-302","page","type-page","status-publish","hentry"],"_links":{"self":[{"href":"https:\/\/www.naardiagnosenerkraeft.dk\/index.php?rest_route=\/wp\/v2\/pages\/302","targetHints":{"allow":["GET"]}}],"collection":[{"href":"https:\/\/www.naardiagnosenerkraeft.dk\/index.php?rest_route=\/wp\/v2\/pages"}],"about":[{"href":"https:\/\/www.naardiagnosenerkraeft.dk\/index.php?rest_route=\/wp\/v2\/types\/page"}],"author":[{"embeddable":true,"href":"https:\/\/www.naardiagnosenerkraeft.dk\/index.php?rest_route=\/wp\/v2\/users\/2"}],"replies":[{"embeddable":true,"href":"https:\/\/www.naardiagnosenerkraeft.dk\/index.php?rest_route=%2Fwp%2Fv2%2Fcomments&post=302"}],"version-history":[{"count":3,"href":"https:\/\/www.naardiagnosenerkraeft.dk\/index.php?rest_route=\/wp\/v2\/pages\/302\/revisions"}],"predecessor-version":[{"id":305,"href":"https:\/\/www.naardiagnosenerkraeft.dk\/index.php?rest_route=\/wp\/v2\/pages\/302\/revisions\/305"}],"wp:attachment":[{"href":"https:\/\/www.naardiagnosenerkraeft.dk\/index.php?rest_route=%2Fwp%2Fv2%2Fmedia&parent=302"}],"curies":[{"name":"wp","href":"https:\/\/api.w.org\/{rel}","templated":true}]}}