{"id":306,"date":"2013-05-25T17:52:29","date_gmt":"2013-05-25T15:52:29","guid":{"rendered":"http:\/\/www.naardiagnosenerkraeft.dk\/?page_id=306"},"modified":"2013-05-25T17:52:29","modified_gmt":"2013-05-25T15:52:29","slug":"musikterapi-for-hurtigere-helbredelse","status":"publish","type":"page","link":"https:\/\/www.naardiagnosenerkraeft.dk\/?page_id=306","title":{"rendered":"Musikterapi for hurtigere helbredelse"},"content":{"rendered":"<p>Ideen om musik som en helende faktor, der kunne p\u00e5virke helbred og adf\u00e6rd er mindst lige s\u00e5 gammel som Aristoteles\u00b4 og Platons skrifter.<\/p>\n<p>En af de psykoterapeutiske hj\u00e6lpemidler, der indg\u00e5r i mange kr\u00e6ftbehandleres behandlingsstrategi er da ogs\u00e5 musikterapi. Der er nogen evidens for, at du kan h\u00f8re og optage lyde under bed\u00f8velsen med gavnlig fysiologisk effekt. Det vil sige, at du ikke bare f\u00f8ler dig bedre tilpas, men dit udbytte bliver m\u00e5ske ogs\u00e5 bedre.<a title=\"\" href=\"#_ftn1\">[1]<\/a><\/p>\n<p>Musik har ogs\u00e5 vist sig at lindre smerter, n\u00e5r det bliver anvendt sammen med bed\u00f8velse eller smertestillende medicin og kan resultere i, at der er behov for mindre m\u00e6ngder af disse medikamenter. Kliniske studier har vist, at musik b\u00e5de kan lette angst f\u00f8r operation og fremme en hurtigere heling.<a title=\"\" href=\"#_ftn2\">[2]<\/a><\/p>\n<p>Et dobbeltblindet studie skulle finde ud af, om musik eller musik i kombination med terapeutisk suggession under bed\u00f8velsen kunne forbedre helbredelsen hos kvinder, der fik fjernet livmoderen operativt.<a title=\"\" href=\"#_ftn3\">[3]<\/a><\/p>\n<p>I studiet blev 90 kvinder, som fik fjernet livmoderen under operationen, udsat for enten musik, musik i kombination med terapeutisk suggesion eller lyde fra operationsstuen.<\/p>\n<p>P\u00e5 operationsdagen havde de patienter, som h\u00f8rte musik i kombination med terapeutisk suggesion, behov for mindre smertestillende medicin sammenlignet med kontrolgruppen.<\/p>\n<p>Patienterne i musikgruppen oplevede mere effektiv smertelindring den f\u00f8rste dag efter operationen og kom sig hurtigere efter operationen.<\/p>\n<p>Ved udskrivelsen fra hospitalet var patienterne fra musik- og musik kombineret med suggesions- gruppen mindre tr\u00e6tte sammenlignet med kontrolgruppen. Der blev ikke noteret nogen forskel i forhold til kvalme, opkast, ford\u00f8jelse, velv\u00e6re eller l\u00e6ngden p\u00e5 hospitalsopholdet mellem grupperne.<\/p>\n<p>L\u00e6s flere artikler p\u00e5 <a href=\"http:\/\/www.n\u00e5rdiagnosenerkr\u00e6ft.dk\">www.n\u00e5rdiagnosenerkr\u00e6ft.dk<\/a><\/p>\n<div>\n<hr align=\"left\" size=\"1\" width=\"33%\" \/>\n<div>\n<p><a title=\"\" href=\"#_ftnref1\">[1]<\/a> <a href=\"http:\/\/www.ncbi.nlm.nih.gov\/pubmed\/1299818?ordinalpos=1&amp;itool=EntrezSystem2.PEntrez.Pubmed.Pubmed_ResultsPanel.Pubmed_RVDocSum\">Devine EC.<\/a> Effects of psychoeducational care for adult surgical patients: a meta-analysis of 191 studies. Patient Educ Couns. 1992 Apr;19(2):129-42.<\/p>\n<p><a href=\"http:\/\/www.ncbi.nlm.nih.gov\/pubmed\/14668653?ordinalpos=35&amp;itool=EntrezSystem2.PEntrez.Pubmed.Pubmed_ResultsPanel.Pubmed_RVDocSum\">Astin JA.<\/a> Mind-body therapies for the management of pain. Clin J Pain. 2004 Jan-Feb;20(1):27-32.<\/p>\n<\/div>\n<div>\n<p><a title=\"\" href=\"#_ftnref2\">[2]<\/a> Evans, D.: The effectiveness of music as an intervention for hospital patients: a systematic review. J Adv Nurs 2002; 37(1): 8-18.<\/p>\n<\/div>\n<div>\n<p><a title=\"\" href=\"#_ftnref3\">[3]<\/a> Nilsson, U., Rawal, N., Unestahl, LE., Zetterberg, C., Unisson, M.: Improved recovery after music and therapeutic suggestions during general anaesthesia: a double-blind randomized controlled trial. Acta Anaesthesiol Scand 2001; 45(7): 812-17.<\/p>\n<\/div>\n<\/div>\n<div style=\"padding-bottom:20px; padding-top:10px;\" class=\"hupso-share-buttons\"><!-- Hupso Share Buttons - https:\/\/www.hupso.com\/share\/ --><a class=\"hupso_toolbar\" href=\"https:\/\/www.hupso.com\/share\/\"><img decoding=\"async\" src=\"https:\/\/static.hupso.com\/share\/buttons\/lang\/da\/share-small.png\" style=\"border:0px; padding-top: 5px; float:left;\" alt=\"Share Button\"\/><\/a><script type=\"text\/javascript\">var hupso_services_t=new Array(\"Twitter\",\"Facebook\",\"Google Plus\",\"Pinterest\",\"Linkedin\");var hupso_background_t=\"#EAF4FF\";var hupso_border_t=\"#66CCFF\";var hupso_toolbar_size_t=\"small\";var hupso_image_folder_url = \"\";var hupso_url_t=\"\";var hupso_title_t=\"Musikterapi%20for%20hurtigere%20helbredelse\";<\/script><script type=\"text\/javascript\" src=\"https:\/\/static.hupso.com\/share\/js\/share_toolbar.js\"><\/script><!-- Hupso Share Buttons --><\/div>","protected":false},"excerpt":{"rendered":"<p>Ideen om musik som en helende faktor, der kunne p\u00e5virke helbred og adf\u00e6rd er mindst lige s\u00e5 gammel som Aristoteles\u00b4 og Platons skrifter. En af de psykoterapeutiske hj\u00e6lpemidler, der indg\u00e5r i mange kr\u00e6ftbehandleres behandlingsstrategi er da ogs\u00e5 musikterapi. Der er &hellip; <a href=\"https:\/\/www.naardiagnosenerkraeft.dk\/?page_id=306\">L\u00e6s resten <span class=\"meta-nav\">&rarr;<\/span><\/a><\/p>\n<div style=\"padding-bottom:20px; padding-top:10px;\" class=\"hupso-share-buttons\"><!-- Hupso Share Buttons - https:\/\/www.hupso.com\/share\/ --><a class=\"hupso_toolbar\" href=\"https:\/\/www.hupso.com\/share\/\"><img src=\"https:\/\/static.hupso.com\/share\/buttons\/lang\/da\/share-small.png\" style=\"border:0px; padding-top: 5px; float:left;\" alt=\"Share Button\"\/><\/a><script type=\"text\/javascript\">var hupso_services_t=new Array(\"Twitter\",\"Facebook\",\"Google Plus\",\"Pinterest\",\"Linkedin\");var hupso_background_t=\"#EAF4FF\";var hupso_border_t=\"#66CCFF\";var hupso_toolbar_size_t=\"small\";var hupso_image_folder_url = \"\";var hupso_url_t=\"\";var hupso_title_t=\"Musikterapi%20for%20hurtigere%20helbredelse\";<\/script><script type=\"text\/javascript\" src=\"https:\/\/static.hupso.com\/share\/js\/share_toolbar.js\"><\/script><!-- Hupso Share Buttons --><\/div>","protected":false},"author":2,"featured_media":0,"parent":0,"menu_order":0,"comment_status":"closed","ping_status":"closed","template":"","meta":{"footnotes":""},"class_list":["post-306","page","type-page","status-publish","hentry"],"_links":{"self":[{"href":"https:\/\/www.naardiagnosenerkraeft.dk\/index.php?rest_route=\/wp\/v2\/pages\/306","targetHints":{"allow":["GET"]}}],"collection":[{"href":"https:\/\/www.naardiagnosenerkraeft.dk\/index.php?rest_route=\/wp\/v2\/pages"}],"about":[{"href":"https:\/\/www.naardiagnosenerkraeft.dk\/index.php?rest_route=\/wp\/v2\/types\/page"}],"author":[{"embeddable":true,"href":"https:\/\/www.naardiagnosenerkraeft.dk\/index.php?rest_route=\/wp\/v2\/users\/2"}],"replies":[{"embeddable":true,"href":"https:\/\/www.naardiagnosenerkraeft.dk\/index.php?rest_route=%2Fwp%2Fv2%2Fcomments&post=306"}],"version-history":[{"count":1,"href":"https:\/\/www.naardiagnosenerkraeft.dk\/index.php?rest_route=\/wp\/v2\/pages\/306\/revisions"}],"predecessor-version":[{"id":307,"href":"https:\/\/www.naardiagnosenerkraeft.dk\/index.php?rest_route=\/wp\/v2\/pages\/306\/revisions\/307"}],"wp:attachment":[{"href":"https:\/\/www.naardiagnosenerkraeft.dk\/index.php?rest_route=%2Fwp%2Fv2%2Fmedia&parent=306"}],"curies":[{"name":"wp","href":"https:\/\/api.w.org\/{rel}","templated":true}]}}