{"id":316,"date":"2013-05-25T23:20:48","date_gmt":"2013-05-25T21:20:48","guid":{"rendered":"http:\/\/www.naardiagnosenerkraeft.dk\/?page_id=316"},"modified":"2013-08-28T19:55:30","modified_gmt":"2013-08-28T17:55:30","slug":"antioxidanter-og-konventionelle-kraeftbehandlinger","status":"publish","type":"page","link":"https:\/\/www.naardiagnosenerkraeft.dk\/?page_id=316","title":{"rendered":"Antioxidanter og konventionelle kr\u00e6ftbehandlinger"},"content":{"rendered":"<p>L\u00e6gerne fort\u00e6ller ofte patienterne, at de ikke m\u00e5 tage antioxidanter og andre nutrienter,<a href=\"http:\/\/www.naardiagnosenerkraeft.dk\/wp-content\/uploads\/2013\/05\/C-vitamin-piller.jpg\"><img loading=\"lazy\" decoding=\"async\" class=\"alignright size-full wp-image-410\" alt=\"C-vitamin piller\" src=\"http:\/\/www.naardiagnosenerkraeft.dk\/wp-content\/uploads\/2013\/05\/C-vitamin-piller.jpg\" width=\"150\" height=\"151\" \/><\/a> mens de modtager konventionel kr\u00e6ftbehandling. Denne misforst\u00e5else er fremkommet, fordi to personer fra en anset institution for \u00e5r tilbage fastslog, at h\u00e5ndk\u00f8bs nutrienter griber ind i kr\u00e6ftbehandlingerne. Ogs\u00e5 forfatterne til et nyere randomiseret fors\u00f8g konkluderede, at \u201dtilskud med antioxidanter reducerede graden af behandlingernes bivirkninger, men skader m\u00e5ske str\u00e5lebehandlingens effektivitet.\u201d<\/p>\n<p><b>Hvordan er denne myte opst\u00e5et<br \/>\n<\/b>I en artikel p\u00e5 forsiden af New York Times 26. oktober 1997, blev l\u00e6gen Larry Norton fra Memorial Sloan Kettering Cancer Center i New York citeret for at sige, at \u201dforskning (ved Memorial Sloan Kettering) viste, at store doser C-vitamin kunne mindske de gavnlige virkninger af kemoterapi for brystkr\u00e6ft\u2026 det er ogs\u00e5 kendt, at folinsyre kan oph\u00e6ve Methotrexats effekt, en medicin, der bruges til at behandle kr\u00e6ft.\u201d<\/p>\n<p>Den forskning, der blev refereret til, blev f\u00f8rst publiceret n\u00e6sten 2 \u00e5r senere og viste kun den mekanisme, hvorved kr\u00e6ftceller optager C-vitamin, og at der blev fundet mere C-vitamin i musenes kr\u00e6ftceller sammenlignet med normale museceller. En af forfatterne fastslog imidlertid i en pressemeddelelse den dag, publikationen blev offentliggjort (15. september 1999), at \u201ddet er muligt, at store doser C-vitamin kan gribe ind i kemoterapiens eller str\u00e5lebehandlingens effekt.\u201d<\/p>\n<p>S\u00e5ledes kunne et enkelt interview i New York i 1997, som ikke var baseret p\u00e5 publiceret forskning og en enkelt forskningsartikel, som involverede mus sammen med en pressemeddelelse fra forfatterne i 1999 f\u00f8re til den fejlagtige opfattelse, at C-vitamin forstyrrer kemoterapi og str\u00e5lebehandling hos mennesker.<\/p>\n<p>Denne opfattelse omfattede snart alle antioxidanter efterh\u00e5nden som l\u00e6ger, patienter, medierne, the American Cancer Society (svarer til Kr\u00e6ftens Bek\u00e6mpelse) og masser af websider indtog samme holdning uden at gennemg\u00e5 den videnskabelige evidens.<\/p>\n<p>Men i et review fra 2007 som kr\u00e6ftl\u00e6gen Keith I. Block og hans stab offentliggjorde i Cancer Treatment Reviews af randomiserede, kontrollerede fors\u00f8g, hvor antioxidanter blev givet sammen med kemoterapi, fandt de ingen beviser p\u00e5 en s\u00e5dan antagelse. Der var ingen tilf\u00e6lde, hvor overlevelse eller tumorskrumpning var ringere i antioxidantgruppen. Faktisk klarede antioxidantgruppen sig bedre \u2013 \u00a0og i n\u00e6sten halvdelene af studierne \u2013 signifikant bedre. Vi skal senere se, at der er masser af studier, der bekr\u00e6fter dette.<a href=\"http:\/\/www.naardiagnosenerkraeft.dk\/wp-content\/uploads\/2013\/05\/E-vitamin.jpg\"><img loading=\"lazy\" decoding=\"async\" class=\"alignright size-full wp-image-411\" alt=\"E-vitamin\" src=\"http:\/\/www.naardiagnosenerkraeft.dk\/wp-content\/uploads\/2013\/05\/E-vitamin.jpg\" width=\"150\" height=\"152\" \/><\/a><\/p>\n<p>Hjernekirurgen Blaylock har behandlet kr\u00e6ftpatienter i 30 \u00e5r med kosttilskud og har aldrig set et eneste tilf\u00e6lde af for\u00f8get tumorv\u00e6kst eller negativ interaktion med konventionel behandling. Det samme g\u00e6lder for de andre l\u00e6ger, forskere og terapeuter, hvis viden og erfaringer danner grundlaget for denne bog.<\/p>\n<p>Der er masser af beviser p\u00e5, at antioxidanter rent faktisk kan for\u00f8ge bek\u00e6mpelsen af kr\u00e6ftceller. Der er grund til at gennemg\u00e5 denne forskning grundigt, da der er s\u00e5 mange myter om antioxidanter i forbindelse med konventionel kr\u00e6ftbehandling,<\/p>\n<p><b>Overbevisende forskning<br \/>\n<\/b>I 2007 publiceredes en artikel med en omfattende gennemgang af Medlines og Cancerlits databaser for perioden 1965 til november 2003. Forfatterne var tre l\u00e6ger og en forskningssygeplejerske ved Simone Protective Cancer Institute i USA.<\/p>\n<p>Ogs\u00e5 de \u00f8nskede at unders\u00f8ge, om der var bel\u00e6g for kr\u00e6ftl\u00e6gernes advarsel mod at bruge antioxidanter og andre nutrienter i forbindelse med kemoterapi og str\u00e5lebehandling. Advarslerne vakte undren, ikke mindst fordi kr\u00e6ftl\u00e6gerne selv j\u00e6vnligt bruger to receptpligtige antioxidanter \u2013 Amifostine og Dexratoxane \u2013 under behandlingerne.<a href=\"http:\/\/www.naardiagnosenerkraeft.dk\/wp-content\/uploads\/2013\/05\/acai-b\u00e6r.jpg\"><img loading=\"lazy\" decoding=\"async\" class=\"alignright size-full wp-image-409\" alt=\"acai b\u00e6r\" src=\"http:\/\/www.naardiagnosenerkraeft.dk\/wp-content\/uploads\/2013\/05\/acai-b\u00e6r.jpg\" width=\"100\" height=\"100\" \/><\/a><\/p>\n<p>Med artiklen pr\u00e6senterer de videnskabelige data, der viser, at antioxidanter ikke griber negativt ind i kemoterapi og\/eller str\u00e5lebehandling. Ydermere er det ikke folinsyre, der griber ind i Methotrexats funktion, men snarere folininsyre, som er et receptpligtigt l\u00e6gemiddel, som hverken er en antioxidant eller et vitamin, forklarer forfatterne.<\/p>\n<p>Ved gennemgangen fandt de 280 peer-reviewed artikler inkl. 62 in vitro (eksperimenter uden en levende organisme \u2013 typisk i reagensglas) og 218 in vivo unders\u00f8gelser (med levende organismer eller kliniske fors\u00f8g). Peer-reviewed artikler er artikler, der er vurderet og bed\u00f8mt af andre forskere. Alle studierne var gennemf\u00f8rt med samtidig brug af nutrienter og kemoterapi og\/eller str\u00e5lebehandling.<\/p>\n<p>50 humane, kliniske, randomiserede fors\u00f8g eller observationsunders\u00f8gelser var blevet udf\u00f8rt. De omfattede 8.521 kr\u00e6ftpatienter, hvoraf 5.081 anvendte betakaroten, A-vitamin, C-vitamin, E-vitamin og selen, cystein, B-vitaminer, D3-vitaminer, K3-vitamin og glutathion enten som enkeltpr\u00e6parat eller i kombinationer.<\/p>\n<p>Konklusionen var entydigt, at disse antioxidanter og andre nutrienter ikke greb negativt ind i kr\u00e6ftbehandlingerne. Faktisk tyder 47 af disse 50 studier p\u00e5, at nutrienter neds\u00e6tter bivirkningerne af behandlingerne og beskytter normalt v\u00e6v. 3 studier viste ingen forskel. Ydermere rapporterede mange af studierne om, at nutrienter medf\u00f8rer st\u00f8rre responsgrad og h\u00f8jere overlevelsesgrad, n\u00e5r de gives samtidig med kemo og\/eller str\u00e5lebehandling.<\/p>\n<p>I 15 humane studier fik 3.738 patienter, som tog antioxidanter og andre nutrienter, for\u00f8get deres overlevelse.<\/p>\n<p><b>Celle- og dyrestudier<br \/>\n<\/b>51 celle- og 81 dyrefors\u00f8g, som anvendte nutrienterne A-vitamin, B6, B12, C,- D,- og E-vitamin, betakaroten, andre retinoider, selen eller cystein som enkelt-pr\u00e6parat eller i kombination samtidig med kemoterapi og str\u00e5ler eller en kombination af disse \u2013 viste den samme effekt \u2013 ingen indgriben, for\u00f8get beskyttelse af normale v\u00e6v, for\u00f8get kr\u00e6ftcelled\u00f8d og \u2013 i nogle af studierne \u2013 for\u00f8get overlevelse af dyrene.<\/p>\n<p><b>Observations studier versus randomiserede kliniske studier<br \/>\n<\/b>Observationsstudier er unders\u00f8gelser, der indsamler og bearbejder originaldata fra patienter. Sammmenlignet med randomiserede studier (lodtr\u00e6kningsfors\u00f8g) er observationsstudier billigere, kan hurtigere gennemf\u00f8res og kan omfatte en st\u00f8rre gruppe patienter.<\/p>\n<p>Simone et al. mener, at observationsstudier giver overbevisende information og stort set samme resultat som randomiserede studier \u2013 et fund, der adskiller sig fra tidligere konklusioner. Ydermere \u201doverdriver observationsstudier ikke effekternes betydning sammenlignet med de randomiserede fors\u00f8g med samme emne, p\u00e5peger forfatterne.\u201d<\/p>\n<p><b>Her er nogle eksempler<br \/>\n<\/b>I et observationsstudie blev 58 b\u00f8rn med forskellige kr\u00e6ftformer behandlet med kemoterapi for deres sygdom og en blanding af nutrienter, som kaldes Total Parenteral Nutrition (TPN), som indeholder antioxidanter, nutrienter, fedtsyrer, protein, glukose og elektrolytter. Der blev opn\u00e5et en 38% responsgrad for disse patienter, som ellers ikke ville have kunnet f\u00e5 kemoterapi af frygt for komplikationer p\u00e5 grund af under-eller fejlern\u00e6ring. Sammenlignet med historiske kontrolpersoner havde disse fors\u00f8gspersoner f\u00e6rre bivirkninger og en h\u00f8jere responsgrad.<\/p>\n<p>I et observationsstudie blev 41 b\u00f8rn med forskellige kr\u00e6ftformer ( bl.a. Wilm\u00b4s tumor, leverkr\u00e6ft, leuk\u00e6mi, lymfomer, knoglekr\u00e6ft) behandlet med kemoterapi og str\u00e5ler i forhold til deres sygdom og TPN. 21% af b\u00f8rnene var i stand til at forts\u00e6tte deres kemobehandling p\u00e5 fuld dosis uden afbrydelse samtidig med, at de fik TPN. Sammenlignet med historiske kontrolpersoner, havde ogs\u00e5 patienterne i dette studie f\u00e6rre bivirkninger og en h\u00f8jere responsgrad.<\/p>\n<p>I et observationsstudie blev 20 patienter med forskellige former for metastatisk kr\u00e6ft (lymfomer, leuk\u00e6mi, Hodgkins, myelomatose, sarkomer, lunge, &#8211; bugspytkirtel,- nyre,- tyktarm,- moderm\u00e6rke- og brystkr\u00e6ft) behandlet med kemoterapi i forhold til deres sygdom. Under og efter kemoterapien fik de 4 doser dagligt af A-vitamin (100.000 IU); E-vitamin (800 IU); C-vitamin (2 gram). Den fuldst\u00e6ndige og delvise responsgrad (mere end 50% reduktion af tumormassen) var 75% &#8211; signifikant h\u00f8jere end det forventede 40%. Bivirkningerne blev ogs\u00e5 mindsket med dette vitaminprogram.<\/p>\n<p>I et observationsstudie blev 10 patienter med forskellige kr\u00e6ftformer (lymfomer, bryst, lunge, spiser\u00f8r, hoved-hals, tyktarm og choriokarcinom) behandlet med kemoterapi, som passede til deres sygdom. Efter kemoterapien fik de v\u00e6sentlige bivirkninger (kvalme, opkastninger og undertrykkelse af hvide og r\u00f8de blodlegemer og blodplader) og fik tilf\u00f8rt nutrienter inkl. selen, A-vitamin og C- og E-vitamin til deres behandlingsprogram. Neutrofil- og blodpladetallet steg signifikant, da de fik disse nutrienter og medf\u00f8rte s\u00e5ledes f\u00e6rre bivirkninger.<\/p>\n<p>I et randomiseret studie fik 24 patienter med forskellige former for kr\u00e6ft kemoterapi (14 patienter) eller str\u00e5leterapi (10 patienter). Deltagerne blev randomiserede til at f\u00e5 placebo eller antioxidanter (N-acetylcystein (NAC) og C- og E-vitamin). M\u00e5lt p\u00e5 hjerterytme viste antioxidanterne sig at beskytte hjertet mod skaderne fra kemoterapi og str\u00e5ler.<\/p>\n<p>Uddrag af bogen: <strong>N\u00e5r diagnosen er kr\u00e6ft. En selvhj\u00e6lpsbog for kr\u00e6ftpatienter og deres p\u00e5r\u00f8rende.<\/strong> Forlaget Hovedland 2013.<\/p>\n<p>Den omfattende dokumentation findes p\u00e5 <b>\u00a0<\/b><a href=\"http:\/\/www.drsimone.com\/SimoneVitWithChemo.pdf\">http:\/\/www.drsimone.com\/SimoneVitWithChemo.pdf<\/a>\u00a0 og\u00a0i selve bogen.<\/p>\n<div style=\"padding-bottom:20px; padding-top:10px;\" class=\"hupso-share-buttons\"><!-- Hupso Share Buttons - https:\/\/www.hupso.com\/share\/ --><a class=\"hupso_toolbar\" href=\"https:\/\/www.hupso.com\/share\/\"><img decoding=\"async\" src=\"https:\/\/static.hupso.com\/share\/buttons\/lang\/da\/share-small.png\" style=\"border:0px; padding-top: 5px; float:left;\" alt=\"Share Button\"\/><\/a><script type=\"text\/javascript\">var hupso_services_t=new Array(\"Twitter\",\"Facebook\",\"Google Plus\",\"Pinterest\",\"Linkedin\");var hupso_background_t=\"#EAF4FF\";var hupso_border_t=\"#66CCFF\";var hupso_toolbar_size_t=\"small\";var hupso_image_folder_url = \"\";var hupso_url_t=\"\";var hupso_title_t=\"Antioxidanter%20og%20konventionelle%20kr%C3%A6ftbehandlinger\";<\/script><script type=\"text\/javascript\" src=\"https:\/\/static.hupso.com\/share\/js\/share_toolbar.js\"><\/script><!-- Hupso Share Buttons --><\/div>","protected":false},"excerpt":{"rendered":"<p>L\u00e6gerne fort\u00e6ller ofte patienterne, at de ikke m\u00e5 tage antioxidanter og andre nutrienter, mens de modtager konventionel kr\u00e6ftbehandling. Denne misforst\u00e5else er fremkommet, fordi to personer fra en anset institution for \u00e5r tilbage fastslog, at h\u00e5ndk\u00f8bs nutrienter griber ind i kr\u00e6ftbehandlingerne. &hellip; <a href=\"https:\/\/www.naardiagnosenerkraeft.dk\/?page_id=316\">L\u00e6s resten <span class=\"meta-nav\">&rarr;<\/span><\/a><\/p>\n<div style=\"padding-bottom:20px; padding-top:10px;\" class=\"hupso-share-buttons\"><!-- Hupso Share Buttons - https:\/\/www.hupso.com\/share\/ --><a class=\"hupso_toolbar\" href=\"https:\/\/www.hupso.com\/share\/\"><img src=\"https:\/\/static.hupso.com\/share\/buttons\/lang\/da\/share-small.png\" style=\"border:0px; padding-top: 5px; float:left;\" alt=\"Share Button\"\/><\/a><script type=\"text\/javascript\">var hupso_services_t=new Array(\"Twitter\",\"Facebook\",\"Google Plus\",\"Pinterest\",\"Linkedin\");var hupso_background_t=\"#EAF4FF\";var hupso_border_t=\"#66CCFF\";var hupso_toolbar_size_t=\"small\";var hupso_image_folder_url = \"\";var hupso_url_t=\"\";var hupso_title_t=\"Antioxidanter%20og%20konventionelle%20kr%C3%A6ftbehandlinger\";<\/script><script type=\"text\/javascript\" src=\"https:\/\/static.hupso.com\/share\/js\/share_toolbar.js\"><\/script><!-- Hupso Share Buttons --><\/div>","protected":false},"author":2,"featured_media":0,"parent":0,"menu_order":0,"comment_status":"closed","ping_status":"closed","template":"","meta":{"footnotes":""},"class_list":["post-316","page","type-page","status-publish","hentry"],"_links":{"self":[{"href":"https:\/\/www.naardiagnosenerkraeft.dk\/index.php?rest_route=\/wp\/v2\/pages\/316","targetHints":{"allow":["GET"]}}],"collection":[{"href":"https:\/\/www.naardiagnosenerkraeft.dk\/index.php?rest_route=\/wp\/v2\/pages"}],"about":[{"href":"https:\/\/www.naardiagnosenerkraeft.dk\/index.php?rest_route=\/wp\/v2\/types\/page"}],"author":[{"embeddable":true,"href":"https:\/\/www.naardiagnosenerkraeft.dk\/index.php?rest_route=\/wp\/v2\/users\/2"}],"replies":[{"embeddable":true,"href":"https:\/\/www.naardiagnosenerkraeft.dk\/index.php?rest_route=%2Fwp%2Fv2%2Fcomments&post=316"}],"version-history":[{"count":2,"href":"https:\/\/www.naardiagnosenerkraeft.dk\/index.php?rest_route=\/wp\/v2\/pages\/316\/revisions"}],"predecessor-version":[{"id":412,"href":"https:\/\/www.naardiagnosenerkraeft.dk\/index.php?rest_route=\/wp\/v2\/pages\/316\/revisions\/412"}],"wp:attachment":[{"href":"https:\/\/www.naardiagnosenerkraeft.dk\/index.php?rest_route=%2Fwp%2Fv2%2Fmedia&parent=316"}],"curies":[{"name":"wp","href":"https:\/\/api.w.org\/{rel}","templated":true}]}}