{"id":355,"date":"2013-08-01T18:31:22","date_gmt":"2013-08-01T16:31:22","guid":{"rendered":"http:\/\/www.naardiagnosenerkraeft.dk\/?page_id=355"},"modified":"2013-08-01T18:31:22","modified_gmt":"2013-08-01T16:31:22","slug":"forebyg-demens-nemt-og-billigt","status":"publish","type":"page","link":"https:\/\/www.naardiagnosenerkraeft.dk\/?page_id=355","title":{"rendered":"Forebyg demens \u2013 nemt og billigt"},"content":{"rendered":"<p><a href=\"http:\/\/www.naardiagnosenerkraeft.dk\/wp-content\/uploads\/2013\/08\/Frugt-og-gr\u00f8nt.jpg\"><img loading=\"lazy\" decoding=\"async\" class=\"alignright size-full wp-image-357\" alt=\"Frugt og gr\u00f8nt\" src=\"http:\/\/www.naardiagnosenerkraeft.dk\/wp-content\/uploads\/2013\/08\/Frugt-og-gr\u00f8nt.jpg\" width=\"600\" height=\"399\" srcset=\"https:\/\/www.naardiagnosenerkraeft.dk\/wp-content\/uploads\/2013\/08\/Frugt-og-gr\u00f8nt.jpg 600w, https:\/\/www.naardiagnosenerkraeft.dk\/wp-content\/uploads\/2013\/08\/Frugt-og-gr\u00f8nt-300x200.jpg 300w\" sizes=\"auto, (max-width: 600px) 100vw, 600px\" \/><\/a>\u00a0Et fransk studie unders\u00f8gte for f\u00e5 \u00e5r siden, om antioxidanterne i frugt og gr\u00f8nsager kunne beskytte mod demens.<\/p>\n<p>Forskerne optog 1.600 m\u00e6nd og kvinder p\u00e5 65 \u00e5r eller \u00e6ldre i fors\u00f8get, som ikke viste tegn p\u00e5 demens. Deres indtag af frugt og gr\u00f8nt blev noteret samtidig med, at deres kognitive evner blev m\u00e5lt ved starten og 10 \u00e5r senere.<\/p>\n<p>Efter en 10 \u00e5rs fors\u00f8gs &#8211; periode kunne det konstateres, at de personer, der havde spist mindst frugt og gr\u00f8nt havde n\u00e6sten dobbelt s\u00e5 stor nedgang i deres kognitive evner som den gruppe, der spiste flest frugter og gr\u00f8nsager.<a title=\"\" href=\"#_ftn1\">[1]<\/a><\/p>\n<p>&nbsp;<\/p>\n<div>\n<hr align=\"left\" size=\"1\" width=\"33%\" \/>\n<div>\n<p><a title=\"\" href=\"#_ftnref1\">[1]<\/a> Letenneur L, Proust-Lima C, Le Gouge A, Dartigues JF, Barberger-Gateau P. Flavonoid intake and cognitive decline over a 10-year period. Am J Epidemiol. 2007 Jun15;165(2):1364-71.<\/p>\n<\/div>\n<\/div>\n<div style=\"padding-bottom:20px; padding-top:10px;\" class=\"hupso-share-buttons\"><!-- Hupso Share Buttons - https:\/\/www.hupso.com\/share\/ --><a class=\"hupso_toolbar\" href=\"https:\/\/www.hupso.com\/share\/\"><img decoding=\"async\" src=\"https:\/\/static.hupso.com\/share\/buttons\/lang\/da\/share-small.png\" style=\"border:0px; padding-top: 5px; float:left;\" alt=\"Share Button\"\/><\/a><script type=\"text\/javascript\">var hupso_services_t=new Array(\"Twitter\",\"Facebook\",\"Google Plus\",\"Pinterest\",\"Linkedin\");var hupso_background_t=\"#EAF4FF\";var hupso_border_t=\"#66CCFF\";var hupso_toolbar_size_t=\"small\";var hupso_image_folder_url = \"\";var hupso_url_t=\"\";var hupso_title_t=\"Forebyg%20demens%20%E2%80%93%20nemt%20og%20billigt\";<\/script><script type=\"text\/javascript\" src=\"https:\/\/static.hupso.com\/share\/js\/share_toolbar.js\"><\/script><!-- Hupso Share Buttons --><\/div>","protected":false},"excerpt":{"rendered":"<p>\u00a0Et fransk studie unders\u00f8gte for f\u00e5 \u00e5r siden, om antioxidanterne i frugt og gr\u00f8nsager kunne beskytte mod demens. Forskerne optog 1.600 m\u00e6nd og kvinder p\u00e5 65 \u00e5r eller \u00e6ldre i fors\u00f8get, som ikke viste tegn p\u00e5 demens. Deres indtag af &hellip; <a href=\"https:\/\/www.naardiagnosenerkraeft.dk\/?page_id=355\">L\u00e6s resten <span class=\"meta-nav\">&rarr;<\/span><\/a><\/p>\n<div style=\"padding-bottom:20px; padding-top:10px;\" class=\"hupso-share-buttons\"><!-- Hupso Share Buttons - https:\/\/www.hupso.com\/share\/ --><a class=\"hupso_toolbar\" href=\"https:\/\/www.hupso.com\/share\/\"><img src=\"https:\/\/static.hupso.com\/share\/buttons\/lang\/da\/share-small.png\" style=\"border:0px; padding-top: 5px; float:left;\" alt=\"Share Button\"\/><\/a><script type=\"text\/javascript\">var hupso_services_t=new Array(\"Twitter\",\"Facebook\",\"Google Plus\",\"Pinterest\",\"Linkedin\");var hupso_background_t=\"#EAF4FF\";var hupso_border_t=\"#66CCFF\";var hupso_toolbar_size_t=\"small\";var hupso_image_folder_url = \"\";var hupso_url_t=\"\";var hupso_title_t=\"Forebyg%20demens%20%E2%80%93%20nemt%20og%20billigt\";<\/script><script type=\"text\/javascript\" src=\"https:\/\/static.hupso.com\/share\/js\/share_toolbar.js\"><\/script><!-- Hupso Share Buttons --><\/div>","protected":false},"author":2,"featured_media":0,"parent":0,"menu_order":0,"comment_status":"closed","ping_status":"closed","template":"","meta":{"footnotes":""},"class_list":["post-355","page","type-page","status-publish","hentry"],"_links":{"self":[{"href":"https:\/\/www.naardiagnosenerkraeft.dk\/index.php?rest_route=\/wp\/v2\/pages\/355","targetHints":{"allow":["GET"]}}],"collection":[{"href":"https:\/\/www.naardiagnosenerkraeft.dk\/index.php?rest_route=\/wp\/v2\/pages"}],"about":[{"href":"https:\/\/www.naardiagnosenerkraeft.dk\/index.php?rest_route=\/wp\/v2\/types\/page"}],"author":[{"embeddable":true,"href":"https:\/\/www.naardiagnosenerkraeft.dk\/index.php?rest_route=\/wp\/v2\/users\/2"}],"replies":[{"embeddable":true,"href":"https:\/\/www.naardiagnosenerkraeft.dk\/index.php?rest_route=%2Fwp%2Fv2%2Fcomments&post=355"}],"version-history":[{"count":1,"href":"https:\/\/www.naardiagnosenerkraeft.dk\/index.php?rest_route=\/wp\/v2\/pages\/355\/revisions"}],"predecessor-version":[{"id":358,"href":"https:\/\/www.naardiagnosenerkraeft.dk\/index.php?rest_route=\/wp\/v2\/pages\/355\/revisions\/358"}],"wp:attachment":[{"href":"https:\/\/www.naardiagnosenerkraeft.dk\/index.php?rest_route=%2Fwp%2Fv2%2Fmedia&parent=355"}],"curies":[{"name":"wp","href":"https:\/\/api.w.org\/{rel}","templated":true}]}}