{"id":359,"date":"2013-08-09T09:17:00","date_gmt":"2013-08-09T07:17:00","guid":{"rendered":"http:\/\/www.naardiagnosenerkraeft.dk\/?page_id=359"},"modified":"2013-08-30T10:47:39","modified_gmt":"2013-08-30T08:47:39","slug":"ginseng-forbedrer-overlevelse-og-livskvalitet-for-brystkraeft-patienter","status":"publish","type":"page","link":"https:\/\/www.naardiagnosenerkraeft.dk\/?page_id=359","title":{"rendered":"Ginseng forbedrer overlevelse og livskvalitet for brystkr\u00e6ft patienter"},"content":{"rendered":"<p><a href=\"http:\/\/www.naardiagnosenerkraeft.dk\/wp-content\/uploads\/2013\/08\/ginseng.jpg\"><img loading=\"lazy\" decoding=\"async\" class=\"alignright size-full wp-image-454\" alt=\"ginseng\" src=\"http:\/\/www.naardiagnosenerkraeft.dk\/wp-content\/uploads\/2013\/08\/ginseng.jpg\" width=\"180\" height=\"150\" \/><\/a>Ginseng tages typisk for at for\u00f8ge fysisk udholdenhed og reducere tr\u00e6thed og fysisk stress, men urten har ogs\u00e5 vist sig at kunne v\u00e6re en hj\u00e6lp til bedre overlevelse af en kr\u00e6ftsygdom.<\/p>\n<p>B\u00e5de laboratorie- og dyrefors\u00f8g har tidligere tydet p\u00e5 kr\u00e6fth\u00e6mmende egenskaber hos Ginseng og det bekr\u00e6ftes af et kinesisk studie. I et populationsstudie med 1.455 brystkr\u00e6ftpatienter i Shanghai viste det sig, at kvinder, der brugte Ginseng f\u00f8r de fik en brystkr\u00e6ft diagnose levede l\u00e6ngere, mens de, der startede med at tage den efter diagnosen oplevede en bedre livskvalitet.<\/p>\n<p>I l\u00f8bet af en opf\u00f8lgningsperiode p\u00e5 gennemsnitligt 4,8 \u00e5r, fandt forskerne, at for de kvinder, der havde taget Ginseng regelm\u00e6ssigt f\u00f8r diagnosen var overlevelsen 88,6% mod 80% for de, der ikke havde taget Ginseng tidligere. Herudover havde Ginseng-brugerne ogs\u00e5 en l\u00e6ngere sygdomsfri overlevelsesperiode p\u00e5 83,8 vs 77,4%.<a title=\"\" href=\"#_ftn1\">[1]<\/a><\/p>\n<hr align=\"left\" size=\"1\" width=\"33%\" \/>\n<p><a title=\"\" href=\"#_ftnref1\">[1]<\/a> Cui Y, Shu XO, Gao YT, Cai H, Tao MH, Zheng W. Association of ginseng use with survival and quality of life among breast cancer patients. Am J Epidemiol. 2006 Apr 1;163(7):645-53.<br \/>\n<a href=\"http:\/\/www.lef.org\">http:\/\/www.lef.org<\/a><\/p>\n<div style=\"padding-bottom:20px; padding-top:10px;\" class=\"hupso-share-buttons\"><!-- Hupso Share Buttons - https:\/\/www.hupso.com\/share\/ --><a class=\"hupso_toolbar\" href=\"https:\/\/www.hupso.com\/share\/\"><img decoding=\"async\" src=\"https:\/\/static.hupso.com\/share\/buttons\/lang\/da\/share-small.png\" style=\"border:0px; padding-top: 5px; float:left;\" alt=\"Share Button\"\/><\/a><script type=\"text\/javascript\">var hupso_services_t=new Array(\"Twitter\",\"Facebook\",\"Google Plus\",\"Pinterest\",\"Linkedin\");var hupso_background_t=\"#EAF4FF\";var hupso_border_t=\"#66CCFF\";var hupso_toolbar_size_t=\"small\";var hupso_image_folder_url = \"\";var hupso_url_t=\"\";var hupso_title_t=\"Ginseng%20forbedrer%20overlevelse%20og%20livskvalitet%20for%20brystkr%C3%A6ft%20patienter\";<\/script><script type=\"text\/javascript\" src=\"https:\/\/static.hupso.com\/share\/js\/share_toolbar.js\"><\/script><!-- Hupso Share Buttons --><\/div>","protected":false},"excerpt":{"rendered":"<p>Ginseng tages typisk for at for\u00f8ge fysisk udholdenhed og reducere tr\u00e6thed og fysisk stress, men urten har ogs\u00e5 vist sig at kunne v\u00e6re en hj\u00e6lp til bedre overlevelse af en kr\u00e6ftsygdom. B\u00e5de laboratorie- og dyrefors\u00f8g har tidligere tydet p\u00e5 kr\u00e6fth\u00e6mmende &hellip; <a href=\"https:\/\/www.naardiagnosenerkraeft.dk\/?page_id=359\">L\u00e6s resten <span class=\"meta-nav\">&rarr;<\/span><\/a><\/p>\n<div style=\"padding-bottom:20px; padding-top:10px;\" class=\"hupso-share-buttons\"><!-- Hupso Share Buttons - https:\/\/www.hupso.com\/share\/ --><a class=\"hupso_toolbar\" href=\"https:\/\/www.hupso.com\/share\/\"><img src=\"https:\/\/static.hupso.com\/share\/buttons\/lang\/da\/share-small.png\" style=\"border:0px; padding-top: 5px; float:left;\" alt=\"Share Button\"\/><\/a><script type=\"text\/javascript\">var hupso_services_t=new Array(\"Twitter\",\"Facebook\",\"Google Plus\",\"Pinterest\",\"Linkedin\");var hupso_background_t=\"#EAF4FF\";var hupso_border_t=\"#66CCFF\";var hupso_toolbar_size_t=\"small\";var hupso_image_folder_url = \"\";var hupso_url_t=\"\";var hupso_title_t=\"Ginseng%20forbedrer%20overlevelse%20og%20livskvalitet%20for%20brystkr%C3%A6ft%20patienter\";<\/script><script type=\"text\/javascript\" src=\"https:\/\/static.hupso.com\/share\/js\/share_toolbar.js\"><\/script><!-- Hupso Share Buttons --><\/div>","protected":false},"author":2,"featured_media":0,"parent":0,"menu_order":0,"comment_status":"closed","ping_status":"closed","template":"","meta":{"footnotes":""},"class_list":["post-359","page","type-page","status-publish","hentry"],"_links":{"self":[{"href":"https:\/\/www.naardiagnosenerkraeft.dk\/index.php?rest_route=\/wp\/v2\/pages\/359","targetHints":{"allow":["GET"]}}],"collection":[{"href":"https:\/\/www.naardiagnosenerkraeft.dk\/index.php?rest_route=\/wp\/v2\/pages"}],"about":[{"href":"https:\/\/www.naardiagnosenerkraeft.dk\/index.php?rest_route=\/wp\/v2\/types\/page"}],"author":[{"embeddable":true,"href":"https:\/\/www.naardiagnosenerkraeft.dk\/index.php?rest_route=\/wp\/v2\/users\/2"}],"replies":[{"embeddable":true,"href":"https:\/\/www.naardiagnosenerkraeft.dk\/index.php?rest_route=%2Fwp%2Fv2%2Fcomments&post=359"}],"version-history":[{"count":6,"href":"https:\/\/www.naardiagnosenerkraeft.dk\/index.php?rest_route=\/wp\/v2\/pages\/359\/revisions"}],"predecessor-version":[{"id":466,"href":"https:\/\/www.naardiagnosenerkraeft.dk\/index.php?rest_route=\/wp\/v2\/pages\/359\/revisions\/466"}],"wp:attachment":[{"href":"https:\/\/www.naardiagnosenerkraeft.dk\/index.php?rest_route=%2Fwp%2Fv2%2Fmedia&parent=359"}],"curies":[{"name":"wp","href":"https:\/\/api.w.org\/{rel}","templated":true}]}}