{"id":392,"date":"2013-08-23T08:20:47","date_gmt":"2013-08-23T06:20:47","guid":{"rendered":"http:\/\/www.naardiagnosenerkraeft.dk\/?page_id=392"},"modified":"2013-08-23T08:30:46","modified_gmt":"2013-08-23T06:30:46","slug":"en-daglig-dosis-af-ginkgo-biloba-til-hjernen","status":"publish","type":"page","link":"https:\/\/www.naardiagnosenerkraeft.dk\/?page_id=392","title":{"rendered":"En daglig dosis af Ginkgo biloba til hjernen"},"content":{"rendered":"<p><a href=\"http:\/\/www.naardiagnosenerkraeft.dk\/wp-content\/uploads\/2013\/08\/ginkgo.jpg\"><img loading=\"lazy\" decoding=\"async\" class=\"alignright size-full wp-image-395\" alt=\"ginkgo\" src=\"http:\/\/www.naardiagnosenerkraeft.dk\/wp-content\/uploads\/2013\/08\/ginkgo.jpg\" width=\"158\" height=\"200\" \/><\/a>Ginkgo biloba ekstrakt bruges verden over til hukommelsesproblemer, men nu viser et studie, at urten m\u00e5ske ogs\u00e5 har en forebyggende effekt i forhold til slagtilf\u00e6lde og eftervirkningerne efter et s\u00e5dan.<\/p>\n<p>Forskere ved Johns Hopkins Medical Center I USA lavede et dyrefors\u00f8g, som viste lovende resultater i form af kraftig reduktion af de skader slagtilf\u00e6ldet medf\u00f8rte p\u00e5 hjernefunktionen.<a title=\"\" href=\"#_ftn1\">[1]<\/a><\/p>\n<p>En gruppe mus fik Ginkgo biloba ekstrakt syv dage f\u00f8r de eksperimentelt fik p\u00e5f\u00f8rt et slagtilf\u00e6lde, mens en anden gruppe var ubehandlet. Den gruppe, der havde f\u00e5et Ginkgo biloba viste sig at have 60% f\u00e6rre skader p\u00e5 hjernefunktionen og det omr\u00e5de i hjernen, som var skadet af slagtilf\u00e6ldet, var 48% mindre end hos den gruppe, der ikke havde f\u00e5et Ginkgo biloba p\u00e5 forh\u00e5nd.<\/p>\n<p>Det har vist sig, at der ikke kun er tale om en forebyggende effekt. Ginkgo biloba har ogs\u00e5 en terapeutisk effekt efter et slagtilf\u00e6lde.<\/p>\n<p>Forskerne viste, at de mus, der fik Ginkgo ekstrakt 5 minutter efter at de havde f\u00e5r et slagtilf\u00e6lde, havde 60% f\u00e6rre hjerneskader dagen efter. De mus, der fik Ginkgo ekstrakt 4,5 timer efter et slagtilf\u00e6lde, havde 30% f\u00e6rre skader end de mus, der ikke fik ekstrakt.<\/p>\n<p>M\u00e5ske var det en id\u00e9 at tilf\u00f8je Ginkgo biloba ekstrakt til husapoteket\u2026. bare for en sikkerheds skyld.<\/p>\n<div><br clear=\"all\" \/><\/p>\n<hr align=\"left\" size=\"1\" width=\"33%\" \/>\n<div>\n<p><a title=\"\" href=\"#_ftnref1\">[1]<\/a> Saleem S, Zhuang H, Biswal S, Christen Y, Dore S. Ginkgo biloba extract neuroprotective action is dependent on heme oxygenase 1 in ischemic reperfusion brain injury. Stroke. 2008 Oct 9. <a href=\"http:\/\/www.lef.org\">www.lef.org<\/a><\/p>\n<\/div>\n<\/div>\n<div style=\"padding-bottom:20px; padding-top:10px;\" class=\"hupso-share-buttons\"><!-- Hupso Share Buttons - https:\/\/www.hupso.com\/share\/ --><a class=\"hupso_toolbar\" href=\"https:\/\/www.hupso.com\/share\/\"><img decoding=\"async\" src=\"https:\/\/static.hupso.com\/share\/buttons\/lang\/da\/share-small.png\" style=\"border:0px; padding-top: 5px; float:left;\" alt=\"Share Button\"\/><\/a><script type=\"text\/javascript\">var hupso_services_t=new Array(\"Twitter\",\"Facebook\",\"Google Plus\",\"Pinterest\",\"Linkedin\");var hupso_background_t=\"#EAF4FF\";var hupso_border_t=\"#66CCFF\";var hupso_toolbar_size_t=\"small\";var hupso_image_folder_url = \"\";var hupso_url_t=\"\";var hupso_title_t=\"En%20daglig%20dosis%20af%20Ginkgo%20biloba%20til%20hjernen\";<\/script><script type=\"text\/javascript\" src=\"https:\/\/static.hupso.com\/share\/js\/share_toolbar.js\"><\/script><!-- Hupso Share Buttons --><\/div>","protected":false},"excerpt":{"rendered":"<p>Ginkgo biloba ekstrakt bruges verden over til hukommelsesproblemer, men nu viser et studie, at urten m\u00e5ske ogs\u00e5 har en forebyggende effekt i forhold til slagtilf\u00e6lde og eftervirkningerne efter et s\u00e5dan. Forskere ved Johns Hopkins Medical Center I USA lavede et &hellip; <a href=\"https:\/\/www.naardiagnosenerkraeft.dk\/?page_id=392\">L\u00e6s resten <span class=\"meta-nav\">&rarr;<\/span><\/a><\/p>\n<div style=\"padding-bottom:20px; padding-top:10px;\" class=\"hupso-share-buttons\"><!-- Hupso Share Buttons - https:\/\/www.hupso.com\/share\/ --><a class=\"hupso_toolbar\" href=\"https:\/\/www.hupso.com\/share\/\"><img src=\"https:\/\/static.hupso.com\/share\/buttons\/lang\/da\/share-small.png\" style=\"border:0px; padding-top: 5px; float:left;\" alt=\"Share Button\"\/><\/a><script type=\"text\/javascript\">var hupso_services_t=new Array(\"Twitter\",\"Facebook\",\"Google Plus\",\"Pinterest\",\"Linkedin\");var hupso_background_t=\"#EAF4FF\";var hupso_border_t=\"#66CCFF\";var hupso_toolbar_size_t=\"small\";var hupso_image_folder_url = \"\";var hupso_url_t=\"\";var hupso_title_t=\"En%20daglig%20dosis%20af%20Ginkgo%20biloba%20til%20hjernen\";<\/script><script type=\"text\/javascript\" src=\"https:\/\/static.hupso.com\/share\/js\/share_toolbar.js\"><\/script><!-- Hupso Share Buttons --><\/div>","protected":false},"author":2,"featured_media":0,"parent":0,"menu_order":0,"comment_status":"closed","ping_status":"closed","template":"","meta":{"footnotes":""},"class_list":["post-392","page","type-page","status-publish","hentry"],"_links":{"self":[{"href":"https:\/\/www.naardiagnosenerkraeft.dk\/index.php?rest_route=\/wp\/v2\/pages\/392","targetHints":{"allow":["GET"]}}],"collection":[{"href":"https:\/\/www.naardiagnosenerkraeft.dk\/index.php?rest_route=\/wp\/v2\/pages"}],"about":[{"href":"https:\/\/www.naardiagnosenerkraeft.dk\/index.php?rest_route=\/wp\/v2\/types\/page"}],"author":[{"embeddable":true,"href":"https:\/\/www.naardiagnosenerkraeft.dk\/index.php?rest_route=\/wp\/v2\/users\/2"}],"replies":[{"embeddable":true,"href":"https:\/\/www.naardiagnosenerkraeft.dk\/index.php?rest_route=%2Fwp%2Fv2%2Fcomments&post=392"}],"version-history":[{"count":2,"href":"https:\/\/www.naardiagnosenerkraeft.dk\/index.php?rest_route=\/wp\/v2\/pages\/392\/revisions"}],"predecessor-version":[{"id":396,"href":"https:\/\/www.naardiagnosenerkraeft.dk\/index.php?rest_route=\/wp\/v2\/pages\/392\/revisions\/396"}],"wp:attachment":[{"href":"https:\/\/www.naardiagnosenerkraeft.dk\/index.php?rest_route=%2Fwp%2Fv2%2Fmedia&parent=392"}],"curies":[{"name":"wp","href":"https:\/\/api.w.org\/{rel}","templated":true}]}}