{"id":474,"date":"2013-09-06T14:38:12","date_gmt":"2013-09-06T12:38:12","guid":{"rendered":"http:\/\/www.naardiagnosenerkraeft.dk\/?page_id=474"},"modified":"2013-09-06T14:38:12","modified_gmt":"2013-09-06T12:38:12","slug":"storre-smertelindring-ved-en-kombination-af-fiskeolie-og-olivenolie","status":"publish","type":"page","link":"https:\/\/www.naardiagnosenerkraeft.dk\/?page_id=474","title":{"rendered":"St\u00f8rre smertelindring ved en kombination af fiskeolie og olivenolie"},"content":{"rendered":"<p>Det er veldokumenteret, at fiskeolie virker smertestillende ved inflammatoriske sygdomme som gigt og leddegigt.<a href=\"http:\/\/www.naardiagnosenerkraeft.dk\/wp-content\/uploads\/2013\/09\/Oliven6.jpg\"><img loading=\"lazy\" decoding=\"async\" class=\"alignright size-full wp-image-475\" alt=\"Oliven6\" src=\"http:\/\/www.naardiagnosenerkraeft.dk\/wp-content\/uploads\/2013\/09\/Oliven6.jpg\" width=\"150\" height=\"180\" \/><\/a><\/p>\n<p>Et klinisk fors\u00f8g fra Brasilien viser nu, at der kan v\u00e6re en fordel ved at kombinere fiskeolien med olivenolie for derved at opn\u00e5 st\u00f8rre effekt.<\/p>\n<p>I fors\u00f8get blev 44 midaldrende patienter (34 kvinder og 9 m\u00e6nd) med gigt og leddegigt randomiseret til en af tre grupper. Udover standardbehandlingen mod smerter, stivhed og inflammation fik den ene gruppe et placebo-pr\u00e6parat.<\/p>\n<p>Patienterne i den anden gruppe fik fiskeolie rig p\u00e5 DHA og EPA, mens den tredje gruppe fik en kombination af fiskeolie og olivenolie.<\/p>\n<p>Patienternes status p\u00e5 sygdommen blev fastsat ved begyndelsen af studiet og efter henholdsvis tre og seks m\u00e5neder. Ved slutningen af fors\u00f8get viste det sig, at den gruppe, der havde f\u00e5et fiskeolie havde f\u00e5et en signifikant lettelse af morgenstivhed, reduktion af ledsmerternes intensitet, styrken i h\u00e6nderne var for\u00f8get og de f\u00f8lte sig mindre tr\u00e6tte.<\/p>\n<p>Det mest imponerende var imidlertid den endnu st\u00f8rre forbedring, som gruppen, der fik b\u00e5de fiskeolie og olivenolie, oplevede.<\/p>\n<p>Mens fiskeolien forbedrede forskellige parametre p\u00e5 inflammation var det kun gruppen, der fik b\u00e5de fiskeolie og olivenolie, der udover forbedring af morgenstivhedens varighed ogs\u00e5 var i stand til at \u00e5bne og lukke vandhaner. De gav desuden udtryk for st\u00f8rre tilfredshed med udf\u00f8relsen af deres daglige aktiviteter.<\/p>\n<p>Referencer:<br \/>\nBerbert AA, Kondo CR, Almendra CL, Matsuo T, Dichi I. Supplementation of fish oil and olive oil in patients with rheumatoid arthritis. Nutrition. 2005 Feb;21<br \/>\n(2):131-6.<br \/>\n<a href=\"http:\/\/www.lef.org\">www.lef.org<\/a><br \/>\n<a href=\"http:\/\/www.ncbi.nlm.nih.gov\/pubmed\/15723739\">http:\/\/www.ncbi.nlm.nih.gov\/pubmed\/15723739<\/a><\/p>\n<p>&nbsp;<\/p>\n<div style=\"padding-bottom:20px; padding-top:10px;\" class=\"hupso-share-buttons\"><!-- Hupso Share Buttons - https:\/\/www.hupso.com\/share\/ --><a class=\"hupso_toolbar\" href=\"https:\/\/www.hupso.com\/share\/\"><img decoding=\"async\" src=\"https:\/\/static.hupso.com\/share\/buttons\/lang\/da\/share-small.png\" style=\"border:0px; padding-top: 5px; float:left;\" alt=\"Share Button\"\/><\/a><script type=\"text\/javascript\">var hupso_services_t=new Array(\"Twitter\",\"Facebook\",\"Google Plus\",\"Pinterest\",\"Linkedin\");var hupso_background_t=\"#EAF4FF\";var hupso_border_t=\"#66CCFF\";var hupso_toolbar_size_t=\"small\";var hupso_image_folder_url = \"\";var hupso_url_t=\"\";var hupso_title_t=\"St%C3%B8rre%20smertelindring%20ved%20en%20kombination%20af%20fiskeolie%20og%20olivenolie\";<\/script><script type=\"text\/javascript\" src=\"https:\/\/static.hupso.com\/share\/js\/share_toolbar.js\"><\/script><!-- Hupso Share Buttons --><\/div>","protected":false},"excerpt":{"rendered":"<p>Det er veldokumenteret, at fiskeolie virker smertestillende ved inflammatoriske sygdomme som gigt og leddegigt. Et klinisk fors\u00f8g fra Brasilien viser nu, at der kan v\u00e6re en fordel ved at kombinere fiskeolien med olivenolie for derved at opn\u00e5 st\u00f8rre effekt. I &hellip; <a href=\"https:\/\/www.naardiagnosenerkraeft.dk\/?page_id=474\">L\u00e6s resten <span class=\"meta-nav\">&rarr;<\/span><\/a><\/p>\n<div style=\"padding-bottom:20px; padding-top:10px;\" class=\"hupso-share-buttons\"><!-- Hupso Share Buttons - https:\/\/www.hupso.com\/share\/ --><a class=\"hupso_toolbar\" href=\"https:\/\/www.hupso.com\/share\/\"><img src=\"https:\/\/static.hupso.com\/share\/buttons\/lang\/da\/share-small.png\" style=\"border:0px; padding-top: 5px; float:left;\" alt=\"Share Button\"\/><\/a><script type=\"text\/javascript\">var hupso_services_t=new Array(\"Twitter\",\"Facebook\",\"Google Plus\",\"Pinterest\",\"Linkedin\");var hupso_background_t=\"#EAF4FF\";var hupso_border_t=\"#66CCFF\";var hupso_toolbar_size_t=\"small\";var hupso_image_folder_url = \"\";var hupso_url_t=\"\";var hupso_title_t=\"St%C3%B8rre%20smertelindring%20ved%20en%20kombination%20af%20fiskeolie%20og%20olivenolie\";<\/script><script type=\"text\/javascript\" src=\"https:\/\/static.hupso.com\/share\/js\/share_toolbar.js\"><\/script><!-- Hupso Share Buttons --><\/div>","protected":false},"author":2,"featured_media":0,"parent":0,"menu_order":0,"comment_status":"closed","ping_status":"closed","template":"","meta":{"footnotes":""},"class_list":["post-474","page","type-page","status-publish","hentry"],"_links":{"self":[{"href":"https:\/\/www.naardiagnosenerkraeft.dk\/index.php?rest_route=\/wp\/v2\/pages\/474","targetHints":{"allow":["GET"]}}],"collection":[{"href":"https:\/\/www.naardiagnosenerkraeft.dk\/index.php?rest_route=\/wp\/v2\/pages"}],"about":[{"href":"https:\/\/www.naardiagnosenerkraeft.dk\/index.php?rest_route=\/wp\/v2\/types\/page"}],"author":[{"embeddable":true,"href":"https:\/\/www.naardiagnosenerkraeft.dk\/index.php?rest_route=\/wp\/v2\/users\/2"}],"replies":[{"embeddable":true,"href":"https:\/\/www.naardiagnosenerkraeft.dk\/index.php?rest_route=%2Fwp%2Fv2%2Fcomments&post=474"}],"version-history":[{"count":1,"href":"https:\/\/www.naardiagnosenerkraeft.dk\/index.php?rest_route=\/wp\/v2\/pages\/474\/revisions"}],"predecessor-version":[{"id":476,"href":"https:\/\/www.naardiagnosenerkraeft.dk\/index.php?rest_route=\/wp\/v2\/pages\/474\/revisions\/476"}],"wp:attachment":[{"href":"https:\/\/www.naardiagnosenerkraeft.dk\/index.php?rest_route=%2Fwp%2Fv2%2Fmedia&parent=474"}],"curies":[{"name":"wp","href":"https:\/\/api.w.org\/{rel}","templated":true}]}}