{"id":477,"date":"2013-09-08T09:27:06","date_gmt":"2013-09-08T07:27:06","guid":{"rendered":"http:\/\/www.naardiagnosenerkraeft.dk\/?page_id=477"},"modified":"2013-09-09T07:32:43","modified_gmt":"2013-09-09T05:32:43","slug":"anmeldelse","status":"publish","type":"page","link":"https:\/\/www.naardiagnosenerkraeft.dk\/?page_id=477","title":{"rendered":"Anmeldelse"},"content":{"rendered":"<p><b><a href=\"http:\/\/netpunkt.dk\/vis.php?target%5b%5d=&amp;origin=kommando&amp;field1=lfo&amp;term1=Kellermann%20Inge\" target=\"_blank\">Kellermann, Inge<\/a> N\u00e5r diagnosen er kr\u00e6ft : en selvhj\u00e6lpsbog for kr\u00e6ftpatienter og deres p\u00e5r\u00f8rende (2013) &#8211; BOG<\/b><\/p>\n<p>Anvendelse\/m\u00e5lgruppe\/niveau For alle, der har f\u00e5et diagnosen kr\u00e6ft og deres p\u00e5r\u00f8rende. Burde ogs\u00e5 l\u00e6ses af sundhedspersonale og behandlere. Her er ikke tale om en lille, let vejledning, men en meget stor og grundig bog<a href=\"http:\/\/www.naardiagnosenerkraeft.dk\/wp-content\/uploads\/2013\/01\/diagnosen_er_kraeft.jpg\"><img loading=\"lazy\" decoding=\"async\" class=\"alignright  wp-image-248\" alt=\"diagnosen_er_kraeft\" src=\"http:\/\/www.naardiagnosenerkraeft.dk\/wp-content\/uploads\/2013\/01\/diagnosen_er_kraeft.jpg\" width=\"300\" height=\"431\" srcset=\"https:\/\/www.naardiagnosenerkraeft.dk\/wp-content\/uploads\/2013\/01\/diagnosen_er_kraeft.jpg 500w, https:\/\/www.naardiagnosenerkraeft.dk\/wp-content\/uploads\/2013\/01\/diagnosen_er_kraeft-208x300.jpg 208w, https:\/\/www.naardiagnosenerkraeft.dk\/wp-content\/uploads\/2013\/01\/diagnosen_er_kraeft-209x300.jpg 209w\" sizes=\"auto, (max-width: 300px) 100vw, 300px\" \/><\/a><\/p>\n<p>Beskrivelse Kr\u00e6ft er ikke blot en knude, man kan fjerne, det er en kronisk sygdom. Her f\u00e5r vi en velunderbygget dokumentation for, at kost og kosttilskud har en afg\u00f8rende betydning for, om kr\u00e6ften sl\u00e5r til igen.<\/p>\n<p>Det vigtigste er at give den d\u00e5rlige udviklingsmuligheder, og det kan man selv medvirke til. Dels ved at styrke immunforsvaret og dels ved at \u00f8ge de konventionelle behandlingsm\u00e5ders effekt. Bogen kommer s\u00e5ledes b\u00e5de ind p\u00e5 alternativ og konventionel behandling, og hvordan de kan spille sammen. Den bygger p\u00e5 en lang r\u00e6kke kilder, bl.a. Keith Blocks mange\u00e5rige erfaringer med behandlingsprogrammer for kr\u00e6ftpatienter.<\/p>\n<p>I et forord anbefaler l\u00e6ge Carsten Vagn Hansen bogen, hvis man som patient vil k\u00e6mpe aktivt for at holde sygdommen i skak og ruste sig til diskussion med behandlerne. Forfatteren er uddannet zone- og urteterapeut<\/p>\n<p>Sammenligning. Der findes ikke tilsvarende velunderbygget v\u00e6rk p\u00e5 dansk om kr\u00e6ft og mulighederne for selv at g\u00f8re noget aktivt.\u00a0<i>Tidselguide<\/i>, der senest er kommet i 2011, har artikler om b\u00e5de alternativ og etableret behandling, men i meget mindre format. Jane Plant har i\u00a0<i>Plantkuren<\/i>, 2010 skrevet om kostens, is\u00e6r m\u00e6lkeprodukters indflydelse p\u00e5 visse kr\u00e6ftformer<\/p>\n<p>Samlet konklusion Et imponerende og meget velunderbygget v\u00e6rk om samspillet mellem alternativ og etableret behandling af kr\u00e6ft<\/p>\n<p><i>Bibliotekernes lekt\u00f8rudtalelse<\/i><\/p>\n<div style=\"padding-bottom:20px; padding-top:10px;\" class=\"hupso-share-buttons\"><!-- Hupso Share Buttons - https:\/\/www.hupso.com\/share\/ --><a class=\"hupso_toolbar\" href=\"https:\/\/www.hupso.com\/share\/\"><img decoding=\"async\" src=\"https:\/\/static.hupso.com\/share\/buttons\/lang\/da\/share-small.png\" style=\"border:0px; padding-top: 5px; float:left;\" alt=\"Share Button\"\/><\/a><script type=\"text\/javascript\">var hupso_services_t=new Array(\"Twitter\",\"Facebook\",\"Google Plus\",\"Pinterest\",\"Linkedin\");var hupso_background_t=\"#EAF4FF\";var hupso_border_t=\"#66CCFF\";var hupso_toolbar_size_t=\"small\";var hupso_image_folder_url = \"\";var hupso_url_t=\"\";var hupso_title_t=\"Anmeldelse%20\";<\/script><script type=\"text\/javascript\" src=\"https:\/\/static.hupso.com\/share\/js\/share_toolbar.js\"><\/script><!-- Hupso Share Buttons --><\/div>","protected":false},"excerpt":{"rendered":"<p>Kellermann, Inge N\u00e5r diagnosen er kr\u00e6ft : en selvhj\u00e6lpsbog for kr\u00e6ftpatienter og deres p\u00e5r\u00f8rende (2013) &#8211; BOG Anvendelse\/m\u00e5lgruppe\/niveau For alle, der har f\u00e5et diagnosen kr\u00e6ft og deres p\u00e5r\u00f8rende. Burde ogs\u00e5 l\u00e6ses af sundhedspersonale og behandlere. Her er ikke tale om &hellip; <a href=\"https:\/\/www.naardiagnosenerkraeft.dk\/?page_id=477\">L\u00e6s resten <span class=\"meta-nav\">&rarr;<\/span><\/a><\/p>\n<div style=\"padding-bottom:20px; padding-top:10px;\" class=\"hupso-share-buttons\"><!-- Hupso Share Buttons - https:\/\/www.hupso.com\/share\/ --><a class=\"hupso_toolbar\" href=\"https:\/\/www.hupso.com\/share\/\"><img src=\"https:\/\/static.hupso.com\/share\/buttons\/lang\/da\/share-small.png\" style=\"border:0px; padding-top: 5px; float:left;\" alt=\"Share Button\"\/><\/a><script type=\"text\/javascript\">var hupso_services_t=new Array(\"Twitter\",\"Facebook\",\"Google Plus\",\"Pinterest\",\"Linkedin\");var hupso_background_t=\"#EAF4FF\";var hupso_border_t=\"#66CCFF\";var hupso_toolbar_size_t=\"small\";var hupso_image_folder_url = \"\";var hupso_url_t=\"\";var hupso_title_t=\"Anmeldelse%20\";<\/script><script type=\"text\/javascript\" src=\"https:\/\/static.hupso.com\/share\/js\/share_toolbar.js\"><\/script><!-- Hupso Share Buttons --><\/div>","protected":false},"author":2,"featured_media":0,"parent":0,"menu_order":0,"comment_status":"closed","ping_status":"closed","template":"","meta":{"footnotes":""},"class_list":["post-477","page","type-page","status-publish","hentry"],"_links":{"self":[{"href":"https:\/\/www.naardiagnosenerkraeft.dk\/index.php?rest_route=\/wp\/v2\/pages\/477","targetHints":{"allow":["GET"]}}],"collection":[{"href":"https:\/\/www.naardiagnosenerkraeft.dk\/index.php?rest_route=\/wp\/v2\/pages"}],"about":[{"href":"https:\/\/www.naardiagnosenerkraeft.dk\/index.php?rest_route=\/wp\/v2\/types\/page"}],"author":[{"embeddable":true,"href":"https:\/\/www.naardiagnosenerkraeft.dk\/index.php?rest_route=\/wp\/v2\/users\/2"}],"replies":[{"embeddable":true,"href":"https:\/\/www.naardiagnosenerkraeft.dk\/index.php?rest_route=%2Fwp%2Fv2%2Fcomments&post=477"}],"version-history":[{"count":2,"href":"https:\/\/www.naardiagnosenerkraeft.dk\/index.php?rest_route=\/wp\/v2\/pages\/477\/revisions"}],"predecessor-version":[{"id":480,"href":"https:\/\/www.naardiagnosenerkraeft.dk\/index.php?rest_route=\/wp\/v2\/pages\/477\/revisions\/480"}],"wp:attachment":[{"href":"https:\/\/www.naardiagnosenerkraeft.dk\/index.php?rest_route=%2Fwp%2Fv2%2Fmedia&parent=477"}],"curies":[{"name":"wp","href":"https:\/\/api.w.org\/{rel}","templated":true}]}}