{"id":494,"date":"2013-11-29T10:44:44","date_gmt":"2013-11-29T09:44:44","guid":{"rendered":"http:\/\/www.naardiagnosenerkraeft.dk\/?page_id=494"},"modified":"2013-11-29T10:44:44","modified_gmt":"2013-11-29T09:44:44","slug":"horfro-kan-haemme-udviklingen-af-brystkraeft","status":"publish","type":"page","link":"https:\/\/www.naardiagnosenerkraeft.dk\/?page_id=494","title":{"rendered":"H\u00f8rfr\u00f8 kan h\u00e6mme udviklingen af brystkr\u00e6ft"},"content":{"rendered":"<p><a href=\"http:\/\/www.naardiagnosenerkraeft.dk\/wp-content\/uploads\/2013\/11\/H\u00f8rfr\u00f82.jpg\"><img loading=\"lazy\" decoding=\"async\" class=\"alignright size-full wp-image-495\" alt=\"H\u00f8rfr\u00f82\" src=\"http:\/\/www.naardiagnosenerkraeft.dk\/wp-content\/uploads\/2013\/11\/H\u00f8rfr\u00f82.jpg\" width=\"180\" height=\"135\" \/><\/a>Forskere ved University of Toronto har i et randomiseret studie fundet, at lignaner fra h\u00f8rfr\u00f8 kan neds\u00e6tte v\u00e6ksten af brystkr\u00e6ft hos kvinder.<\/p>\n<p>32 kvinder, som ventede p\u00e5 operation for brystkr\u00e6ft blev randomiseret til at f\u00e5 en muffin, som indeholdt 25 gram h\u00f8rfr\u00f8 eller en muffin, der ikke indeholdt h\u00f8rfr\u00f8 (kontrolgruppen). Analyser af kr\u00e6ftv\u00e6vet efter operationen afsl\u00f8rede, at mark\u00f8rerne for tumorv\u00e6kst blev reduceret med 30-71% i h\u00f8rfr\u00f8-gruppen, mens kontrolgruppen ikke oplevede nogen reduktion i mark\u00f8rerne for tumorv\u00e6kst.<\/p>\n<p>Forskerne konkluderede, at \u201dh\u00f8rfr\u00f8 har potentiale til at reducere tumorv\u00e6kst hos patienter med brystkr\u00e6ft\u201d.<a title=\"\" href=\"#_ftn1\">[1]<\/a><\/p>\n<div>\n<hr align=\"left\" size=\"1\" width=\"33%\" \/>\n<div>\n<p><a title=\"\" href=\"#_ftnref1\">[1]<\/a> Thompson LU, Chen JM, Li T, Strasser-Weippl K, Goss PE. Dietary flaxseed alters tumor biological markers in postmenopausal breast cancer. <i>Clin Cancer Res.<\/i> 2005 May 15;11(10):3828-35.<\/p>\n<\/div>\n<\/div>\n<div style=\"padding-bottom:20px; padding-top:10px;\" class=\"hupso-share-buttons\"><!-- Hupso Share Buttons - https:\/\/www.hupso.com\/share\/ --><a class=\"hupso_toolbar\" href=\"https:\/\/www.hupso.com\/share\/\"><img decoding=\"async\" src=\"https:\/\/static.hupso.com\/share\/buttons\/lang\/da\/share-small.png\" style=\"border:0px; padding-top: 5px; float:left;\" alt=\"Share Button\"\/><\/a><script type=\"text\/javascript\">var hupso_services_t=new Array(\"Twitter\",\"Facebook\",\"Google Plus\",\"Pinterest\",\"Linkedin\");var hupso_background_t=\"#EAF4FF\";var hupso_border_t=\"#66CCFF\";var hupso_toolbar_size_t=\"small\";var hupso_image_folder_url = \"\";var hupso_url_t=\"\";var hupso_title_t=\"H%C3%B8rfr%C3%B8%20kan%20h%C3%A6mme%20udviklingen%20af%20brystkr%C3%A6ft\";<\/script><script type=\"text\/javascript\" src=\"https:\/\/static.hupso.com\/share\/js\/share_toolbar.js\"><\/script><!-- Hupso Share Buttons --><\/div>","protected":false},"excerpt":{"rendered":"<p>Forskere ved University of Toronto har i et randomiseret studie fundet, at lignaner fra h\u00f8rfr\u00f8 kan neds\u00e6tte v\u00e6ksten af brystkr\u00e6ft hos kvinder. 32 kvinder, som ventede p\u00e5 operation for brystkr\u00e6ft blev randomiseret til at f\u00e5 en muffin, som indeholdt 25 &hellip; <a href=\"https:\/\/www.naardiagnosenerkraeft.dk\/?page_id=494\">L\u00e6s resten <span class=\"meta-nav\">&rarr;<\/span><\/a><\/p>\n<div style=\"padding-bottom:20px; padding-top:10px;\" class=\"hupso-share-buttons\"><!-- Hupso Share Buttons - https:\/\/www.hupso.com\/share\/ --><a class=\"hupso_toolbar\" href=\"https:\/\/www.hupso.com\/share\/\"><img src=\"https:\/\/static.hupso.com\/share\/buttons\/lang\/da\/share-small.png\" style=\"border:0px; padding-top: 5px; float:left;\" alt=\"Share Button\"\/><\/a><script type=\"text\/javascript\">var hupso_services_t=new Array(\"Twitter\",\"Facebook\",\"Google Plus\",\"Pinterest\",\"Linkedin\");var hupso_background_t=\"#EAF4FF\";var hupso_border_t=\"#66CCFF\";var hupso_toolbar_size_t=\"small\";var hupso_image_folder_url = \"\";var hupso_url_t=\"\";var hupso_title_t=\"H%C3%B8rfr%C3%B8%20kan%20h%C3%A6mme%20udviklingen%20af%20brystkr%C3%A6ft\";<\/script><script type=\"text\/javascript\" src=\"https:\/\/static.hupso.com\/share\/js\/share_toolbar.js\"><\/script><!-- Hupso Share Buttons --><\/div>","protected":false},"author":2,"featured_media":0,"parent":0,"menu_order":0,"comment_status":"closed","ping_status":"closed","template":"","meta":{"footnotes":""},"class_list":["post-494","page","type-page","status-publish","hentry"],"_links":{"self":[{"href":"https:\/\/www.naardiagnosenerkraeft.dk\/index.php?rest_route=\/wp\/v2\/pages\/494","targetHints":{"allow":["GET"]}}],"collection":[{"href":"https:\/\/www.naardiagnosenerkraeft.dk\/index.php?rest_route=\/wp\/v2\/pages"}],"about":[{"href":"https:\/\/www.naardiagnosenerkraeft.dk\/index.php?rest_route=\/wp\/v2\/types\/page"}],"author":[{"embeddable":true,"href":"https:\/\/www.naardiagnosenerkraeft.dk\/index.php?rest_route=\/wp\/v2\/users\/2"}],"replies":[{"embeddable":true,"href":"https:\/\/www.naardiagnosenerkraeft.dk\/index.php?rest_route=%2Fwp%2Fv2%2Fcomments&post=494"}],"version-history":[{"count":1,"href":"https:\/\/www.naardiagnosenerkraeft.dk\/index.php?rest_route=\/wp\/v2\/pages\/494\/revisions"}],"predecessor-version":[{"id":496,"href":"https:\/\/www.naardiagnosenerkraeft.dk\/index.php?rest_route=\/wp\/v2\/pages\/494\/revisions\/496"}],"wp:attachment":[{"href":"https:\/\/www.naardiagnosenerkraeft.dk\/index.php?rest_route=%2Fwp%2Fv2%2Fmedia&parent=494"}],"curies":[{"name":"wp","href":"https:\/\/api.w.org\/{rel}","templated":true}]}}