{"id":501,"date":"2013-12-13T09:47:37","date_gmt":"2013-12-13T08:47:37","guid":{"rendered":"http:\/\/www.naardiagnosenerkraeft.dk\/?page_id=501"},"modified":"2013-12-13T09:47:37","modified_gmt":"2013-12-13T08:47:37","slug":"granataeble-juice-stabiliserer-psa-ved-prostatakraeft-2","status":"publish","type":"page","link":"https:\/\/www.naardiagnosenerkraeft.dk\/?page_id=501","title":{"rendered":"Granat\u00e6ble juice stabiliserer PSA ved prostatakr\u00e6ft"},"content":{"rendered":"<p><span style=\"font-family: Times New Roman;\"><strong><a href=\"http:\/\/www.naardiagnosenerkraeft.dk\/wp-content\/uploads\/2013\/12\/granat\u00e6bler.jpg\"><img loading=\"lazy\" decoding=\"async\" class=\"alignright size-full wp-image-502\" alt=\"granat\u00e6bler\" src=\"http:\/\/www.naardiagnosenerkraeft.dk\/wp-content\/uploads\/2013\/12\/granat\u00e6bler.jpg\" width=\"250\" height=\"313\" srcset=\"https:\/\/www.naardiagnosenerkraeft.dk\/wp-content\/uploads\/2013\/12\/granat\u00e6bler.jpg 250w, https:\/\/www.naardiagnosenerkraeft.dk\/wp-content\/uploads\/2013\/12\/granat\u00e6bler-239x300.jpg 239w, https:\/\/www.naardiagnosenerkraeft.dk\/wp-content\/uploads\/2013\/12\/granat\u00e6bler-240x300.jpg 240w\" sizes=\"auto, (max-width: 250px) 100vw, 250px\" \/><\/a>\u00a0<\/strong><span style=\"color: #000000;\">PSA er en mark\u00f8r for prostatakr\u00e6ft, som bliver overv\u00e5get under behandlingen og som ikke burde v\u00e6re forh\u00f8jet efter behandling. En hurtig stigning af den tid, det tager at fordoble PSA tallet indikerer, at kr\u00e6ften er i udvikling og der er en for\u00f8get risiko for at d\u00f8 af sygdommen.<\/span><\/span><\/p>\n<p><span style=\"color: #000000; font-family: Times New Roman;\">I et studie publiceret i <i>Clinical Cancer Research <\/i>af forskere fra Johnsson Cancer Center i Los Angeles deltog 50 m\u00e6nd med prostatakr\u00e6ft i et fors\u00f8g. De var alle behandlet med operation og str\u00e5lebehandling og oplevede efterf\u00f8lgende en fordobling af deres PSA i l\u00f8bet af gennemsnitligt 15 m\u00e5neder.<\/span><\/p>\n<p><span style=\"color: #000000; font-family: Times New Roman;\">Forskerne instruerede nu kr\u00e6ftpatienterne i at drikke et glas granat\u00e6blejuice hver dag og 80% af m\u00e6ndene oplevede en for\u00f8gelse af fordoblingstiden for PSA til gennemsnitligt 54 m\u00e5neder.<\/span><\/p>\n<p><span style=\"color: #000000; font-family: Times New Roman;\">\u201cDet er en stor for\u00f8gelse\u201d fort\u00e6ller den ledende forsker dr. Panchuk. \u201dJeg var overrasket, da jeg s\u00e5 forbedringen af PSA tallene\u2026 Vi h\u00e5ber at kunne neds\u00e6tte behovet for andre behandlinger som hormonterapi eller kemo, som almindeligvis anvendes til disse patienter og som begge giver dem skadelige bivirkninger\u201d.<\/span><\/p>\n<p><span style=\"color: #000000; font-family: Times New Roman;\">Forskerne kender ikke forklaringen p\u00e5, hvad det er i granat\u00e6bler, som har denne effekt, men g\u00e6tter p\u00e5, at det er en kombination af elementer snarere end et enkelt.<\/span><\/p>\n<p><span style=\"color: #000000; font-family: Times New Roman;\">\u00a0<\/span><\/p>\n<p><span style=\"font-family: Times New Roman;\"><span style=\"color: #000000;\">Reference:<br \/>\n<\/span><a href=\"http:\/\/clincancerres.aacrjournals.org\/search?author1=Allan+J.+Pantuck&amp;sortspec=date&amp;submit=Submit\">Allan J. Pantuck<\/a><span style=\"color: #000000;\"> et al.<\/span><b>: <\/b><\/span><span style=\"font-family: Times New Roman;\"><span style=\"color: #000000;\">Phase II Study of Pomegranate Juice for Men with Rising Prostate-Specific Antigen following Surgery or Radiation for Prostate Cancer.<\/span><\/span><span style=\"color: #000000; font-family: Times New Roman;\">Clin Cancer Res July 1, 2006 <i>12; <\/i>4018<br \/>\n<\/span><a href=\"http:\/\/www.lef.org\/\"><span style=\"font-family: Times New Roman;\">www.lef.org<\/span><\/a><\/p>\n<div style=\"padding-bottom:20px; padding-top:10px;\" class=\"hupso-share-buttons\"><!-- Hupso Share Buttons - https:\/\/www.hupso.com\/share\/ --><a class=\"hupso_toolbar\" href=\"https:\/\/www.hupso.com\/share\/\"><img decoding=\"async\" src=\"https:\/\/static.hupso.com\/share\/buttons\/lang\/da\/share-small.png\" style=\"border:0px; padding-top: 5px; float:left;\" alt=\"Share Button\"\/><\/a><script type=\"text\/javascript\">var hupso_services_t=new Array(\"Twitter\",\"Facebook\",\"Google Plus\",\"Pinterest\",\"Linkedin\");var hupso_background_t=\"#EAF4FF\";var hupso_border_t=\"#66CCFF\";var hupso_toolbar_size_t=\"small\";var hupso_image_folder_url = \"\";var hupso_url_t=\"\";var hupso_title_t=\"Granat%C3%A6ble%20juice%20stabiliserer%20PSA%20ved%20prostatakr%C3%A6ft\";<\/script><script type=\"text\/javascript\" src=\"https:\/\/static.hupso.com\/share\/js\/share_toolbar.js\"><\/script><!-- Hupso Share Buttons --><\/div>","protected":false},"excerpt":{"rendered":"<p>\u00a0PSA er en mark\u00f8r for prostatakr\u00e6ft, som bliver overv\u00e5get under behandlingen og som ikke burde v\u00e6re forh\u00f8jet efter behandling. En hurtig stigning af den tid, det tager at fordoble PSA tallet indikerer, at kr\u00e6ften er i udvikling og der er &hellip; <a href=\"https:\/\/www.naardiagnosenerkraeft.dk\/?page_id=501\">L\u00e6s resten <span class=\"meta-nav\">&rarr;<\/span><\/a><\/p>\n<div style=\"padding-bottom:20px; padding-top:10px;\" class=\"hupso-share-buttons\"><!-- Hupso Share Buttons - https:\/\/www.hupso.com\/share\/ --><a class=\"hupso_toolbar\" href=\"https:\/\/www.hupso.com\/share\/\"><img src=\"https:\/\/static.hupso.com\/share\/buttons\/lang\/da\/share-small.png\" style=\"border:0px; padding-top: 5px; float:left;\" alt=\"Share Button\"\/><\/a><script type=\"text\/javascript\">var hupso_services_t=new Array(\"Twitter\",\"Facebook\",\"Google Plus\",\"Pinterest\",\"Linkedin\");var hupso_background_t=\"#EAF4FF\";var hupso_border_t=\"#66CCFF\";var hupso_toolbar_size_t=\"small\";var hupso_image_folder_url = \"\";var hupso_url_t=\"\";var hupso_title_t=\"Granat%C3%A6ble%20juice%20stabiliserer%20PSA%20ved%20prostatakr%C3%A6ft\";<\/script><script type=\"text\/javascript\" src=\"https:\/\/static.hupso.com\/share\/js\/share_toolbar.js\"><\/script><!-- Hupso Share Buttons --><\/div>","protected":false},"author":2,"featured_media":0,"parent":0,"menu_order":0,"comment_status":"closed","ping_status":"closed","template":"","meta":{"footnotes":""},"class_list":["post-501","page","type-page","status-publish","hentry"],"_links":{"self":[{"href":"https:\/\/www.naardiagnosenerkraeft.dk\/index.php?rest_route=\/wp\/v2\/pages\/501","targetHints":{"allow":["GET"]}}],"collection":[{"href":"https:\/\/www.naardiagnosenerkraeft.dk\/index.php?rest_route=\/wp\/v2\/pages"}],"about":[{"href":"https:\/\/www.naardiagnosenerkraeft.dk\/index.php?rest_route=\/wp\/v2\/types\/page"}],"author":[{"embeddable":true,"href":"https:\/\/www.naardiagnosenerkraeft.dk\/index.php?rest_route=\/wp\/v2\/users\/2"}],"replies":[{"embeddable":true,"href":"https:\/\/www.naardiagnosenerkraeft.dk\/index.php?rest_route=%2Fwp%2Fv2%2Fcomments&post=501"}],"version-history":[{"count":2,"href":"https:\/\/www.naardiagnosenerkraeft.dk\/index.php?rest_route=\/wp\/v2\/pages\/501\/revisions"}],"predecessor-version":[{"id":504,"href":"https:\/\/www.naardiagnosenerkraeft.dk\/index.php?rest_route=\/wp\/v2\/pages\/501\/revisions\/504"}],"wp:attachment":[{"href":"https:\/\/www.naardiagnosenerkraeft.dk\/index.php?rest_route=%2Fwp%2Fv2%2Fmedia&parent=501"}],"curies":[{"name":"wp","href":"https:\/\/api.w.org\/{rel}","templated":true}]}}