{"id":505,"date":"2013-12-13T12:12:11","date_gmt":"2013-12-13T11:12:11","guid":{"rendered":"http:\/\/www.naardiagnosenerkraeft.dk\/?page_id=505"},"modified":"2019-01-28T17:25:11","modified_gmt":"2019-01-28T16:25:11","slug":"akupunktur-reducerer-hedeture-og-forbedrer-sexlysten-hos-brystkraeftpatienter","status":"publish","type":"page","link":"https:\/\/www.naardiagnosenerkraeft.dk\/?page_id=505","title":{"rendered":"Akupunktur reducerer hedeture og forbedrer sexlysten hos brystkr\u00e6ftpatienter"},"content":{"rendered":"<p><span style=\"color: #000000;\"><span style=\"font-family: Times New Roman;\"><strong><a href=\"http:\/\/www.naardiagnosenerkraeft.dk\/wp-content\/uploads\/2013\/12\/Akupunktur2.jpg\"><img loading=\"lazy\" decoding=\"async\" class=\"alignright size-full wp-image-507\" style=\"width: 287px;\" src=\"http:\/\/www.naardiagnosenerkraeft.dk\/wp-content\/uploads\/2013\/12\/Akupunktur2.jpg\" alt=\"Akupunktur2\" width=\"450\" height=\"304\" \/><\/a>\u00a0<\/strong>If\u00f8lge et studie fra Henry Ford Hospital er akupunktur ikke alene liges\u00e5 effektiv som medicin til at reducere hedeture hos brystkr\u00e6ftpatienter, men det har yderligere den potentielle effekt at kunne for\u00f8ge kvindens sexlyst og forbedre hendes velv\u00e6re.<\/span><\/span><\/p>\n<p><span style=\"color: #000000; font-family: Times New Roman;\">Studiet viste, at akupunktur sammenlignet med medicinsk behandling, havde en l\u00e6ngerevarende effekt p\u00e5 reduktionen af hedeture og nattesved hos kvinder, der f\u00e5r hormonterapi som behandling for brystkr\u00e6ft. Kvinderne rapporterede ogs\u00e5 om forbedring af energi og st\u00f8rre klarhed i hjernen som f\u00f8lge af akupunkturbehandlingerne.<\/span><\/p>\n<p><span style=\"color: #000000;\"><span style=\"font-family: Times New Roman;\">Studiet, som blev publiceret i <em>Journal of Oncology <\/em>er det f\u00f8rste randomiserede, kontrollerede fors\u00f8g, som sammenlignede akupunktur og medicinsk behandling p\u00e5 denne m\u00e5de.<\/span><\/span><a title=\"\" href=\"#_ftn1\"><span style=\"color: #0000ff;\">[1]<\/span><\/a><\/p>\n<p><span style=\"color: #000000; font-family: Times New Roman;\">Den konventionelle behandling af kvinder med brystkr\u00e6ft omfatter typisk kemoterapi og 5 \u00e5rs behandling med hormonterapi. Med s\u00e5 lang behandlingsperiode kan bivirkningerne af hormonterapien som hedeture og nattesved \u2013 blive en hoved\u00e5rsag til nedsat livskvalitet og endog afbrydelse af behandlingen.<\/span><\/p>\n<p><span style=\"color: #000000; font-family: Times New Roman;\">Venlafaxin (Effexor) er en medicinsk behandling, som gives for at mindske hormonterapiens bivirkninger, men den behandling medf\u00f8rer andre, almindelige og invaliderende bivirkninger som t\u00f8r mund, nedsat appetit, kvalme og forstoppelse.<\/span><\/p>\n<p><span style=\"color: #000000; font-family: Times New Roman;\">Da akupunktur har vist sig at v\u00e6re effektiv til at reducere hedeture hos kvinder i overgangsalderen, besluttede forskerne at afpr\u00f8ve brugen af akupunktur mod hormonterapiens bivirkninger som alternativ til den medicinske behandling. <\/span><\/p>\n<p><span style=\"color: #000000; font-family: Times New Roman;\">50 patienter blev rekrutteret fra Henry Fords kr\u00e6ftklinikker. Patienterne blev randomiserede til at f\u00e5 enten akupunktur eller venlafaxin behandling i 12 uger. Medicin-gruppen fik venlafaxin oralt hver aften i en dosis p\u00e5 37,5 mg den f\u00f8rste uge og derefter 75 mg i de efterf\u00f8lgende 11 uger. Den anden gruppe fik akupunkturbehandling 2 gange om ugen de f\u00f8rste 4 uger og en gang om ugen de sidste 8 uger.<\/span><\/p>\n<p><span style=\"color: #000000; font-family: Times New Roman;\">Efter de 12 uger standsede alle patienter deres behandling og blev fulgt i 1 \u00e5r. Patienterne skrev dagbog for at notere antallet og graden af hedeture og gennemgik unders\u00f8gelser for at m\u00e5le den generelle og mentale sundhed.<\/span><\/p>\n<p><span style=\"color: #000000; font-family: Times New Roman;\">Studiet fandt, at begge grupper oplevede en 50% fald i hedeture og depressive symptomer, hvilket indikerer, at akupunktur er liges\u00e5 effektiv som medicinsk behandling. <\/span><\/p>\n<p><span style=\"color: #000000; font-family: Times New Roman;\">Forskellen mellem de to grupper begyndte imidlertid at vise sig 2 uger efter behandlingen. Akupunktur-gruppen fortsatte med at opleve minimale hedeture, mens medicin-gruppen fik en signifikant stigning i hedeturene. Akupunktur-gruppen oplevede ikke en for\u00f8gelse af frekvensen af hedeture f\u00f8r 3 m\u00e5neder efter behandlingen.<\/span><\/p>\n<hr align=\"left\" size=\"1\" width=\"33%\" \/>\n<div>\n<div>\n<p><a title=\"\" href=\"#_ftnref1\"><span style=\"color: #0000ff;\">[1]<\/span><\/a><span style=\"font-family: Times New Roman;\"><span style=\"color: #000000;\">Walker et al. <\/span>Acupuncture Versus Venlafaxine for the Management of Vasomotor Symptoms in Patients With Hormone Receptor-Positive Breast Cancer: A Randomized Controlled Trial<span style=\"color: #000000;\">. <\/span><span style=\"color: #000000;\"><em>Journal of Clinical Oncology<\/em>, 2009; DOI: <\/span><a href=\"http:\/\/dx.doi.org\/10.1200\/JCO.2009.23.5150\"><span style=\"color: #0000ff;\">10.1200\/JCO.2009.23.5150<\/span><\/a><\/span><br \/>\n<span style=\"color: #000000;\"><span style=\"font-family: Times New Roman;\">Henry Ford Health System (2009, December 30). Acupuncture reduces hot flashes, improves sex drive for breast cancer patients. \u00a0http:\/\/www.sciencedaily.com\u00ad <\/span><\/span><\/p>\n<p><span style=\"color: #000000; font-family: Times New Roman; font-size: small;\">\u00a0<\/span><\/p>\n<\/div>\n<\/div>\n<div style=\"padding-bottom:20px; padding-top:10px;\" class=\"hupso-share-buttons\"><!-- Hupso Share Buttons - https:\/\/www.hupso.com\/share\/ --><a class=\"hupso_toolbar\" href=\"https:\/\/www.hupso.com\/share\/\"><img decoding=\"async\" src=\"https:\/\/static.hupso.com\/share\/buttons\/lang\/da\/share-small.png\" style=\"border:0px; padding-top: 5px; float:left;\" alt=\"Share Button\"\/><\/a><script type=\"text\/javascript\">var hupso_services_t=new Array(\"Twitter\",\"Facebook\",\"Google Plus\",\"Pinterest\",\"Linkedin\");var hupso_background_t=\"#EAF4FF\";var hupso_border_t=\"#66CCFF\";var hupso_toolbar_size_t=\"small\";var hupso_image_folder_url = \"\";var hupso_url_t=\"\";var hupso_title_t=\"Akupunktur%20reducerer%20hedeture%20og%20forbedrer%20sexlysten%20hos%20brystkr%C3%A6ftpatienter\";<\/script><script type=\"text\/javascript\" src=\"https:\/\/static.hupso.com\/share\/js\/share_toolbar.js\"><\/script><!-- Hupso Share Buttons --><\/div>","protected":false},"excerpt":{"rendered":"<p>\u00a0If\u00f8lge et studie fra Henry Ford Hospital er akupunktur ikke alene liges\u00e5 effektiv som medicin til at reducere hedeture hos brystkr\u00e6ftpatienter, men det har yderligere den potentielle effekt at kunne for\u00f8ge kvindens sexlyst og forbedre hendes velv\u00e6re. Studiet viste, at &hellip; <a href=\"https:\/\/www.naardiagnosenerkraeft.dk\/?page_id=505\">L\u00e6s resten <span class=\"meta-nav\">&rarr;<\/span><\/a><\/p>\n<div style=\"padding-bottom:20px; padding-top:10px;\" class=\"hupso-share-buttons\"><!-- Hupso Share Buttons - https:\/\/www.hupso.com\/share\/ --><a class=\"hupso_toolbar\" href=\"https:\/\/www.hupso.com\/share\/\"><img src=\"https:\/\/static.hupso.com\/share\/buttons\/lang\/da\/share-small.png\" style=\"border:0px; padding-top: 5px; float:left;\" alt=\"Share Button\"\/><\/a><script type=\"text\/javascript\">var hupso_services_t=new Array(\"Twitter\",\"Facebook\",\"Google Plus\",\"Pinterest\",\"Linkedin\");var hupso_background_t=\"#EAF4FF\";var hupso_border_t=\"#66CCFF\";var hupso_toolbar_size_t=\"small\";var hupso_image_folder_url = \"\";var hupso_url_t=\"\";var hupso_title_t=\"Akupunktur%20reducerer%20hedeture%20og%20forbedrer%20sexlysten%20hos%20brystkr%C3%A6ftpatienter\";<\/script><script type=\"text\/javascript\" src=\"https:\/\/static.hupso.com\/share\/js\/share_toolbar.js\"><\/script><!-- Hupso Share Buttons --><\/div>","protected":false},"author":2,"featured_media":0,"parent":0,"menu_order":0,"comment_status":"closed","ping_status":"closed","template":"","meta":{"footnotes":""},"class_list":["post-505","page","type-page","status-publish","hentry"],"_links":{"self":[{"href":"https:\/\/www.naardiagnosenerkraeft.dk\/index.php?rest_route=\/wp\/v2\/pages\/505","targetHints":{"allow":["GET"]}}],"collection":[{"href":"https:\/\/www.naardiagnosenerkraeft.dk\/index.php?rest_route=\/wp\/v2\/pages"}],"about":[{"href":"https:\/\/www.naardiagnosenerkraeft.dk\/index.php?rest_route=\/wp\/v2\/types\/page"}],"author":[{"embeddable":true,"href":"https:\/\/www.naardiagnosenerkraeft.dk\/index.php?rest_route=\/wp\/v2\/users\/2"}],"replies":[{"embeddable":true,"href":"https:\/\/www.naardiagnosenerkraeft.dk\/index.php?rest_route=%2Fwp%2Fv2%2Fcomments&post=505"}],"version-history":[{"count":7,"href":"https:\/\/www.naardiagnosenerkraeft.dk\/index.php?rest_route=\/wp\/v2\/pages\/505\/revisions"}],"predecessor-version":[{"id":696,"href":"https:\/\/www.naardiagnosenerkraeft.dk\/index.php?rest_route=\/wp\/v2\/pages\/505\/revisions\/696"}],"wp:attachment":[{"href":"https:\/\/www.naardiagnosenerkraeft.dk\/index.php?rest_route=%2Fwp%2Fv2%2Fmedia&parent=505"}],"curies":[{"name":"wp","href":"https:\/\/api.w.org\/{rel}","templated":true}]}}