{"id":513,"date":"2013-12-20T22:23:02","date_gmt":"2013-12-20T21:23:02","guid":{"rendered":"http:\/\/www.naardiagnosenerkraeft.dk\/?page_id=513"},"modified":"2013-12-20T22:24:52","modified_gmt":"2013-12-20T21:24:52","slug":"prostatakraeft-patienter-kan-forlaenge-livet-med-sundt-fedt","status":"publish","type":"page","link":"https:\/\/www.naardiagnosenerkraeft.dk\/?page_id=513","title":{"rendered":"Prostatakr\u00e6ft patienter kan forl\u00e6nge livet med sundt fedt!"},"content":{"rendered":"<p><span style=\"color: #000000; font-family: Times New Roman;\"><a href=\"http:\/\/www.naardiagnosenerkraeft.dk\/wp-content\/uploads\/2013\/12\/n\u00f8dder9.jpg\"><img loading=\"lazy\" decoding=\"async\" class=\"alignright size-full wp-image-514\" alt=\"n\u00f8dder9\" src=\"http:\/\/www.naardiagnosenerkraeft.dk\/wp-content\/uploads\/2013\/12\/n\u00f8dder9.jpg\" width=\"243\" height=\"207\" \/><\/a>Et nyere studie publiceret i det\u00a0ansete <i>JAMA Internal Medicine<\/i> tyder p\u00e5, at m\u00e6nd med prostatakr\u00e6ft kan forl\u00e6nge levetiden ved at spise en kost med masser af avocado, n\u00f8dder og fr\u00f8. Det er de sunde fedtstoffer i disse f\u00f8devarer, der kan v\u00e6re med til at reducere risikoen for at d\u00f8 som f\u00f8lge af en diagnose p\u00e5 prostatakr\u00e6ft.<\/span><\/p>\n<p><span style=\"color: #000000; font-family: Times New Roman;\">Studiet analyserede 4.577 prostatakr\u00e6ft patienters kost og fandt, at de, som spiste mest vegetabilsk fedt var mindre tilb\u00f8jelige til at udvikle d\u00f8delige tumorer eller d\u00f8 af andre \u00e5rsager end de, som spiste en kost fyldt med kulhydrater og animalsk fedt. <\/span><\/p>\n<p><span style=\"color: #000000; font-family: Times New Roman;\">M\u00e6ndene blev fulgt gennem 25 \u00e5r (fra 1986-2010). I den periode d\u00f8de 1.064 af hjertekarsygdomme. <\/span><\/p>\n<p><span style=\"color: #000000; font-family: Times New Roman;\">De m\u00e6nd, som spiste en portion oliebaseret dressing dagligt reducerede deres risiko for at d\u00f8 af prostatakr\u00e6ft med 29%. De reducerede ogs\u00e5 deres risiko for at d\u00f8 af en hvilken som helst anden \u00e5rsag med 13%.<\/span><\/p>\n<p><span style=\"color: #000000; font-family: Times New Roman;\">\u00a0<\/span><span style=\"color: #000000; font-family: Times New Roman;\">De der spiste n\u00f8dder dagligt reducerede ligeledes deres risiko for at d\u00f8 af prostatakr\u00e6ft med 18% og risikoen for at d\u00f8 af andre \u00e5rsager med 11%<\/span><\/p>\n<p><span style=\"color: #000000; font-family: Times New Roman;\">\u00a0<\/span><span style=\"color: #000000; font-family: Times New Roman;\">Den ledende forsker af studiet Erin Richman fra University of California i San Francisco konkluderede: \u201dBaseret p\u00e5 dette studie kombineret med omfattende litteratur om hjertekarsygdomme, er der bel\u00e6g for at anbefale m\u00e6nd med prostatakr\u00e6ft at spise en hjertevenlig kost med um\u00e6ttede fedtsyrer, som kommer fra n\u00f8dder, sunde olier som bl.a. olivenolie, fr\u00f8 og avocadoer. Jeg mener ikke, at vi har behov for mere forskning for at give denne anbefaling, selvom vi har behov for at forst\u00e5 prostatakr\u00e6ftens biologi bedre\u201d.<\/span><\/p>\n<p><span style=\"color: #000000; font-family: Times New Roman;\">Det menes, at disse vegetabilske fedtsyrer for\u00f8ger antallet af antioxidanter I kroppen og p\u00e5 den m\u00e5de beskytter den mod oxidativt stress og celleskader. Fedtsyrerne kan ogs\u00e5 beskytte mod inflammatoriske sygdomme.<\/span><\/p>\n<p><b><span style=\"color: #000000; font-family: Times New Roman;\">Reference:<br \/>\n<\/span><\/b><span style=\"color: #000000;\"><span style=\"font-family: Times New Roman;\">Erin L. Richman, ScD; Stacey A. Kenfield, ScDet al.: Fat Intake After Diagnosis and Risk of Lethal Prostate Cancer and All-Cause Mortality. <\/span><\/span><span style=\"font-family: Times New Roman;\"><span style=\"color: #000000;\"><i>JAMA Intern Med.<\/i>; <\/span><a href=\"http:\/\/archinte.jamanetwork.com\/issue.aspx?journalid=71&amp;issueid=927331\">July\u00a022,\u00a02013, Vol 173, No. 14<\/a><span style=\"color: #000000;\"><b>\u00a0<\/b>73(14):1318-1326.<br \/>\n<\/span><\/span><a href=\"http:\/\/naturalsociety.com\/\"><span style=\"color: #0000ff; font-family: Times New Roman;\">http:\/\/naturalsociety.com<\/span><\/a><\/p>\n<div style=\"padding-bottom:20px; padding-top:10px;\" class=\"hupso-share-buttons\"><!-- Hupso Share Buttons - https:\/\/www.hupso.com\/share\/ --><a class=\"hupso_toolbar\" href=\"https:\/\/www.hupso.com\/share\/\"><img decoding=\"async\" src=\"https:\/\/static.hupso.com\/share\/buttons\/lang\/da\/share-small.png\" style=\"border:0px; padding-top: 5px; float:left;\" alt=\"Share Button\"\/><\/a><script type=\"text\/javascript\">var hupso_services_t=new Array(\"Twitter\",\"Facebook\",\"Google Plus\",\"Pinterest\",\"Linkedin\");var hupso_background_t=\"#EAF4FF\";var hupso_border_t=\"#66CCFF\";var hupso_toolbar_size_t=\"small\";var hupso_image_folder_url = \"\";var hupso_url_t=\"\";var hupso_title_t=\"Prostatakr%C3%A6ft%20patienter%20kan%20forl%C3%A6nge%20livet%20med%20sundt%20fedt%21\";<\/script><script type=\"text\/javascript\" src=\"https:\/\/static.hupso.com\/share\/js\/share_toolbar.js\"><\/script><!-- Hupso Share Buttons --><\/div>","protected":false},"excerpt":{"rendered":"<p>Et nyere studie publiceret i det\u00a0ansete JAMA Internal Medicine tyder p\u00e5, at m\u00e6nd med prostatakr\u00e6ft kan forl\u00e6nge levetiden ved at spise en kost med masser af avocado, n\u00f8dder og fr\u00f8. Det er de sunde fedtstoffer i disse f\u00f8devarer, der kan &hellip; <a href=\"https:\/\/www.naardiagnosenerkraeft.dk\/?page_id=513\">L\u00e6s resten <span class=\"meta-nav\">&rarr;<\/span><\/a><\/p>\n<div style=\"padding-bottom:20px; padding-top:10px;\" class=\"hupso-share-buttons\"><!-- Hupso Share Buttons - https:\/\/www.hupso.com\/share\/ --><a class=\"hupso_toolbar\" href=\"https:\/\/www.hupso.com\/share\/\"><img src=\"https:\/\/static.hupso.com\/share\/buttons\/lang\/da\/share-small.png\" style=\"border:0px; padding-top: 5px; float:left;\" alt=\"Share Button\"\/><\/a><script type=\"text\/javascript\">var hupso_services_t=new Array(\"Twitter\",\"Facebook\",\"Google Plus\",\"Pinterest\",\"Linkedin\");var hupso_background_t=\"#EAF4FF\";var hupso_border_t=\"#66CCFF\";var hupso_toolbar_size_t=\"small\";var hupso_image_folder_url = \"\";var hupso_url_t=\"\";var hupso_title_t=\"Prostatakr%C3%A6ft%20patienter%20kan%20forl%C3%A6nge%20livet%20med%20sundt%20fedt%21\";<\/script><script type=\"text\/javascript\" src=\"https:\/\/static.hupso.com\/share\/js\/share_toolbar.js\"><\/script><!-- Hupso Share Buttons --><\/div>","protected":false},"author":2,"featured_media":0,"parent":0,"menu_order":0,"comment_status":"closed","ping_status":"closed","template":"","meta":{"footnotes":""},"class_list":["post-513","page","type-page","status-publish","hentry"],"_links":{"self":[{"href":"https:\/\/www.naardiagnosenerkraeft.dk\/index.php?rest_route=\/wp\/v2\/pages\/513","targetHints":{"allow":["GET"]}}],"collection":[{"href":"https:\/\/www.naardiagnosenerkraeft.dk\/index.php?rest_route=\/wp\/v2\/pages"}],"about":[{"href":"https:\/\/www.naardiagnosenerkraeft.dk\/index.php?rest_route=\/wp\/v2\/types\/page"}],"author":[{"embeddable":true,"href":"https:\/\/www.naardiagnosenerkraeft.dk\/index.php?rest_route=\/wp\/v2\/users\/2"}],"replies":[{"embeddable":true,"href":"https:\/\/www.naardiagnosenerkraeft.dk\/index.php?rest_route=%2Fwp%2Fv2%2Fcomments&post=513"}],"version-history":[{"count":2,"href":"https:\/\/www.naardiagnosenerkraeft.dk\/index.php?rest_route=\/wp\/v2\/pages\/513\/revisions"}],"predecessor-version":[{"id":516,"href":"https:\/\/www.naardiagnosenerkraeft.dk\/index.php?rest_route=\/wp\/v2\/pages\/513\/revisions\/516"}],"wp:attachment":[{"href":"https:\/\/www.naardiagnosenerkraeft.dk\/index.php?rest_route=%2Fwp%2Fv2%2Fmedia&parent=513"}],"curies":[{"name":"wp","href":"https:\/\/api.w.org\/{rel}","templated":true}]}}