{"id":517,"date":"2013-12-21T16:55:58","date_gmt":"2013-12-21T15:55:58","guid":{"rendered":"http:\/\/www.naardiagnosenerkraeft.dk\/?page_id=517"},"modified":"2013-12-21T16:57:22","modified_gmt":"2013-12-21T15:57:22","slug":"spis-kirsebaer-for-at-reducere-anfald-af-urinsyregigt-podagra","status":"publish","type":"page","link":"https:\/\/www.naardiagnosenerkraeft.dk\/?page_id=517","title":{"rendered":"Spis kirseb\u00e6r for at reducere anfald af urinsyregigt (podagra)"},"content":{"rendered":"<p><span style=\"color: #000000;\"><span style=\"font-family: Times New Roman;\"><a href=\"http:\/\/www.naardiagnosenerkraeft.dk\/wp-content\/uploads\/2013\/12\/kirseb\u00e6r6.jpg\"><img loading=\"lazy\" decoding=\"async\" class=\"alignright size-full wp-image-518\" alt=\"kirseb\u00e6r6\" src=\"http:\/\/www.naardiagnosenerkraeft.dk\/wp-content\/uploads\/2013\/12\/kirseb\u00e6r6.jpg\" width=\"180\" height=\"150\" \/><\/a>Urinsyregigt er en meget smertefuld led bet\u00e6ndelse, som kommer i anfald. Det er den mest udbredte inflammatoriske gigtsygdom, der findes, og flere og flere f\u00e5r den bl.a. som f\u00f8lge af vores livsstil, stigende levealder og brug af vanddrivende medicin. Sygdommen skyldes krystallisering af urinsyre indeni leddene, hvilket\u00a0medf\u00f8rer h\u00e6velse og smerter. <\/span><\/span><\/p>\n<p>Selvom der findes masser af l\u00e6gemidler til at lindre symptomerne, bliver patienterne ved med at f\u00e5 anfald, og der har derfor v\u00e6ret stor interesse for at finde andre forebyggende hj\u00e6lpemidler som f.eks. kirseb\u00e6r.<\/p>\n<p><span style=\"color: #000000; font-family: Times New Roman;\">Tidligere forskning har vist, at kirseb\u00e6r produkter\u00a0havde en urinsyre-h\u00e6mmende effekt udover anti-inflammatoriske egenskaber og det var derfor oplagt at unders\u00f8ge, om de kunne have en effekt p\u00e5 de smerter, urinsyregigten medf\u00f8rer. <\/span><\/p>\n<p>Et studie har afsl\u00f8ret, at patienter med urinsyregigt, som spiste kirseb\u00e6r i 2 dage reducerede risikoen for anfald med 35% sammenlignet med de patienter, der ikke spiste kirseb\u00e6r.<\/p>\n<p><span style=\"color: #000000; font-family: Times New Roman;\">I dette studie rekrutterede forskerne 663 personer med urinsyregigt, som blev fulgt online i 1 \u00e5r. <\/span><span style=\"color: #000000; font-family: Times New Roman;\">Patienterne blev udspurgt om tidspunktet for starten p\u00e5 deres urinsyregigt, hvilken medicin, de tog og forskellige risikofaktorer s\u00e5vel som deres indtagelse af kirseb\u00e6r og kirseb\u00e6r ekstrakt i 2 dage f\u00f8r et urinsyregigt anfald. En portion kirseb\u00e6r svarede til 10-12 stk.<\/span><\/p>\n<p><span style=\"color: #000000; font-family: Times New Roman;\">Patienterne var gennemsnitligt 54 \u00e5r gamle. 35% spiste friske kirseb\u00e6r, 2% fik kirseb\u00e6r ekstrakt og 5% fik b\u00e5de friske kirseb\u00e6r og kirseb\u00e6r ekstrakt. Der blev dokumenteret 1.247 urinsyregigt anfald i l\u00f8bet af den 1-\u00e5rige opf\u00f8lgningsperiode, hvoraf de 92% ramte storet\u00e5ens led. <\/span><\/p>\n<p><span style=\"color: #000000; font-family: Times New Roman;\">Resultaterne viste, at indtagelse af kirseb\u00e6r eller kirseb\u00e6r ekstrakt reducerede smerterne i forbindelse med anfaldet af urinsyregigt. Jo flere portioner med kirseb\u00e6r \u2013 op til 3 portioner over 2 dage, jo f\u00e6rre og mildere anfald. Studiet viste, at der ikke var yderligere effekt ved at spise flere kirseb\u00e6r. Den beskyttende effekt ved at spise kirseb\u00e6r vedblev uanset patientens BMI, indtagelse af puriner, brug af vanddrivende l\u00e6gemidler, alkohol og medicin mod urinsyregigt.<\/span><\/p>\n<p><a href=\"http:\/\/www.a-health-blog.com\/risk-of-gout-attacks-can-be-reduced-by-eating-cherries.html\"><span style=\"color: #0000ff; font-family: Times New Roman;\">http:\/\/www.a-health-blog.com\/risk-of-gout-attacks-can-be-reduced-by-eating-cherries.html<\/span><\/a><a href=\"http:\/\/onlinelibrary.wiley.com\/doi\/10.1002\/art.34677\/abstract\"><span style=\"color: #0000ff; font-family: Times New Roman;\">http:\/\/onlinelibrary.wiley.com\/doi\/10.1002\/art.34677\/abstract<\/span><\/a><br \/>\n<a href=\"http:\/\/onlinelibrary.wiley.com\/doi\/10.1002\/art.34676\/full\"><span style=\"color: #0000ff; font-family: Times New Roman;\">http:\/\/onlinelibrary.wiley.com\/doi\/10.1002\/art.34676\/full<\/span><\/a><\/p>\n<div style=\"padding-bottom:20px; padding-top:10px;\" class=\"hupso-share-buttons\"><!-- Hupso Share Buttons - https:\/\/www.hupso.com\/share\/ --><a class=\"hupso_toolbar\" href=\"https:\/\/www.hupso.com\/share\/\"><img decoding=\"async\" src=\"https:\/\/static.hupso.com\/share\/buttons\/lang\/da\/share-small.png\" style=\"border:0px; padding-top: 5px; float:left;\" alt=\"Share Button\"\/><\/a><script type=\"text\/javascript\">var hupso_services_t=new Array(\"Twitter\",\"Facebook\",\"Google Plus\",\"Pinterest\",\"Linkedin\");var hupso_background_t=\"#EAF4FF\";var hupso_border_t=\"#66CCFF\";var hupso_toolbar_size_t=\"small\";var hupso_image_folder_url = \"\";var hupso_url_t=\"\";var hupso_title_t=\"Spis%20kirseb%C3%A6r%20for%20at%20reducere%20anfald%20af%20urinsyregigt%20%28podagra%29\";<\/script><script type=\"text\/javascript\" src=\"https:\/\/static.hupso.com\/share\/js\/share_toolbar.js\"><\/script><!-- Hupso Share Buttons --><\/div>","protected":false},"excerpt":{"rendered":"<p>Urinsyregigt er en meget smertefuld led bet\u00e6ndelse, som kommer i anfald. Det er den mest udbredte inflammatoriske gigtsygdom, der findes, og flere og flere f\u00e5r den bl.a. som f\u00f8lge af vores livsstil, stigende levealder og brug af vanddrivende medicin. Sygdommen &hellip; <a href=\"https:\/\/www.naardiagnosenerkraeft.dk\/?page_id=517\">L\u00e6s resten <span class=\"meta-nav\">&rarr;<\/span><\/a><\/p>\n<div style=\"padding-bottom:20px; padding-top:10px;\" class=\"hupso-share-buttons\"><!-- Hupso Share Buttons - https:\/\/www.hupso.com\/share\/ --><a class=\"hupso_toolbar\" href=\"https:\/\/www.hupso.com\/share\/\"><img src=\"https:\/\/static.hupso.com\/share\/buttons\/lang\/da\/share-small.png\" style=\"border:0px; padding-top: 5px; float:left;\" alt=\"Share Button\"\/><\/a><script type=\"text\/javascript\">var hupso_services_t=new Array(\"Twitter\",\"Facebook\",\"Google Plus\",\"Pinterest\",\"Linkedin\");var hupso_background_t=\"#EAF4FF\";var hupso_border_t=\"#66CCFF\";var hupso_toolbar_size_t=\"small\";var hupso_image_folder_url = \"\";var hupso_url_t=\"\";var hupso_title_t=\"Spis%20kirseb%C3%A6r%20for%20at%20reducere%20anfald%20af%20urinsyregigt%20%28podagra%29\";<\/script><script type=\"text\/javascript\" src=\"https:\/\/static.hupso.com\/share\/js\/share_toolbar.js\"><\/script><!-- Hupso Share Buttons --><\/div>","protected":false},"author":2,"featured_media":0,"parent":0,"menu_order":0,"comment_status":"closed","ping_status":"closed","template":"","meta":{"footnotes":""},"class_list":["post-517","page","type-page","status-publish","hentry"],"_links":{"self":[{"href":"https:\/\/www.naardiagnosenerkraeft.dk\/index.php?rest_route=\/wp\/v2\/pages\/517","targetHints":{"allow":["GET"]}}],"collection":[{"href":"https:\/\/www.naardiagnosenerkraeft.dk\/index.php?rest_route=\/wp\/v2\/pages"}],"about":[{"href":"https:\/\/www.naardiagnosenerkraeft.dk\/index.php?rest_route=\/wp\/v2\/types\/page"}],"author":[{"embeddable":true,"href":"https:\/\/www.naardiagnosenerkraeft.dk\/index.php?rest_route=\/wp\/v2\/users\/2"}],"replies":[{"embeddable":true,"href":"https:\/\/www.naardiagnosenerkraeft.dk\/index.php?rest_route=%2Fwp%2Fv2%2Fcomments&post=517"}],"version-history":[{"count":2,"href":"https:\/\/www.naardiagnosenerkraeft.dk\/index.php?rest_route=\/wp\/v2\/pages\/517\/revisions"}],"predecessor-version":[{"id":520,"href":"https:\/\/www.naardiagnosenerkraeft.dk\/index.php?rest_route=\/wp\/v2\/pages\/517\/revisions\/520"}],"wp:attachment":[{"href":"https:\/\/www.naardiagnosenerkraeft.dk\/index.php?rest_route=%2Fwp%2Fv2%2Fmedia&parent=517"}],"curies":[{"name":"wp","href":"https:\/\/api.w.org\/{rel}","templated":true}]}}