{"id":537,"date":"2014-01-31T13:48:12","date_gmt":"2014-01-31T12:48:12","guid":{"rendered":"http:\/\/www.naardiagnosenerkraeft.dk\/?page_id=537"},"modified":"2014-02-02T17:16:44","modified_gmt":"2014-02-02T16:16:44","slug":"melatonin-kan-forbedre-overlevelsen-af-ikke-smacellet-lungekraeft","status":"publish","type":"page","link":"https:\/\/www.naardiagnosenerkraeft.dk\/?page_id=537","title":{"rendered":"Melatonin kan forbedre overlevelsen af ikke-sm\u00e5cellet lungekr\u00e6ft"},"content":{"rendered":"<p><a href=\"http:\/\/www.naardiagnosenerkraeft.dk\/wp-content\/uploads\/2014\/01\/piller.jpg\"><img loading=\"lazy\" decoding=\"async\" class=\"alignright size-full wp-image-543\" alt=\"piller\" src=\"http:\/\/www.naardiagnosenerkraeft.dk\/wp-content\/uploads\/2014\/01\/piller.jpg\" width=\"180\" height=\"150\" \/><\/a>Der er mange videnskabelige studier, der dokumenterer, at melatonin har en kr\u00e6fth\u00e6mmende virkning og\u00a0at det kan\u00a0for\u00f8ge kemoterapiens effekt og reducere behandlingens giftvirkning.<\/p>\n<p>Dette studie blev udf\u00f8rt for at unders\u00f8ge, om man kunne observere en \u00f8get effekt af at give 20 mg melatonin dagligt om aftenen sammen med behandling med kemopr\u00e6paraterne Cisplatin og Etoposid.<\/p>\n<p>Studiet omfattede 100 patienter med metastatisk ikke-sm\u00e5cellet lungekr\u00e6ft, som blev randomiseret til at f\u00e5 enten kemoterapi alene eller sammen med melatonin.<\/p>\n<p>B\u00e5de den overordnede tumor regression d.v.s. mindskelse af tumorerne og 5-\u00e5rs overlevelsen var signifikant h\u00f8jere hos patienter, der var behandlet med melatonin sammen med kemo. Derudover blev behandlingerne ogs\u00e5 tolereret meget bedre hos de patienter, der ogs\u00e5 fik melatonin.<\/p>\n<p>Ingen af de patienter, der udelukkende fik kemo, var i live efter 2 \u00e5r, hvorimod 3 af de 49 (6%) patienter, der havde f\u00e5et kombinationen af kemo og melatonin stadig var i live efter 5 \u00e5r.<\/p>\n<p>J Pineal Res 2003 Aug;35(1):12-5<br \/>\n<a href=\"http:\/\/www.lef.org\/\">www.lef.org<\/a><\/p>\n<div style=\"padding-bottom:20px; padding-top:10px;\" class=\"hupso-share-buttons\"><!-- Hupso Share Buttons - https:\/\/www.hupso.com\/share\/ --><a class=\"hupso_toolbar\" href=\"https:\/\/www.hupso.com\/share\/\"><img decoding=\"async\" src=\"https:\/\/static.hupso.com\/share\/buttons\/lang\/da\/share-small.png\" style=\"border:0px; padding-top: 5px; float:left;\" alt=\"Share Button\"\/><\/a><script type=\"text\/javascript\">var hupso_services_t=new Array(\"Twitter\",\"Facebook\",\"Google Plus\",\"Pinterest\",\"Linkedin\");var hupso_background_t=\"#EAF4FF\";var hupso_border_t=\"#66CCFF\";var hupso_toolbar_size_t=\"small\";var hupso_image_folder_url = \"\";var hupso_url_t=\"\";var hupso_title_t=\"Melatonin%20kan%20forbedre%20overlevelsen%20af%20ikke-sm%C3%A5cellet%20lungekr%C3%A6ft\";<\/script><script type=\"text\/javascript\" src=\"https:\/\/static.hupso.com\/share\/js\/share_toolbar.js\"><\/script><!-- Hupso Share Buttons --><\/div>","protected":false},"excerpt":{"rendered":"<p>Der er mange videnskabelige studier, der dokumenterer, at melatonin har en kr\u00e6fth\u00e6mmende virkning og\u00a0at det kan\u00a0for\u00f8ge kemoterapiens effekt og reducere behandlingens giftvirkning. Dette studie blev udf\u00f8rt for at unders\u00f8ge, om man kunne observere en \u00f8get effekt af at give 20 &hellip; <a href=\"https:\/\/www.naardiagnosenerkraeft.dk\/?page_id=537\">L\u00e6s resten <span class=\"meta-nav\">&rarr;<\/span><\/a><\/p>\n<div style=\"padding-bottom:20px; padding-top:10px;\" class=\"hupso-share-buttons\"><!-- Hupso Share Buttons - https:\/\/www.hupso.com\/share\/ --><a class=\"hupso_toolbar\" href=\"https:\/\/www.hupso.com\/share\/\"><img src=\"https:\/\/static.hupso.com\/share\/buttons\/lang\/da\/share-small.png\" style=\"border:0px; padding-top: 5px; float:left;\" alt=\"Share Button\"\/><\/a><script type=\"text\/javascript\">var hupso_services_t=new Array(\"Twitter\",\"Facebook\",\"Google Plus\",\"Pinterest\",\"Linkedin\");var hupso_background_t=\"#EAF4FF\";var hupso_border_t=\"#66CCFF\";var hupso_toolbar_size_t=\"small\";var hupso_image_folder_url = \"\";var hupso_url_t=\"\";var hupso_title_t=\"Melatonin%20kan%20forbedre%20overlevelsen%20af%20ikke-sm%C3%A5cellet%20lungekr%C3%A6ft\";<\/script><script type=\"text\/javascript\" src=\"https:\/\/static.hupso.com\/share\/js\/share_toolbar.js\"><\/script><!-- Hupso Share Buttons --><\/div>","protected":false},"author":2,"featured_media":541,"parent":0,"menu_order":0,"comment_status":"closed","ping_status":"closed","template":"","meta":{"footnotes":""},"class_list":["post-537","page","type-page","status-publish","has-post-thumbnail","hentry"],"_links":{"self":[{"href":"https:\/\/www.naardiagnosenerkraeft.dk\/index.php?rest_route=\/wp\/v2\/pages\/537","targetHints":{"allow":["GET"]}}],"collection":[{"href":"https:\/\/www.naardiagnosenerkraeft.dk\/index.php?rest_route=\/wp\/v2\/pages"}],"about":[{"href":"https:\/\/www.naardiagnosenerkraeft.dk\/index.php?rest_route=\/wp\/v2\/types\/page"}],"author":[{"embeddable":true,"href":"https:\/\/www.naardiagnosenerkraeft.dk\/index.php?rest_route=\/wp\/v2\/users\/2"}],"replies":[{"embeddable":true,"href":"https:\/\/www.naardiagnosenerkraeft.dk\/index.php?rest_route=%2Fwp%2Fv2%2Fcomments&post=537"}],"version-history":[{"count":17,"href":"https:\/\/www.naardiagnosenerkraeft.dk\/index.php?rest_route=\/wp\/v2\/pages\/537\/revisions"}],"predecessor-version":[{"id":561,"href":"https:\/\/www.naardiagnosenerkraeft.dk\/index.php?rest_route=\/wp\/v2\/pages\/537\/revisions\/561"}],"wp:featuredmedia":[{"embeddable":true,"href":"https:\/\/www.naardiagnosenerkraeft.dk\/index.php?rest_route=\/wp\/v2\/media\/541"}],"wp:attachment":[{"href":"https:\/\/www.naardiagnosenerkraeft.dk\/index.php?rest_route=%2Fwp%2Fv2%2Fmedia&parent=537"}],"curies":[{"name":"wp","href":"https:\/\/api.w.org\/{rel}","templated":true}]}}