{"id":585,"date":"2014-04-07T18:11:45","date_gmt":"2014-04-07T16:11:45","guid":{"rendered":"http:\/\/www.naardiagnosenerkraeft.dk\/?page_id=585"},"modified":"2014-04-07T18:11:45","modified_gmt":"2014-04-07T16:11:45","slug":"lektoerudtalelse-vedr-de-bedste-raad-naar-diagnosen-er-kraeft","status":"publish","type":"page","link":"https:\/\/www.naardiagnosenerkraeft.dk\/?page_id=585","title":{"rendered":"Lekt\u00f8rudtalelse vedr. De bedste r\u00e5d n\u00e5r diagnosen er kr\u00e6ft"},"content":{"rendered":"<p><b>Kellermann, Inge:<\/b> : De bedste r\u00e5d n\u00e5r diagnosen er kr\u00e6ft \/ forfatter: Inge Kellermann. &#8211; Hovedland. \u2014 165 sider. \u2014 DK 61.606<\/p>\n<p><b>Anvendelse\/m\u00e5lgruppe\/niveau<\/b> Forfatteren er phytoterapeut eller plantel\u00e6ge og <a href=\"http:\/\/www.naardiagnosenerkraeft.dk\/wp-content\/uploads\/2014\/04\/de-bedste-r\u00e5d-n\u00e5r-diagnosen-er-kr\u00e6ft1.jpg\"><img loading=\"lazy\" decoding=\"async\" class=\"alignright size-full wp-image-586\" alt=\"de bedste r\u00e5d n\u00e5r diagnosen er kr\u00e6ft\" src=\"http:\/\/www.naardiagnosenerkraeft.dk\/wp-content\/uploads\/2014\/04\/de-bedste-r\u00e5d-n\u00e5r-diagnosen-er-kr\u00e6ft1.jpg\" width=\"170\" height=\"226\" data-wp-pid=\"586\" \/><\/a>alternativ behandler. Bogen henvender sig til kr\u00e6ftpatienter, der her f\u00e5r et supplement eller alternativ til den konventionelle kr\u00e6ftbehandling. Det er en folkeudgave af Kellermanns st\u00f8rre bog, der udkom sidste \u00e5r, og den er s\u00e5ledes p\u00e5 et niveau, hvor alle kan v\u00e6re med.<\/p>\n<p><b>Beskrivelse<\/b> Forfatterens store bog <i>N\u00e5r diagnosen er kr\u00e6ft<\/i> er et enormt omfattende v\u00e6rk. Guiden her er en folkeudgave af hovedbogen, idet den uddrager essensen af f\u00f8rn\u00e6vnte, er illustreret og mere overskueligt sat op. Budskabet er, at man ved at v\u00e6re aktiv som kr\u00e6ftpatient, hvad enten man f\u00f8lger et traditionelt behandlingsforl\u00f8b eller ej, kan g\u00f8re rigtig meget selv for at h\u00e6mme kr\u00e6ften gennem tilpasset kost og livsstil. Efter et opklarende kapitel om kr\u00e6ftudvikling viser forfatteren, hvilke processer i kroppen der kan s\u00e6tte gang i kr\u00e6ften, hvordan man underst\u00f8tter immunforsvaret, tilskud og kost der gavner, hvordan man supplerer den konventionelle behandling og mindsker bivirkningerne.<\/p>\n<p><b>Sammenligning<\/b> Sammenligningen med Kellemanns egen store bog er n\u00e6rliggende og allerede n\u00e6vnt. Der er udkommet \ufb02ere b\u00f8ger om kost og kr\u00e6ft, senest &#8220;Det gode helbred&#8221; af bl.a. l\u00e6ge Anne Tj\u00f8nneland. Den er centreret om kosten og indeholder ogs\u00e5 opskrifter. Kellermanns medtager fx ogs\u00e5 kosttilskud og l\u00e6geurter, men til geng\u00e6ld ikke opskrifter.<\/p>\n<p><b>Samlet konklusion<\/b> Kellermanns store bog kan v\u00e6re en omfattende mundfuld at forholde sig til, her f\u00e5r vi et udtr\u00e6k lige til at bruge for enhver kr\u00e6ftpatient.<\/p>\n<p align=\"right\"><i>Jette Landberg<\/i><\/p>\n<div style=\"padding-bottom:20px; padding-top:10px;\" class=\"hupso-share-buttons\"><!-- Hupso Share Buttons - https:\/\/www.hupso.com\/share\/ --><a class=\"hupso_toolbar\" href=\"https:\/\/www.hupso.com\/share\/\"><img decoding=\"async\" src=\"https:\/\/static.hupso.com\/share\/buttons\/lang\/da\/share-small.png\" style=\"border:0px; padding-top: 5px; float:left;\" alt=\"Share Button\"\/><\/a><script type=\"text\/javascript\">var hupso_services_t=new Array(\"Twitter\",\"Facebook\",\"Google Plus\",\"Pinterest\",\"Linkedin\");var hupso_background_t=\"#EAF4FF\";var hupso_border_t=\"#66CCFF\";var hupso_toolbar_size_t=\"small\";var hupso_image_folder_url = \"\";var hupso_url_t=\"\";var hupso_title_t=\"Lekt%C3%B8rudtalelse%20vedr.%20De%20bedste%20r%C3%A5d%20n%C3%A5r%20diagnosen%20er%20kr%C3%A6ft\";<\/script><script type=\"text\/javascript\" src=\"https:\/\/static.hupso.com\/share\/js\/share_toolbar.js\"><\/script><!-- Hupso Share Buttons --><\/div>","protected":false},"excerpt":{"rendered":"<p>Kellermann, Inge: : De bedste r\u00e5d n\u00e5r diagnosen er kr\u00e6ft \/ forfatter: Inge Kellermann. &#8211; Hovedland. \u2014 165 sider. \u2014 DK 61.606 Anvendelse\/m\u00e5lgruppe\/niveau Forfatteren er phytoterapeut eller plantel\u00e6ge og alternativ behandler. Bogen henvender sig til kr\u00e6ftpatienter, der her f\u00e5r et &hellip; <a href=\"https:\/\/www.naardiagnosenerkraeft.dk\/?page_id=585\">L\u00e6s resten <span class=\"meta-nav\">&rarr;<\/span><\/a><\/p>\n<div style=\"padding-bottom:20px; padding-top:10px;\" class=\"hupso-share-buttons\"><!-- Hupso Share Buttons - https:\/\/www.hupso.com\/share\/ --><a class=\"hupso_toolbar\" href=\"https:\/\/www.hupso.com\/share\/\"><img src=\"https:\/\/static.hupso.com\/share\/buttons\/lang\/da\/share-small.png\" style=\"border:0px; padding-top: 5px; float:left;\" alt=\"Share Button\"\/><\/a><script type=\"text\/javascript\">var hupso_services_t=new Array(\"Twitter\",\"Facebook\",\"Google Plus\",\"Pinterest\",\"Linkedin\");var hupso_background_t=\"#EAF4FF\";var hupso_border_t=\"#66CCFF\";var hupso_toolbar_size_t=\"small\";var hupso_image_folder_url = \"\";var hupso_url_t=\"\";var hupso_title_t=\"Lekt%C3%B8rudtalelse%20vedr.%20De%20bedste%20r%C3%A5d%20n%C3%A5r%20diagnosen%20er%20kr%C3%A6ft\";<\/script><script type=\"text\/javascript\" src=\"https:\/\/static.hupso.com\/share\/js\/share_toolbar.js\"><\/script><!-- Hupso Share Buttons --><\/div>","protected":false},"author":2,"featured_media":0,"parent":0,"menu_order":0,"comment_status":"closed","ping_status":"closed","template":"","meta":{"footnotes":""},"class_list":["post-585","page","type-page","status-publish","hentry"],"_links":{"self":[{"href":"https:\/\/www.naardiagnosenerkraeft.dk\/index.php?rest_route=\/wp\/v2\/pages\/585","targetHints":{"allow":["GET"]}}],"collection":[{"href":"https:\/\/www.naardiagnosenerkraeft.dk\/index.php?rest_route=\/wp\/v2\/pages"}],"about":[{"href":"https:\/\/www.naardiagnosenerkraeft.dk\/index.php?rest_route=\/wp\/v2\/types\/page"}],"author":[{"embeddable":true,"href":"https:\/\/www.naardiagnosenerkraeft.dk\/index.php?rest_route=\/wp\/v2\/users\/2"}],"replies":[{"embeddable":true,"href":"https:\/\/www.naardiagnosenerkraeft.dk\/index.php?rest_route=%2Fwp%2Fv2%2Fcomments&post=585"}],"version-history":[{"count":2,"href":"https:\/\/www.naardiagnosenerkraeft.dk\/index.php?rest_route=\/wp\/v2\/pages\/585\/revisions"}],"predecessor-version":[{"id":588,"href":"https:\/\/www.naardiagnosenerkraeft.dk\/index.php?rest_route=\/wp\/v2\/pages\/585\/revisions\/588"}],"wp:attachment":[{"href":"https:\/\/www.naardiagnosenerkraeft.dk\/index.php?rest_route=%2Fwp%2Fv2%2Fmedia&parent=585"}],"curies":[{"name":"wp","href":"https:\/\/api.w.org\/{rel}","templated":true}]}}