{"id":597,"date":"2014-04-24T12:56:02","date_gmt":"2014-04-24T10:56:02","guid":{"rendered":"http:\/\/www.naardiagnosenerkraeft.dk\/?page_id=597"},"modified":"2014-04-24T12:56:02","modified_gmt":"2014-04-24T10:56:02","slug":"b12-vitamin-lindrer-smertefulde-mundsaar","status":"publish","type":"page","link":"https:\/\/www.naardiagnosenerkraeft.dk\/?page_id=597","title":{"rendered":"B12 vitamin lindrer smertefulde munds\u00e5r"},"content":{"rendered":"<p>Mange oplever\u00a0at f\u00e5 s\u00e5r i munden gentagne gange, og det er ikke mindst et udbredt <a href=\"http:\/\/www.naardiagnosenerkraeft.dk\/wp-content\/uploads\/2014\/04\/vitaminer9.jpg\"><img loading=\"lazy\" decoding=\"async\" class=\"alignright size-full wp-image-598\" alt=\"vitaminer9\" src=\"http:\/\/www.naardiagnosenerkraeft.dk\/wp-content\/uploads\/2014\/04\/vitaminer9.jpg\" width=\"306\" height=\"164\" data-wp-pid=\"598\" srcset=\"https:\/\/www.naardiagnosenerkraeft.dk\/wp-content\/uploads\/2014\/04\/vitaminer9.jpg 306w, https:\/\/www.naardiagnosenerkraeft.dk\/wp-content\/uploads\/2014\/04\/vitaminer9-300x161.jpg 300w\" sizes=\"auto, (max-width: 306px) 100vw, 306px\" \/><\/a>problem for kr\u00e6ftpatienter i behandling. Dels kan de v\u00e6re meget smertefulde, dels betyder de ofte, at kr\u00e6ftpatienterne taber sig uhensigtsm\u00e6ssigt meget, fordi det er meget ubehageligt at f\u00e5 mad i munden.<\/p>\n<p>I et studie med 58 patienter, som havde haft gentagne tilf\u00e6lde af munds\u00e5r hver eller hver anden m\u00e5ned gennem 1 \u00e5r, blev patienterne randomiseret til enten at f\u00e5 1 tablet med 1.000 mcg B12 dagligt under tungen eller et lignende placebopr\u00e6parat i 6 m\u00e5neder.<\/p>\n<p>Varigheden af udbrud, antal munds\u00e5r pr. m\u00e5ned og smerteniveau faldt signifikant i B12-gruppen, men ikke\u00a0i placebo-gruppen. Effekten var mest tydeligt i de to sidste m\u00e5neder af fors\u00f8get.<\/p>\n<p>Patienternes niveau af B12 i blodet ved fors\u00f8gets start havde ingen betydning for\u00a0effekten af B12 behandlingen.<\/p>\n<p>Da fors\u00f8gsperioden var afsluttet, havde 74% af B12-gruppens medlemmer ingen munds\u00e5r, hvorimod det samme kun gjaldt for 32% af placebo-gruppen.<\/p>\n<p><b>Reference:<br \/>\n<\/b>Volkov, I., Rudoy, I., Freud, T. et al.: Effectiveness of vitamin B12 in treating recurrent aphthous stomatitis: a randomized, double-blind, placebo-controlled trial. J Am Board Fam Med. 2009 Jan-Feb; 22 (1): 9-16<br \/>\n<a href=\"http:\/\/www.lef.org\">www.lef.org<\/a><\/p>\n<div style=\"padding-bottom:20px; padding-top:10px;\" class=\"hupso-share-buttons\"><!-- Hupso Share Buttons - https:\/\/www.hupso.com\/share\/ --><a class=\"hupso_toolbar\" href=\"https:\/\/www.hupso.com\/share\/\"><img decoding=\"async\" src=\"https:\/\/static.hupso.com\/share\/buttons\/lang\/da\/share-small.png\" style=\"border:0px; padding-top: 5px; float:left;\" alt=\"Share Button\"\/><\/a><script type=\"text\/javascript\">var hupso_services_t=new Array(\"Twitter\",\"Facebook\",\"Google Plus\",\"Pinterest\",\"Linkedin\");var hupso_background_t=\"#EAF4FF\";var hupso_border_t=\"#66CCFF\";var hupso_toolbar_size_t=\"small\";var hupso_image_folder_url = \"\";var hupso_url_t=\"\";var hupso_title_t=\"B12%20vitamin%20lindrer%20smertefulde%20munds%C3%A5r\";<\/script><script type=\"text\/javascript\" src=\"https:\/\/static.hupso.com\/share\/js\/share_toolbar.js\"><\/script><!-- Hupso Share Buttons --><\/div>","protected":false},"excerpt":{"rendered":"<p>Mange oplever\u00a0at f\u00e5 s\u00e5r i munden gentagne gange, og det er ikke mindst et udbredt problem for kr\u00e6ftpatienter i behandling. Dels kan de v\u00e6re meget smertefulde, dels betyder de ofte, at kr\u00e6ftpatienterne taber sig uhensigtsm\u00e6ssigt meget, fordi det er meget &hellip; <a href=\"https:\/\/www.naardiagnosenerkraeft.dk\/?page_id=597\">L\u00e6s resten <span class=\"meta-nav\">&rarr;<\/span><\/a><\/p>\n<div style=\"padding-bottom:20px; padding-top:10px;\" class=\"hupso-share-buttons\"><!-- Hupso Share Buttons - https:\/\/www.hupso.com\/share\/ --><a class=\"hupso_toolbar\" href=\"https:\/\/www.hupso.com\/share\/\"><img src=\"https:\/\/static.hupso.com\/share\/buttons\/lang\/da\/share-small.png\" style=\"border:0px; padding-top: 5px; float:left;\" alt=\"Share Button\"\/><\/a><script type=\"text\/javascript\">var hupso_services_t=new Array(\"Twitter\",\"Facebook\",\"Google Plus\",\"Pinterest\",\"Linkedin\");var hupso_background_t=\"#EAF4FF\";var hupso_border_t=\"#66CCFF\";var hupso_toolbar_size_t=\"small\";var hupso_image_folder_url = \"\";var hupso_url_t=\"\";var hupso_title_t=\"B12%20vitamin%20lindrer%20smertefulde%20munds%C3%A5r\";<\/script><script type=\"text\/javascript\" src=\"https:\/\/static.hupso.com\/share\/js\/share_toolbar.js\"><\/script><!-- Hupso Share Buttons --><\/div>","protected":false},"author":2,"featured_media":0,"parent":0,"menu_order":0,"comment_status":"closed","ping_status":"closed","template":"","meta":{"footnotes":""},"class_list":["post-597","page","type-page","status-publish","hentry"],"_links":{"self":[{"href":"https:\/\/www.naardiagnosenerkraeft.dk\/index.php?rest_route=\/wp\/v2\/pages\/597","targetHints":{"allow":["GET"]}}],"collection":[{"href":"https:\/\/www.naardiagnosenerkraeft.dk\/index.php?rest_route=\/wp\/v2\/pages"}],"about":[{"href":"https:\/\/www.naardiagnosenerkraeft.dk\/index.php?rest_route=\/wp\/v2\/types\/page"}],"author":[{"embeddable":true,"href":"https:\/\/www.naardiagnosenerkraeft.dk\/index.php?rest_route=\/wp\/v2\/users\/2"}],"replies":[{"embeddable":true,"href":"https:\/\/www.naardiagnosenerkraeft.dk\/index.php?rest_route=%2Fwp%2Fv2%2Fcomments&post=597"}],"version-history":[{"count":1,"href":"https:\/\/www.naardiagnosenerkraeft.dk\/index.php?rest_route=\/wp\/v2\/pages\/597\/revisions"}],"predecessor-version":[{"id":599,"href":"https:\/\/www.naardiagnosenerkraeft.dk\/index.php?rest_route=\/wp\/v2\/pages\/597\/revisions\/599"}],"wp:attachment":[{"href":"https:\/\/www.naardiagnosenerkraeft.dk\/index.php?rest_route=%2Fwp%2Fv2%2Fmedia&parent=597"}],"curies":[{"name":"wp","href":"https:\/\/api.w.org\/{rel}","templated":true}]}}