{"id":601,"date":"2014-04-29T22:30:56","date_gmt":"2014-04-29T20:30:56","guid":{"rendered":"http:\/\/www.naardiagnosenerkraeft.dk\/?page_id=601"},"modified":"2014-04-29T22:30:56","modified_gmt":"2014-04-29T20:30:56","slug":"lungekraeftpatienter-faar-bedre-overlevelse-og-livskvalitet-ved-at-tage-vitamintilskud","status":"publish","type":"page","link":"https:\/\/www.naardiagnosenerkraeft.dk\/?page_id=601","title":{"rendered":"Lungekr\u00e6ftpatienter f\u00e5r bedre overlevelse og livskvalitet ved at tage vitamintilskud"},"content":{"rendered":"<p>Et studie publiceret i <i>Lung Cancer <\/i>fandt, at m\u00e6nd og kvinder med ikke-sm\u00e5cellet\u00a0 lungekr\u00e6f<a href=\"http:\/\/www.naardiagnosenerkraeft.dk\/wp-content\/uploads\/2014\/04\/vitaminer13.jpg\"><img loading=\"lazy\" decoding=\"async\" class=\"alignright size-full wp-image-603\" alt=\"vitaminer13\" src=\"http:\/\/www.naardiagnosenerkraeft.dk\/wp-content\/uploads\/2014\/04\/vitaminer13.jpg\" width=\"475\" height=\"260\" data-wp-pid=\"603\" srcset=\"https:\/\/www.naardiagnosenerkraeft.dk\/wp-content\/uploads\/2014\/04\/vitaminer13.jpg 475w, https:\/\/www.naardiagnosenerkraeft.dk\/wp-content\/uploads\/2014\/04\/vitaminer13-300x164.jpg 300w\" sizes=\"auto, (max-width: 475px) 100vw, 475px\" \/><\/a>t, efter at de havde f\u00e5et deres diagnose, oplevede en gennemsnitlig fordobling af\u00a0 overlevelsen og bedre livskvalitet sammenlignet med de, der ikke tog tilskud.<\/p>\n<p>Studiet fulgte 1.129 patienter med ikke-sm\u00e5cellet lungekr\u00e6ft, som var en del af\u00a0 gruppen af lungekr\u00e6ftpatienter p\u00e5 den ber\u00f8mte Mayo Clinic i Minnesota. Deltagerne udfyldte sp\u00f8rgeskemaer om deres brug af vitaminer og mineraler, deres kr\u00e6ftbehandling, sygdommens udvikling og livskvalitet 6 m\u00e5neder efter diagnosen, efter 1 \u00e5r og hvert \u00e5r derefter frem til efter\u00e5ret 2002.<\/p>\n<p>63% af deltagerne rapporterede, at de tog vitamin\/mineraltilskud i opf\u00f8lgningsperioden.<\/p>\n<p>Patienternes behandling med operation, kemoterapi, str\u00e5ler og\/eller st\u00f8ttebehandling ud fra sygdommens stadie og generelle sundhedstilstand blev ikke p\u00e5virket af deltagelsen i studiet.<\/p>\n<p>Den gennemsnitlige overlevelse i tilskudsgruppen var 4,3 \u00e5r sammenlignet med 2 \u00e5r for de, der ikke tog tilskud. Efter at have justeret for en r\u00e6kke faktorer, blev den relative risiko for at d\u00f8 i l\u00f8bet af fors\u00f8gsperioden for tilskudsgruppen kalkuleret til at v\u00e6re 26% lavere end for de, der tilh\u00f8rte gruppen, der ikke tog tilskud. Livskvaliteten var ogs\u00e5 st\u00f8rre i gruppen af tilskuds-brugere end i den gruppe, der ikke tog tilskud.<\/p>\n<p>Reference:<br \/>\nLung Cancer Volume<br \/>\n84, Issue 2, Pages 97-206 (May 2014)<br \/>\n<a href=\"http:\/\/www.lef.org\/\">www.lef.org<\/a><\/p>\n<h2><\/h2>\n<div style=\"padding-bottom:20px; padding-top:10px;\" class=\"hupso-share-buttons\"><!-- Hupso Share Buttons - https:\/\/www.hupso.com\/share\/ --><a class=\"hupso_toolbar\" href=\"https:\/\/www.hupso.com\/share\/\"><img decoding=\"async\" src=\"https:\/\/static.hupso.com\/share\/buttons\/lang\/da\/share-small.png\" style=\"border:0px; padding-top: 5px; float:left;\" alt=\"Share Button\"\/><\/a><script type=\"text\/javascript\">var hupso_services_t=new Array(\"Twitter\",\"Facebook\",\"Google Plus\",\"Pinterest\",\"Linkedin\");var hupso_background_t=\"#EAF4FF\";var hupso_border_t=\"#66CCFF\";var hupso_toolbar_size_t=\"small\";var hupso_image_folder_url = \"\";var hupso_url_t=\"\";var hupso_title_t=\"Lungekr%C3%A6ftpatienter%20f%C3%A5r%20bedre%20overlevelse%20og%20livskvalitet%20ved%20at%20tage%20vitamintilskud\";<\/script><script type=\"text\/javascript\" src=\"https:\/\/static.hupso.com\/share\/js\/share_toolbar.js\"><\/script><!-- Hupso Share Buttons --><\/div>","protected":false},"excerpt":{"rendered":"<p>Et studie publiceret i Lung Cancer fandt, at m\u00e6nd og kvinder med ikke-sm\u00e5cellet\u00a0 lungekr\u00e6ft, efter at de havde f\u00e5et deres diagnose, oplevede en gennemsnitlig fordobling af\u00a0 overlevelsen og bedre livskvalitet sammenlignet med de, der ikke tog tilskud. Studiet fulgte 1.129 &hellip; <a href=\"https:\/\/www.naardiagnosenerkraeft.dk\/?page_id=601\">L\u00e6s resten <span class=\"meta-nav\">&rarr;<\/span><\/a><\/p>\n<div style=\"padding-bottom:20px; padding-top:10px;\" class=\"hupso-share-buttons\"><!-- Hupso Share Buttons - https:\/\/www.hupso.com\/share\/ --><a class=\"hupso_toolbar\" href=\"https:\/\/www.hupso.com\/share\/\"><img src=\"https:\/\/static.hupso.com\/share\/buttons\/lang\/da\/share-small.png\" style=\"border:0px; padding-top: 5px; float:left;\" alt=\"Share Button\"\/><\/a><script type=\"text\/javascript\">var hupso_services_t=new Array(\"Twitter\",\"Facebook\",\"Google Plus\",\"Pinterest\",\"Linkedin\");var hupso_background_t=\"#EAF4FF\";var hupso_border_t=\"#66CCFF\";var hupso_toolbar_size_t=\"small\";var hupso_image_folder_url = \"\";var hupso_url_t=\"\";var hupso_title_t=\"Lungekr%C3%A6ftpatienter%20f%C3%A5r%20bedre%20overlevelse%20og%20livskvalitet%20ved%20at%20tage%20vitamintilskud\";<\/script><script type=\"text\/javascript\" src=\"https:\/\/static.hupso.com\/share\/js\/share_toolbar.js\"><\/script><!-- Hupso Share Buttons --><\/div>","protected":false},"author":2,"featured_media":0,"parent":0,"menu_order":0,"comment_status":"closed","ping_status":"closed","template":"","meta":{"footnotes":""},"class_list":["post-601","page","type-page","status-publish","hentry"],"_links":{"self":[{"href":"https:\/\/www.naardiagnosenerkraeft.dk\/index.php?rest_route=\/wp\/v2\/pages\/601","targetHints":{"allow":["GET"]}}],"collection":[{"href":"https:\/\/www.naardiagnosenerkraeft.dk\/index.php?rest_route=\/wp\/v2\/pages"}],"about":[{"href":"https:\/\/www.naardiagnosenerkraeft.dk\/index.php?rest_route=\/wp\/v2\/types\/page"}],"author":[{"embeddable":true,"href":"https:\/\/www.naardiagnosenerkraeft.dk\/index.php?rest_route=\/wp\/v2\/users\/2"}],"replies":[{"embeddable":true,"href":"https:\/\/www.naardiagnosenerkraeft.dk\/index.php?rest_route=%2Fwp%2Fv2%2Fcomments&post=601"}],"version-history":[{"count":1,"href":"https:\/\/www.naardiagnosenerkraeft.dk\/index.php?rest_route=\/wp\/v2\/pages\/601\/revisions"}],"predecessor-version":[{"id":604,"href":"https:\/\/www.naardiagnosenerkraeft.dk\/index.php?rest_route=\/wp\/v2\/pages\/601\/revisions\/604"}],"wp:attachment":[{"href":"https:\/\/www.naardiagnosenerkraeft.dk\/index.php?rest_route=%2Fwp%2Fv2%2Fmedia&parent=601"}],"curies":[{"name":"wp","href":"https:\/\/api.w.org\/{rel}","templated":true}]}}