{"id":619,"date":"2014-07-13T12:58:54","date_gmt":"2014-07-13T10:58:54","guid":{"rendered":"http:\/\/www.naardiagnosenerkraeft.dk\/?page_id=619"},"modified":"2014-07-13T13:04:22","modified_gmt":"2014-07-13T11:04:22","slug":"olivenolie-fremmer-selvmord-i-brystkraeftceller-der-indeholder-her2","status":"publish","type":"page","link":"https:\/\/www.naardiagnosenerkraeft.dk\/?page_id=619","title":{"rendered":"Olivenolie fremmer selvmord i brystkr\u00e6ftceller, der indeholder HER2"},"content":{"rendered":"<p>Spanske forskere offentliggjorde i 2008 opdagelsen af, at indholdsstofferne i olivenolie har en undertrykkende effekt mod de brystkr\u00e6ftceller, der indeholder kr\u00e6ftgenet HER2.[1]<a href=\"http:\/\/www.naardiagnosenerkraeft.dk\/wp-content\/uploads\/2014\/07\/olivenolie5.jpg\"><img loading=\"lazy\" decoding=\"async\" class=\"alignright size-full wp-image-621\" src=\"http:\/\/www.naardiagnosenerkraeft.dk\/wp-content\/uploads\/2014\/07\/olivenolie5.jpg\" alt=\"olivenolie5\" width=\"334\" height=\"334\" data-wp-pid=\"621\" srcset=\"https:\/\/www.naardiagnosenerkraeft.dk\/wp-content\/uploads\/2014\/07\/olivenolie5.jpg 334w, https:\/\/www.naardiagnosenerkraeft.dk\/wp-content\/uploads\/2014\/07\/olivenolie5-150x150.jpg 150w, https:\/\/www.naardiagnosenerkraeft.dk\/wp-content\/uploads\/2014\/07\/olivenolie5-300x300.jpg 300w\" sizes=\"auto, (max-width: 334px) 100vw, 334px\" \/><\/a><\/p>\n<p>Dette gen anses for at v\u00e6re til stede i 20-30% af alle invasive brystkr\u00e6fttilf\u00e6lde og har vist en sammenh\u00e6ng med kortere kr\u00e6ftfri perioder og reduceret overlevelse.<\/p>\n<p>Javier Menendez fra Catalan Institute of Oncology og Antonio Segura-Carretero fra University of Granada testede sammen med deres kolleger fenoler fra extra virgin olivenolie i to brystkr\u00e6ftcelle linier i laboratoriet og lod nogle celler v\u00e6re ubehandlede.<\/p>\n<p>Resultatet var, at de fraktioner af celler, som indeholdt polyfenoler satte gang i den programmerede celled\u00f8d i de celler, der indeholdt mange HER2 proteiner.<\/p>\n<p>Extra virgin olivenolie produceres ved at presse oliven uden brug af varme eller kemikalier og tilbageholder plantestoffer, som ellers ville g\u00e5 tabt\u00a0i raffineringsprocessen.<\/p>\n<p>Selvom de aktive indholdsstoffer i olivenolie \u2013 dette tilf\u00e6lde lignaner og secoiridoider \u2013 som i dette fors\u00f8g viste den tumordr\u00e6bende effekt, var st\u00f8rre end de m\u00e6ngder, man som almindelig forbruger indtager af olivenolie, mener forskerne alligevel, at fors\u00f8get tydeligt viser, \u201dat disse polyfenoler kan give et fantastisk og sikkert grundlag for at producere en ny kr\u00e6ftmedicin\u201d.<\/p>\n<p>Man kan ogs\u00e5 starte med at bruge mere olivenolie af h\u00f8j kvalitet som forebyggelse af kr\u00e6ftudviklingen i f\u00f8rste omgang. Ogs\u00e5 disse forskere var inde p\u00e5, at store m\u00e6ngder olivenolie i kosten kan v\u00e6re i hvert fald en del af forklaringen p\u00e5 observationen af en reduceret risiko for brystkr\u00e6ft ved at spise det, vi popul\u00e6rt kalder en middelhavskost. Denne er kendetegnet ved mange gr\u00f8nsager, olivenolie og fisk.<\/p>\n<p>&nbsp;<\/p>\n<p>[1] publiceret online 18. december 2008 i BioMed Central Cancer<br \/>\n<a href=\"http:\/\/www.lef.org\/newsletter\/2008\">http:\/\/www.lef.org\/newsletter\/2008<\/a><\/p>\n<div style=\"padding-bottom:20px; padding-top:10px;\" class=\"hupso-share-buttons\"><!-- Hupso Share Buttons - https:\/\/www.hupso.com\/share\/ --><a class=\"hupso_toolbar\" href=\"https:\/\/www.hupso.com\/share\/\"><img decoding=\"async\" src=\"https:\/\/static.hupso.com\/share\/buttons\/lang\/da\/share-small.png\" style=\"border:0px; padding-top: 5px; float:left;\" alt=\"Share Button\"\/><\/a><script type=\"text\/javascript\">var hupso_services_t=new Array(\"Twitter\",\"Facebook\",\"Google Plus\",\"Pinterest\",\"Linkedin\");var hupso_background_t=\"#EAF4FF\";var hupso_border_t=\"#66CCFF\";var hupso_toolbar_size_t=\"small\";var hupso_image_folder_url = \"\";var hupso_url_t=\"\";var hupso_title_t=\"Olivenolie%20fremmer%20selvmord%20i%20brystkr%C3%A6ftceller%2C%20der%20indeholder%20HER2\";<\/script><script type=\"text\/javascript\" src=\"https:\/\/static.hupso.com\/share\/js\/share_toolbar.js\"><\/script><!-- Hupso Share Buttons --><\/div>","protected":false},"excerpt":{"rendered":"<p>Spanske forskere offentliggjorde i 2008 opdagelsen af, at indholdsstofferne i olivenolie har en undertrykkende effekt mod de brystkr\u00e6ftceller, der indeholder kr\u00e6ftgenet HER2.[1] Dette gen anses for at v\u00e6re til stede i 20-30% af alle invasive brystkr\u00e6fttilf\u00e6lde og har vist en &hellip; <a href=\"https:\/\/www.naardiagnosenerkraeft.dk\/?page_id=619\">L\u00e6s resten <span class=\"meta-nav\">&rarr;<\/span><\/a><\/p>\n<div style=\"padding-bottom:20px; padding-top:10px;\" class=\"hupso-share-buttons\"><!-- Hupso Share Buttons - https:\/\/www.hupso.com\/share\/ --><a class=\"hupso_toolbar\" href=\"https:\/\/www.hupso.com\/share\/\"><img src=\"https:\/\/static.hupso.com\/share\/buttons\/lang\/da\/share-small.png\" style=\"border:0px; padding-top: 5px; float:left;\" alt=\"Share Button\"\/><\/a><script type=\"text\/javascript\">var hupso_services_t=new Array(\"Twitter\",\"Facebook\",\"Google Plus\",\"Pinterest\",\"Linkedin\");var hupso_background_t=\"#EAF4FF\";var hupso_border_t=\"#66CCFF\";var hupso_toolbar_size_t=\"small\";var hupso_image_folder_url = \"\";var hupso_url_t=\"\";var hupso_title_t=\"Olivenolie%20fremmer%20selvmord%20i%20brystkr%C3%A6ftceller%2C%20der%20indeholder%20HER2\";<\/script><script type=\"text\/javascript\" src=\"https:\/\/static.hupso.com\/share\/js\/share_toolbar.js\"><\/script><!-- Hupso Share Buttons --><\/div>","protected":false},"author":2,"featured_media":0,"parent":0,"menu_order":0,"comment_status":"closed","ping_status":"closed","template":"","meta":{"footnotes":""},"class_list":["post-619","page","type-page","status-publish","hentry"],"_links":{"self":[{"href":"https:\/\/www.naardiagnosenerkraeft.dk\/index.php?rest_route=\/wp\/v2\/pages\/619","targetHints":{"allow":["GET"]}}],"collection":[{"href":"https:\/\/www.naardiagnosenerkraeft.dk\/index.php?rest_route=\/wp\/v2\/pages"}],"about":[{"href":"https:\/\/www.naardiagnosenerkraeft.dk\/index.php?rest_route=\/wp\/v2\/types\/page"}],"author":[{"embeddable":true,"href":"https:\/\/www.naardiagnosenerkraeft.dk\/index.php?rest_route=\/wp\/v2\/users\/2"}],"replies":[{"embeddable":true,"href":"https:\/\/www.naardiagnosenerkraeft.dk\/index.php?rest_route=%2Fwp%2Fv2%2Fcomments&post=619"}],"version-history":[{"count":2,"href":"https:\/\/www.naardiagnosenerkraeft.dk\/index.php?rest_route=\/wp\/v2\/pages\/619\/revisions"}],"predecessor-version":[{"id":622,"href":"https:\/\/www.naardiagnosenerkraeft.dk\/index.php?rest_route=\/wp\/v2\/pages\/619\/revisions\/622"}],"wp:attachment":[{"href":"https:\/\/www.naardiagnosenerkraeft.dk\/index.php?rest_route=%2Fwp%2Fv2%2Fmedia&parent=619"}],"curies":[{"name":"wp","href":"https:\/\/api.w.org\/{rel}","templated":true}]}}