{"id":643,"date":"2014-11-04T09:02:42","date_gmt":"2014-11-04T08:02:42","guid":{"rendered":"http:\/\/www.naardiagnosenerkraeft.dk\/?page_id=643"},"modified":"2014-11-04T09:02:42","modified_gmt":"2014-11-04T08:02:42","slug":"d-vitamin-kan-forebygge-og-anvendes-i-behandlingen-af-kraeft","status":"publish","type":"page","link":"https:\/\/www.naardiagnosenerkraeft.dk\/?page_id=643","title":{"rendered":"D-vitamin kan forebygge og anvendes i behandlingen af kr\u00e6ft"},"content":{"rendered":"<p>De senere \u00e5rs forskning producerer mange overraskende resultater om D-vitamins potentielle rolle i forhold til kr\u00e6ft og andre sygdomme som bl.a. sclerose, type-1 diabetes, <a href=\"http:\/\/www.naardiagnosenerkraeft.dk\/wp-content\/uploads\/2014\/04\/D-vitamin6.jpg\"><img loading=\"lazy\" decoding=\"async\" class=\"alignright size-full wp-image-568\" src=\"http:\/\/www.naardiagnosenerkraeft.dk\/wp-content\/uploads\/2014\/04\/D-vitamin6.jpg\" alt=\"D-vitamin6\" width=\"291\" height=\"173\" data-wp-pid=\"568\" \/><\/a>osteoperose, bl\u00f8dende tandk\u00f8d, muskelsmerter og leddegigt.<\/p>\n<p>Forskere har unders\u00f8gt brugen ad D-vitamin til reduktion af risikoen for\u00a0\u00a0mange forskellige kr\u00e6ftformer bl.a. tyktarmskr\u00e6ft, brystkr\u00e6ft, prostatakr\u00e6ft, \u00e6ggestokkr\u00e6ft, spiser\u00f8rskr\u00e6ft, nyrekr\u00e6ft og bl\u00e6rekr\u00e6ft. De mener desuden, at D-vitamin\u00a0ogs\u00e5 kan forbedre kr\u00e6ftbehandlingernes effekt for de, der har f\u00e5et sygdommen. En amerikansk oversigtsartikel anslog for f\u00e5 \u00e5r siden, at mellem 50.000 og 70.000 amerikanere d\u00f8r for tidligt af kr\u00e6ft hvert \u00e5r p\u00e5 grund af mangel p\u00e5 D-vitamin.[1]<\/p>\n<p>Forskningen viser, at D-vitamin hj\u00e6lper med at bek\u00e6mpe kr\u00e6ft via adskillige mekanismer, som alle spiller en vigtig rolle i kr\u00e6ftudviklingen. F\u00f8rst og fremmest fremmer den celledifferentieringen d.v.s. medvirker til at cellerne beholder deres evne til at fungere efter hensigten.<\/p>\n<p>D-vitamin fremmer ogs\u00e5 apoptose, der er cellernes normale selvdestruktionsproces, som sikrer at cellerne d\u00f8r, n\u00e5r deres tid er omme og ikke\u00a0opn\u00e5r den \u00a0\u201dud\u00f8delighed\u201d som ellers er en del af kr\u00e6ftcellers karakteristika. Vitaminet er ogs\u00e5 med til at forebygge spredning af kr\u00e6ften bl.a. ved at forhindre kr\u00e6ftcellerne i at danne nye blodkar, som er en betingelse for, at metastaserne kan udvikle sig.[2]<\/p>\n<p><strong>Studier af sammenh\u00e6ngen mellem D-vitamin og tyktarmskr\u00e6ft<br \/>\n<\/strong>Studiet viste, at personer med et dagligt indtag p\u00e5 25 mcg eller mere dagligt eller af D-vitamin og blodniveauer p\u00e5 33 ng\/mL oplevede en 50% mindre risiko for tyktarmskr\u00e6ft.[3]<\/p>\n<p>Et epidemiologisk studie fra Harvard Medical School underbyggede D-vitamins beskyttende effekt og fandt, at et dagligt indtag p\u00e5 5 -10 mcg sandsynligvis er for lavt til at give nogen v\u00e6sentlig fordel. Studiet viste ogs\u00e5, at en persons D-vitamin status p\u00e5 diagnosetidspunktet s\u00e5 ud til at have betydning for overlevelse af kr\u00e6ften.[4]<\/p>\n<p>I Polyp Prevention Trial (PPT), som var et omfattende randomiseret, klinisk fors\u00f8g, analyserede forskerne forskellige\u00a0f\u00f8devarers indflydelse p\u00e5 tilbagefald af polypper (adenomer) i tyktarmen.[5] Den type polypper anses for at v\u00e6re mulige forstadier og dermed et forvarsel om tyktarmskr\u00e6ft. De fandt, at et lavt indtag af kalcium og D-vitamin var associeret med for\u00f8get risiko for tilbagefald af disse polypper.<\/p>\n<p><strong>D-vitamin forbedrer prognosen ved prostatakr\u00e6ft<br \/>\n<\/strong>I et nyere studie unders\u00f8gte forskerne sammenh\u00e6ngen mellem uds\u00e6ttelse for sollys og prostatakr\u00e6ft. Ved at sammenligne 450 m\u00e6nd med fremskreden prostatakr\u00e6ft med 450 m\u00e6nd uden sygdommen fandt de, at de m\u00e6nd, der var meget i solen, havde en 50% mindre risiko for prostatakr\u00e6ft end de, der kun var var kort tid i solen.<\/p>\n<p>\u00c5rsagen til dette var if\u00f8lge forskerne at sollys beskytter m\u00e6nd mod prostatakr\u00e6ft ved at danne D-vitamin. Da der kan v\u00e6re en sammenh\u00e6ng mellem uds\u00e6ttelse for sollys og hudkr\u00e6ft, anbefalede de at f\u00e5 deres D-vitamin fra kosten eller som tilskud.[6]<\/p>\n<p>Et andet studie viste, at D-vitamin kan anvendes til at behandle prostatakr\u00e6ft. 16 m\u00e6nd, som tidligere var blevet behandlet for prostatakr\u00e6ft fik 50 mcg D-vitamin dagligt. Derefter overv\u00e5gede forskerne niveauet af PSA gennem 2 \u00e5r (PSA er en mark\u00f8r for, om prostatakr\u00e6ft udvikler sig eller vender tilbage.)<\/p>\n<p>Hos 9 af patienterne var PSA-niveauerne blevet lavere eller forblevet u\u00e6ndrede efter, at de var startet p\u00e5 at tage tilskud med D-vitamin. Hos patienter med et stigende PSA niveau, forl\u00e6ngede tilskud med D3-vitamin den tid, der gik, f\u00f8r PSA var fordoblet, med 75%. Den tid, der g\u00e5r f\u00f8r PSA for\u00f8ges eller fordobles h\u00e6nger t\u00e6t sammen med prognosen, og derfor er en forl\u00e6ngelse af fordoblingstiden associeret med et bedre udfald af sygdommen.[7]<\/p>\n<p>D-vitamin har ogs\u00e5 vist sig at gavne prostatakr\u00e6ftpatienter, som har udviklet knoglemetastaser. Disse patienter udvikler typisk D-vitamin mangel. Tilskud med D-vitamin reducerede smerterne, styrkede musklerne og forbedrede livskvaliteten.[8]<\/p>\n<p><strong>D-vitamin hj\u00e6lper lungekr\u00e6ftpatienter med at leve l\u00e6ngere<br \/>\n<\/strong>Det kan v\u00e6re vanskeligt at behandle lungekr\u00e6ft effektivt. Et studie fra 2005 viste, at m\u00e6nd med tidlige stadier af ikke-sm\u00e5cellet lungekr\u00e6ft, som havde h\u00f8jere D-vitamin niveau, havde bedre sygdomsfri overlevelsesgrader end m\u00e6nd, der fik lavere niveauer af D-vitamin fra kosten, tilskud eller sollys.[9]<\/p>\n<p>Et andet studie \u2013 denne gang et dyrefors\u00f8g \u2013 viste at D-vitamin h\u00e6mmede lungemetastaser.[10]<\/p>\n<p>Referencer:<br \/>\n[1]Grant WB, Holick MF. Benefits and requirements of vitamin D for optimal health: a review. Altern Med Rev. 2005 Jun; 10(2):94-111.<\/p>\n<p>[2] van den Bemd GJ, Chang GT. Vitamin D and vitamin D analogs in cancer treatment. Curr Drug Targets. 2002 Feb;3(1):85-94.<\/p>\n<p>[3] Gorham ED, Garland CF, Garland FC, et al. Vitamin D and prevention of colorectal cancer. J Steroid Biochem Mol Biol. 2005 Oct;97(1-2):179-94.<\/p>\n<p>[4] Giovannucci E. The epidemiology of vitamin D and colorectal cancer: recent findings. Curr Opin Gastroenterol. 2006 Jan;22(1):24-9.<\/p>\n<p>[5] Hartman TJ, Albert PS, Snyder K, et al. The association of calcium and vitamin D with risk of colorectal adenomas. J Nutr. 2005 Feb;135(2):252-9.<\/p>\n<p>[6]John EM, Schwartz GG, Koo J, Van Den BD, Ingles SA. Sun exposure, vitamin D receptor gene polymorphisms, and risk of advanced prostate cancer. Cancer Res. 2005 Jun 15;65(12):5470-9.<\/p>\n<p>[7] Woo TC, Choo R, Jamieson M, Chander S, Vieth R. Pilot study: potential role of vitamin D (Cholecalciferol) in patients with PSA relapse after definitive therapy. Nutr Cancer. 2005;51(1):32-6.<\/p>\n<p>[8] van Veldhuizen PJ, Taylor SA, Williamson S, Drees BM. Treatment of vitamin D deficiency in patients with metastatic prostate cancer may improve bone pain and muscle strength. J Urol. 2000 Jan;163(1):187-90.<\/p>\n<p>[9] Zhou W, Suk R, Liu G, et al. Vitamin D is associated with imrpoved survival in early-stage non-small cell lung cancer patients. Cancer Epidemiol Biomarkers Prev. 2005 Oct;14(10):2303-9.<\/p>\n<p>[10] Nakagawa K, Kawaura A, Kato S, Takeda E, Okano T. 1 alpha,25-Dihydroxyvitamin D(3) is a preventive factor in the metastasis of lung cancer. Carcinogenesis. 2005 Feb;26(2):429-40.<\/p>\n<p>www.lef.org<\/p>\n<div style=\"padding-bottom:20px; padding-top:10px;\" class=\"hupso-share-buttons\"><!-- Hupso Share Buttons - https:\/\/www.hupso.com\/share\/ --><a class=\"hupso_toolbar\" href=\"https:\/\/www.hupso.com\/share\/\"><img decoding=\"async\" src=\"https:\/\/static.hupso.com\/share\/buttons\/lang\/da\/share-small.png\" style=\"border:0px; padding-top: 5px; float:left;\" alt=\"Share Button\"\/><\/a><script type=\"text\/javascript\">var hupso_services_t=new Array(\"Twitter\",\"Facebook\",\"Google Plus\",\"Pinterest\",\"Linkedin\");var hupso_background_t=\"#EAF4FF\";var hupso_border_t=\"#66CCFF\";var hupso_toolbar_size_t=\"small\";var hupso_image_folder_url = \"\";var hupso_url_t=\"\";var hupso_title_t=\"D-vitamin%20kan%20forebygge%20og%20anvendes%20i%20behandlingen%20af%20kr%C3%A6ft\";<\/script><script type=\"text\/javascript\" src=\"https:\/\/static.hupso.com\/share\/js\/share_toolbar.js\"><\/script><!-- Hupso Share Buttons --><\/div>","protected":false},"excerpt":{"rendered":"<p>De senere \u00e5rs forskning producerer mange overraskende resultater om D-vitamins potentielle rolle i forhold til kr\u00e6ft og andre sygdomme som bl.a. sclerose, type-1 diabetes, osteoperose, bl\u00f8dende tandk\u00f8d, muskelsmerter og leddegigt. Forskere har unders\u00f8gt brugen ad D-vitamin til reduktion af risikoen &hellip; <a href=\"https:\/\/www.naardiagnosenerkraeft.dk\/?page_id=643\">L\u00e6s resten <span class=\"meta-nav\">&rarr;<\/span><\/a><\/p>\n<div style=\"padding-bottom:20px; padding-top:10px;\" class=\"hupso-share-buttons\"><!-- Hupso Share Buttons - https:\/\/www.hupso.com\/share\/ --><a class=\"hupso_toolbar\" href=\"https:\/\/www.hupso.com\/share\/\"><img src=\"https:\/\/static.hupso.com\/share\/buttons\/lang\/da\/share-small.png\" style=\"border:0px; padding-top: 5px; float:left;\" alt=\"Share Button\"\/><\/a><script type=\"text\/javascript\">var hupso_services_t=new Array(\"Twitter\",\"Facebook\",\"Google Plus\",\"Pinterest\",\"Linkedin\");var hupso_background_t=\"#EAF4FF\";var hupso_border_t=\"#66CCFF\";var hupso_toolbar_size_t=\"small\";var hupso_image_folder_url = \"\";var hupso_url_t=\"\";var hupso_title_t=\"D-vitamin%20kan%20forebygge%20og%20anvendes%20i%20behandlingen%20af%20kr%C3%A6ft\";<\/script><script type=\"text\/javascript\" src=\"https:\/\/static.hupso.com\/share\/js\/share_toolbar.js\"><\/script><!-- Hupso Share Buttons --><\/div>","protected":false},"author":2,"featured_media":0,"parent":0,"menu_order":0,"comment_status":"closed","ping_status":"closed","template":"","meta":{"footnotes":""},"class_list":["post-643","page","type-page","status-publish","hentry"],"_links":{"self":[{"href":"https:\/\/www.naardiagnosenerkraeft.dk\/index.php?rest_route=\/wp\/v2\/pages\/643","targetHints":{"allow":["GET"]}}],"collection":[{"href":"https:\/\/www.naardiagnosenerkraeft.dk\/index.php?rest_route=\/wp\/v2\/pages"}],"about":[{"href":"https:\/\/www.naardiagnosenerkraeft.dk\/index.php?rest_route=\/wp\/v2\/types\/page"}],"author":[{"embeddable":true,"href":"https:\/\/www.naardiagnosenerkraeft.dk\/index.php?rest_route=\/wp\/v2\/users\/2"}],"replies":[{"embeddable":true,"href":"https:\/\/www.naardiagnosenerkraeft.dk\/index.php?rest_route=%2Fwp%2Fv2%2Fcomments&post=643"}],"version-history":[{"count":1,"href":"https:\/\/www.naardiagnosenerkraeft.dk\/index.php?rest_route=\/wp\/v2\/pages\/643\/revisions"}],"predecessor-version":[{"id":644,"href":"https:\/\/www.naardiagnosenerkraeft.dk\/index.php?rest_route=\/wp\/v2\/pages\/643\/revisions\/644"}],"wp:attachment":[{"href":"https:\/\/www.naardiagnosenerkraeft.dk\/index.php?rest_route=%2Fwp%2Fv2%2Fmedia&parent=643"}],"curies":[{"name":"wp","href":"https:\/\/api.w.org\/{rel}","templated":true}]}}